{"id":967,"date":"2024-10-10T13:02:24","date_gmt":"2024-10-10T11:02:24","guid":{"rendered":"http:\/\/angelikaherta.com\/?page_id=967"},"modified":"2024-12-08T18:58:35","modified_gmt":"2024-12-08T17:58:35","slug":"wir-tiere","status":"publish","type":"page","link":"https:\/\/angelikaherta.com\/en\/wir-tiere\/","title":{"rendered":"Wir Tiere \u2013 2022 -mit Doppelmenu"},"content":{"rendered":"\n[et_pb_section fb_built=&#8220;1&#8243; fullwidth=&#8220;on&#8220; _builder_version=&#8220;4.27.3&#8243; _module_preset=&#8220;default&#8220; background_color=&#8220;RGBA(255,255,255,0)&#8220; positioning=&#8220;absolute&#8220; global_colors_info=&#8220;{}&#8220;][et_pb_fullwidth_menu menu_id=&#8220;19&#8243; active_link_color=&#8220;#FFFFFF&#8220; dropdown_menu_bg_color=&#8220;RGBA(255,255,255,0)&#8220; dropdown_menu_line_color=&#8220;RGBA(255,255,255,0)&#8220; dropdown_menu_text_color=&#8220;#c9c9c9&#8243; dropdown_menu_active_link_color=&#8220;#FFFFFF&#8220; mobile_menu_bg_color=&#8220;#000000&#8243; mobile_menu_text_color=&#8220;#FFFFFF&#8220; logo=&#8220;https:\/\/angelikaherta.com\/wp-content\/uploads\/2024\/10\/Logo-roter-Punkt-1.jpg&#8220; logo_url=&#8220;www.angelikaherta.com&#8220; disabled_on=&#8220;on|on|off&#8220; module_class=&#8220;vertical-menu&#8220; _builder_version=&#8220;4.27.3&#8243; _module_preset=&#8220;default&#8220; menu_font=&#8220;Poppins|700|||||||&#8220; menu_text_color=&#8220;#cccccc&#8220; menu_font_size=&#8220;17px&#8220; background_color=&#8220;RGBA(255,255,255,0)&#8220; positioning=&#8220;fixed&#8220; position_origin_a_tablet=&#8220;&#8220; position_origin_a_phone=&#8220;&#8220; position_origin_a_last_edited=&#8220;on|desktop&#8220; position_origin_f_tablet=&#8220;&#8220; position_origin_f_phone=&#8220;&#8220; position_origin_f_last_edited=&#8220;on|desktop&#8220; position_origin_r_tablet=&#8220;&#8220; position_origin_r_phone=&#8220;&#8220; position_origin_r_last_edited=&#8220;on|desktop&#8220; width=&#8220;100%&#8220; positioning_tablet=&#8220;fixed&#8220; positioning_phone=&#8220;fixed&#8220; positioning_last_edited=&#8220;on|desktop&#8220; global_colors_info=&#8220;{}&#8220;][\/et_pb_fullwidth_menu][et_pb_fullwidth_menu menu_id=&#8220;18&#8243; menu_style=&#8220;centered&#8220; dropdown_menu_bg_color=&#8220;#000000&#8243; dropdown_menu_line_color=&#8220;RGBA(255,255,255,0)&#8220; dropdown_menu_text_color=&#8220;#FFFFFF&#8220; dropdown_menu_active_link_color=&#8220;#FFFFFF&#8220; mobile_menu_bg_color=&#8220;#000000&#8243; mobile_menu_text_color=&#8220;#FFFFFF&#8220; menu_icon_color=&#8220;#FFFFFF&#8220; disabled_on=&#8220;off|off|on&#8220; _builder_version=&#8220;4.27.3&#8243; _module_preset=&#8220;default&#8220; menu_font=&#8220;Poppins|700|||||||&#8220; menu_font_size=&#8220;17px&#8220; menu_line_height=&#8220;0.9em&#8220; background_color=&#8220;RGBA(255,255,255,0)&#8220; position_origin_a=&#8220;top_center&#8220; position_origin_a_tablet=&#8220;&#8220; position_origin_a_phone=&#8220;&#8220; position_origin_a_last_edited=&#8220;on|desktop&#8220; position_origin_f_tablet=&#8220;&#8220; position_origin_f_phone=&#8220;&#8220; position_origin_f_last_edited=&#8220;on|desktop&#8220; position_origin_r_tablet=&#8220;&#8220; position_origin_r_phone=&#8220;&#8220; position_origin_r_last_edited=&#8220;on|desktop&#8220; width=&#8220;100%&#8220; sticky_position=&#8220;top&#8220; scroll_vertical_motion_enable=&#8220;off&#8220; menu_font_tablet=&#8220;Poppins|600|||||||&#8220; menu_font_phone=&#8220;Poppins|600|||||||&#8220; menu_font_last_edited=&#8220;on|phone&#8220; positioning_tablet=&#8220;absolute&#8220; positioning_phone=&#8220;absolute&#8220; positioning_last_edited=&#8220;on|phone&#8220; sticky_position_tablet=&#8220;&#8220; sticky_position_phone=&#8220;top&#8220; sticky_position_last_edited=&#8220;on|phone&#8220; sticky_limit_top_tablet=&#8220;&#8220; sticky_limit_top_phone=&#8220;&#8220; sticky_limit_top_last_edited=&#8220;on|phone&#8220; global_colors_info=&#8220;{}&#8220;][\/et_pb_fullwidth_menu][\/et_pb_section][et_pb_section fb_built=&#8220;1&#8243; _builder_version=&#8220;4.27.3&#8243; _module_preset=&#8220;default&#8220; background_image=&#8220;https:\/\/angelikaherta.com\/wp-content\/uploads\/2024\/11\/Hintergrund-2.png&#8220; parallax=&#8220;on&#8220; parallax_method=&#8220;off&#8220; positioning=&#8220;absolute&#8220; position_origin_a_tablet=&#8220;&#8220; position_origin_a_phone=&#8220;&#8220; position_origin_a_last_edited=&#8220;on|phone&#8220; position_origin_f_tablet=&#8220;&#8220; position_origin_f_phone=&#8220;&#8220; position_origin_f_last_edited=&#8220;on|tablet&#8220; position_origin_r_tablet=&#8220;&#8220; position_origin_r_phone=&#8220;&#8220; position_origin_r_last_edited=&#8220;on|tablet&#8220; min_height=&#8220;100vh&#8220; background_last_edited=&#8220;on|phone&#8220; background_image_tablet=&#8220;https:\/\/angelikaherta.com\/wp-content\/uploads\/2024\/10\/weisse-Linien-Ipad-neu-1024&#215;576.jpg&#8220; background_image_phone=&#8220;https:\/\/angelikaherta.com\/wp-content\/uploads\/2024\/12\/hintergrund-mobil-wirtiere.png&#8220; background_enable_image_tablet=&#8220;on&#8220; background_enable_image_phone=&#8220;on&#8220; parallax_tablet=&#8220;off&#8220; parallax_phone=&#8220;off&#8220; positioning_tablet=&#8220;absolute&#8220; positioning_phone=&#8220;relative&#8220; positioning_last_edited=&#8220;on|tablet&#8220; global_colors_info=&#8220;{}&#8220;][et_pb_row _builder_version=&#8220;4.27.2&#8243; _module_preset=&#8220;default&#8220; global_colors_info=&#8220;{}&#8220;][et_pb_column type=&#8220;4_4&#8243; _builder_version=&#8220;4.27.2&#8243; _module_preset=&#8220;default&#8220; global_colors_info=&#8220;{}&#8220;][et_pb_slider show_image_video_mobile=&#8220;on&#8220; disabled_on=&#8220;on|on|off&#8220; _builder_version=&#8220;4.27.2&#8243; _module_preset=&#8220;default&#8220; background_color=&#8220;RGBA(255,255,255,0)&#8220; global_colors_info=&#8220;{}&#8220;][et_pb_slide _builder_version=&#8220;4.27.2&#8243; _module_preset=&#8220;default&#8220; global_colors_info=&#8220;{}&#8220; sticky_transition=&#8220;on&#8220;]<p><img loading=\"lazy\" decoding=\"async\" src=\"https:\/\/angelikaherta.com\/wp-content\/uploads\/2024\/09\/Wir_Tiere_00_vorschaubild_\u00a9FilipJacobson-1024x576.jpg\" width=\"1024\" height=\"576\" alt=\"\" class=\"wp-image-234 alignnone size-large\" srcset=\"https:\/\/angelikaherta.com\/wp-content\/uploads\/2024\/09\/Wir_Tiere_00_vorschaubild_\u00a9FilipJacobson-1024x576.jpg 1024w, https:\/\/angelikaherta.com\/wp-content\/uploads\/2024\/09\/Wir_Tiere_00_vorschaubild_\u00a9FilipJacobson-300x169.jpg 300w, https:\/\/angelikaherta.com\/wp-content\/uploads\/2024\/09\/Wir_Tiere_00_vorschaubild_\u00a9FilipJacobson-768x432.jpg 768w, https:\/\/angelikaherta.com\/wp-content\/uploads\/2024\/09\/Wir_Tiere_00_vorschaubild_\u00a9FilipJacobson-1536x864.jpg 1536w, https:\/\/angelikaherta.com\/wp-content\/uploads\/2024\/09\/Wir_Tiere_00_vorschaubild_\u00a9FilipJacobson-1080x608.jpg 1080w, https:\/\/angelikaherta.com\/wp-content\/uploads\/2024\/09\/Wir_Tiere_00_vorschaubild_\u00a9FilipJacobson-1280x720.jpg 1280w, https:\/\/angelikaherta.com\/wp-content\/uploads\/2024\/09\/Wir_Tiere_00_vorschaubild_\u00a9FilipJacobson-980x551.jpg 980w, https:\/\/angelikaherta.com\/wp-content\/uploads\/2024\/09\/Wir_Tiere_00_vorschaubild_\u00a9FilipJacobson-480x270.jpg 480w, https:\/\/angelikaherta.com\/wp-content\/uploads\/2024\/09\/Wir_Tiere_00_vorschaubild_\u00a9FilipJacobson.jpg 1920w\" sizes=\"(max-width: 1024px) 100vw, 1024px\" \/><\/p>[\/et_pb_slide][et_pb_slide _builder_version=&#8220;4.27.2&#8243; _module_preset=&#8220;default&#8220; global_colors_info=&#8220;{}&#8220; sticky_transition=&#8220;on&#8220;]<p><img loading=\"lazy\" decoding=\"async\" src=\"https:\/\/angelikaherta.com\/wp-content\/uploads\/2024\/10\/Wir_Tiere_02_\u00a9FilipJacobson-Vorschaubild-klein.jpg\" width=\"886\" height=\"498\" alt=\"\" class=\"wp-image-586 alignnone size-full\" srcset=\"https:\/\/angelikaherta.com\/wp-content\/uploads\/2024\/10\/Wir_Tiere_02_\u00a9FilipJacobson-Vorschaubild-klein.jpg 886w, https:\/\/angelikaherta.com\/wp-content\/uploads\/2024\/10\/Wir_Tiere_02_\u00a9FilipJacobson-Vorschaubild-klein-300x169.jpg 300w, https:\/\/angelikaherta.com\/wp-content\/uploads\/2024\/10\/Wir_Tiere_02_\u00a9FilipJacobson-Vorschaubild-klein-768x432.jpg 768w, https:\/\/angelikaherta.com\/wp-content\/uploads\/2024\/10\/Wir_Tiere_02_\u00a9FilipJacobson-Vorschaubild-klein-480x270.jpg 480w\" sizes=\"(max-width: 886px) 100vw, 886px\" \/><\/p>[\/et_pb_slide][\/et_pb_slider][et_pb_image src=&#8220;https:\/\/angelikaherta.com\/wp-content\/uploads\/2024\/09\/Wir_Tiere_00_vorschaubild_\u00a9FilipJacobson-300&#215;169.jpg&#8220; title_text=&#8220;Wir_Tiere_00_vorschaubild_\u00a9FilipJacobson&#8220; align=&#8220;center&#8220; disabled_on=&#8220;off|off|on&#8220; _builder_version=&#8220;4.27.2&#8243; _module_preset=&#8220;default&#8220; custom_margin=&#8220;0px||||false|false&#8220; custom_padding=&#8220;80px||||false|false&#8220; global_colors_info=&#8220;{}&#8220;][\/et_pb_image][et_pb_heading title=&#8220;WIR TIERE&#8220; admin_label=&#8220;\u00dcberschrift H1&#8243; _builder_version=&#8220;4.27.3&#8243; _module_preset=&#8220;default&#8220; title_font=&#8220;|600|||||||&#8220; title_text_align=&#8220;center&#8220; title_text_color=&#8220;#d8d8d8&#8243; global_colors_info=&#8220;{}&#8220;][\/et_pb_heading][et_pb_heading title=&#8220;Dokumentarischer Kurzfilm, 13min, Deutschland, 2022 \u2013 Farbe, Stereo&#8220; _builder_version=&#8220;4.27.4&#8243; _module_preset=&#8220;default&#8220; title_level=&#8220;h2&#8243; title_font=&#8220;|600|||||||&#8220; title_text_align=&#8220;center&#8220; title_text_color=&#8220;#d3d3d3&#8243; title_font_size=&#8220;17px&#8220; title_line_height=&#8220;1.4em&#8220; width=&#8220;60%&#8220; width_tablet=&#8220;60%&#8220; width_phone=&#8220;90%&#8220; width_last_edited=&#8220;on|desktop&#8220; module_alignment=&#8220;center&#8220; global_colors_info=&#8220;{}&#8220;][\/et_pb_heading][et_pb_text _builder_version=&#8220;4.27.3&#8243; _module_preset=&#8220;default&#8220; text_text_color=&#8220;#c9c9c9&#8243; width=&#8220;60%&#8220; width_tablet=&#8220;60%&#8220; width_phone=&#8220;90%&#8220; width_last_edited=&#8220;on|desktop&#8220; max_width_tablet=&#8220;55%&#8220; max_width_phone=&#8220;100%&#8220; max_width_last_edited=&#8220;on|desktop&#8220; module_alignment=&#8220;center&#8220; global_colors_info=&#8220;{}&#8220;]<p style=\"text-align: center;\">&#8222;Wir Tiere&#8220; erz\u00e4hlt von der Freundschaft zwischen zwei jungen Frauen und den von ihnen geretteten Tieren und von ihrer Sehnsucht nach Verbundenheit. Der Film zeigt utopische Momente der Freiheit und Sch\u00f6nheit inmitten einer Realit\u00e4t, die von der Ausbeutung von Mensch und Tier lebt.<\/p>\n<p style=\"text-align: center;\">\u201cWir Tiere\u201d ist Teil des kollektiven Filmprojekts HUMAN\/NATURE der Filmwerkstatt M\u00fcnster und wurde durch das RKP &#8211; Regionale Kultur Programm NRW des Ministeriums f\u00fcr Kultur und Wissenschaft des Landes Nordrhein-Westfalen sowie durch die LWL-Kulturstiftung gef\u00f6rdert.<\/p>\n<p style=\"text-align: center;\"><strong>Screenings:<\/strong><br \/><em>HUMAN\/NATURE | Kurzfilme im Planetarium, LWL-Museums f\u00fcr Naturkunde, M\u00fcnster, 2022<\/em><br \/><em>Dokfenster, Dokumentarfilme f\u00fcr Schulklassen, Filmhauskino K\u00f6ln, 2023<\/em><\/p>\n<p style=\"text-align: center;\"><em><\/em><\/p>[\/et_pb_text][\/et_pb_column][\/et_pb_row][et_pb_row _builder_version=&#8220;4.27.2&#8243; _module_preset=&#8220;default&#8220; global_colors_info=&#8220;{}&#8220;][et_pb_column type=&#8220;4_4&#8243; _builder_version=&#8220;4.27.2&#8243; _module_preset=&#8220;default&#8220; global_colors_info=&#8220;{}&#8220;][et_pb_video src=&#8220;https:\/\/vimeo.com\/740023772\/0ba1fe8ebc?share=copy&#8220; _builder_version=&#8220;4.27.4&#8243; _module_preset=&#8220;default&#8220; transform_scale=&#8220;74%|74%&#8220; transform_scale_tablet=&#8220;&#8220; transform_scale_phone=&#8220;100%|100%&#8220; transform_scale_last_edited=&#8220;on|phone&#8220; transform_translate_tablet=&#8220;&#8220; transform_translate_phone=&#8220;&#8220; transform_translate_last_edited=&#8220;on|desktop&#8220; transform_rotate_tablet=&#8220;&#8220; transform_rotate_phone=&#8220;&#8220; transform_rotate_last_edited=&#8220;on|desktop&#8220; transform_skew_tablet=&#8220;&#8220; transform_skew_phone=&#8220;&#8220; transform_skew_last_edited=&#8220;on|desktop&#8220; transform_origin_tablet=&#8220;&#8220; transform_origin_phone=&#8220;&#8220; transform_origin_last_edited=&#8220;on|desktop&#8220; transform_styles_last_edited=&#8220;on|phone&#8220; transform_styles_tablet=&#8220;&#8220; transform_styles_phone=&#8220;&#8220; global_colors_info=&#8220;{}&#8220;][\/et_pb_video][\/et_pb_column][\/et_pb_row][\/et_pb_section]\n","protected":false},"excerpt":{"rendered":"<p>&#8222;Wir Tiere&#8220; erz\u00e4hlt von der Freundschaft zwischen zwei jungen Frauen und den von ihnen geretteten Tieren und von ihrer Sehnsucht nach Verbundenheit. Der Film zeigt utopische Momente der Freiheit und Sch\u00f6nheit inmitten einer Realit\u00e4t, die von der Ausbeutung von Mensch und Tier lebt. \u201cWir Tiere\u201d ist Teil des kollektiven Filmprojekts HUMAN\/NATURE der Filmwerkstatt M\u00fcnster und [&hellip;]<\/p>\n","protected":false},"author":1,"featured_media":0,"parent":0,"menu_order":0,"comment_status":"closed","ping_status":"closed","template":"","meta":{"_et_pb_use_builder":"on","_et_pb_old_content":"","_et_gb_content_width":"","footnotes":""},"class_list":["post-967","page","type-page","status-publish","hentry"],"yoast_head":"<!-- This site is optimized with the Yoast SEO plugin v24.0 - https:\/\/yoast.com\/wordpress\/plugins\/seo\/ -->\n<title>Wir Tiere \u2013 2022 -mit Doppelmenu - Angelika Herta<\/title>\n<meta name=\"robots\" content=\"index, follow, max-snippet:-1, max-image-preview:large, max-video-preview:-1\" \/>\n<link rel=\"canonical\" href=\"https:\/\/angelikaherta.com\/en\/wir-tiere\/\" \/>\n<meta property=\"og:locale\" content=\"en_GB\" \/>\n<meta property=\"og:type\" content=\"article\" \/>\n<meta property=\"og:title\" content=\"Wir Tiere \u2013 2022 -mit Doppelmenu - Angelika Herta\" \/>\n<meta property=\"og:description\" content=\"&quot;Wir Tiere&quot; erz\u00e4hlt von der Freundschaft zwischen zwei jungen Frauen und den von ihnen geretteten Tieren und von ihrer Sehnsucht nach Verbundenheit. Der Film zeigt utopische Momente der Freiheit und Sch\u00f6nheit inmitten einer Realit\u00e4t, die von der Ausbeutung von Mensch und Tier lebt. \u201cWir Tiere\u201d ist Teil des kollektiven Filmprojekts HUMAN\/NATURE der Filmwerkstatt M\u00fcnster und [&hellip;]\" \/>\n<meta property=\"og:url\" content=\"https:\/\/angelikaherta.com\/en\/wir-tiere\/\" \/>\n<meta property=\"og:site_name\" content=\"Angelika Herta\" \/>\n<meta property=\"article:publisher\" content=\"https:\/\/www.facebook.com\/undjetztBobkowski\/\" \/>\n<meta property=\"article:modified_time\" content=\"2024-12-08T17:58:35+00:00\" \/>\n<meta name=\"twitter:card\" content=\"summary_large_image\" \/>\n<meta name=\"twitter:label1\" content=\"Estimated reading time\" \/>\n\t<meta name=\"twitter:data1\" content=\"5 minutes\" \/>\n<script type=\"application\/ld+json\" class=\"yoast-schema-graph\">{\"@context\":\"https:\/\/schema.org\",\"@graph\":[{\"@type\":\"WebPage\",\"@id\":\"https:\/\/angelikaherta.com\/wir-tiere\/\",\"url\":\"https:\/\/angelikaherta.com\/wir-tiere\/\",\"name\":\"Wir Tiere \u2013 2022 -mit Doppelmenu - Angelika Herta\",\"isPartOf\":{\"@id\":\"https:\/\/angelikaherta.com\/#website\"},\"datePublished\":\"2024-10-10T11:02:24+00:00\",\"dateModified\":\"2024-12-08T17:58:35+00:00\",\"breadcrumb\":{\"@id\":\"https:\/\/angelikaherta.com\/wir-tiere\/#breadcrumb\"},\"inLanguage\":\"en-GB\",\"potentialAction\":[{\"@type\":\"ReadAction\",\"target\":[\"https:\/\/angelikaherta.com\/wir-tiere\/\"]}]},{\"@type\":\"BreadcrumbList\",\"@id\":\"https:\/\/angelikaherta.com\/wir-tiere\/#breadcrumb\",\"itemListElement\":[{\"@type\":\"ListItem\",\"position\":1,\"name\":\"Startseite\",\"item\":\"https:\/\/angelikaherta.com\/\"},{\"@type\":\"ListItem\",\"position\":2,\"name\":\"Wir Tiere \u2013 2022 -mit Doppelmenu\"}]},{\"@type\":\"WebSite\",\"@id\":\"https:\/\/angelikaherta.com\/#website\",\"url\":\"https:\/\/angelikaherta.com\/\",\"name\":\"Angelika Herta\",\"description\":\"\",\"potentialAction\":[{\"@type\":\"SearchAction\",\"target\":{\"@type\":\"EntryPoint\",\"urlTemplate\":\"https:\/\/angelikaherta.com\/?s={search_term_string}\"},\"query-input\":{\"@type\":\"PropertyValueSpecification\",\"valueRequired\":true,\"valueName\":\"search_term_string\"}}],\"inLanguage\":\"en-GB\"}]}<\/script>\n<!-- \/ Yoast SEO plugin. -->","yoast_head_json":{"title":"Wir Tiere \u2013 2022 -mit Doppelmenu - Angelika Herta","robots":{"index":"index","follow":"follow","max-snippet":"max-snippet:-1","max-image-preview":"max-image-preview:large","max-video-preview":"max-video-preview:-1"},"canonical":"https:\/\/angelikaherta.com\/en\/wir-tiere\/","og_locale":"en_GB","og_type":"article","og_title":"Wir Tiere \u2013 2022 -mit Doppelmenu - Angelika Herta","og_description":"\"Wir Tiere\" erz\u00e4hlt von der Freundschaft zwischen zwei jungen Frauen und den von ihnen geretteten Tieren und von ihrer Sehnsucht nach Verbundenheit. Der Film zeigt utopische Momente der Freiheit und Sch\u00f6nheit inmitten einer Realit\u00e4t, die von der Ausbeutung von Mensch und Tier lebt. \u201cWir Tiere\u201d ist Teil des kollektiven Filmprojekts HUMAN\/NATURE der Filmwerkstatt M\u00fcnster und [&hellip;]","og_url":"https:\/\/angelikaherta.com\/en\/wir-tiere\/","og_site_name":"Angelika Herta","article_publisher":"https:\/\/www.facebook.com\/undjetztBobkowski\/","article_modified_time":"2024-12-08T17:58:35+00:00","twitter_card":"summary_large_image","twitter_misc":{"Estimated reading time":"5 minutes"},"schema":{"@context":"https:\/\/schema.org","@graph":[{"@type":"WebPage","@id":"https:\/\/angelikaherta.com\/wir-tiere\/","url":"https:\/\/angelikaherta.com\/wir-tiere\/","name":"Wir Tiere \u2013 2022 -mit Doppelmenu - Angelika Herta","isPartOf":{"@id":"https:\/\/angelikaherta.com\/#website"},"datePublished":"2024-10-10T11:02:24+00:00","dateModified":"2024-12-08T17:58:35+00:00","breadcrumb":{"@id":"https:\/\/angelikaherta.com\/wir-tiere\/#breadcrumb"},"inLanguage":"en-GB","potentialAction":[{"@type":"ReadAction","target":["https:\/\/angelikaherta.com\/wir-tiere\/"]}]},{"@type":"BreadcrumbList","@id":"https:\/\/angelikaherta.com\/wir-tiere\/#breadcrumb","itemListElement":[{"@type":"ListItem","position":1,"name":"Startseite","item":"https:\/\/angelikaherta.com\/"},{"@type":"ListItem","position":2,"name":"Wir Tiere \u2013 2022 -mit Doppelmenu"}]},{"@type":"WebSite","@id":"https:\/\/angelikaherta.com\/#website","url":"https:\/\/angelikaherta.com\/","name":"Angelika Herta","description":"","potentialAction":[{"@type":"SearchAction","target":{"@type":"EntryPoint","urlTemplate":"https:\/\/angelikaherta.com\/?s={search_term_string}"},"query-input":{"@type":"PropertyValueSpecification","valueRequired":true,"valueName":"search_term_string"}}],"inLanguage":"en-GB"}]}},"_links":{"self":[{"href":"https:\/\/angelikaherta.com\/en\/wp-json\/wp\/v2\/pages\/967","targetHints":{"allow":["GET"]}}],"collection":[{"href":"https:\/\/angelikaherta.com\/en\/wp-json\/wp\/v2\/pages"}],"about":[{"href":"https:\/\/angelikaherta.com\/en\/wp-json\/wp\/v2\/types\/page"}],"author":[{"embeddable":true,"href":"https:\/\/angelikaherta.com\/en\/wp-json\/wp\/v2\/users\/1"}],"replies":[{"embeddable":true,"href":"https:\/\/angelikaherta.com\/en\/wp-json\/wp\/v2\/comments?post=967"}],"version-history":[{"count":22,"href":"https:\/\/angelikaherta.com\/en\/wp-json\/wp\/v2\/pages\/967\/revisions"}],"predecessor-version":[{"id":4150,"href":"https:\/\/angelikaherta.com\/en\/wp-json\/wp\/v2\/pages\/967\/revisions\/4150"}],"wp:attachment":[{"href":"https:\/\/angelikaherta.com\/en\/wp-json\/wp\/v2\/media?parent=967"}],"curies":[{"name":"wp","href":"https:\/\/api.w.org\/{rel}","templated":true}]}}