{"id":963,"date":"2024-10-10T13:01:57","date_gmt":"2024-10-10T11:01:57","guid":{"rendered":"http:\/\/angelikaherta.com\/?page_id=963"},"modified":"2025-06-05T11:14:48","modified_gmt":"2025-06-05T09:14:48","slug":"verschwinden","status":"publish","type":"page","link":"https:\/\/angelikaherta.com\/en\/verschwinden\/","title":{"rendered":"disappearing \u20132021"},"content":{"rendered":"<p>[et_pb_section fb_built=&#8220;1&#8243; _builder_version=&#8220;4.27.3&#8243; _module_preset=&#8220;default&#8220; background_image=&#8220;https:\/\/angelikaherta.com\/wp-content\/uploads\/2024\/11\/Hintergrund-3.png&#8220; parallax=&#8220;on&#8220; parallax_method=&#8220;off&#8220; positioning=&#8220;absolute&#8220; position_origin_a_tablet=&#8220;&#8220; position_origin_a_phone=&#8220;&#8220; position_origin_a_last_edited=&#8220;on|phone&#8220; position_origin_f_tablet=&#8220;&#8220; position_origin_f_phone=&#8220;&#8220; position_origin_f_last_edited=&#8220;on|tablet&#8220; position_origin_r_tablet=&#8220;&#8220; position_origin_r_phone=&#8220;&#8220; position_origin_r_last_edited=&#8220;on|tablet&#8220; min_height=&#8220;100vh&#8220; background_last_edited=&#8220;on|phone&#8220; background_image_tablet=&#8220;https:\/\/angelikaherta.com\/wp-content\/uploads\/2024\/10\/weisse-Linien-Ipad-neu-1024&#215;576.jpg&#8220; background_image_phone=&#8220;https:\/\/angelikaherta.com\/wp-content\/uploads\/2024\/12\/hintergrund-mobil-verschiwnden.png&#8220; background_enable_image_tablet=&#8220;on&#8220; background_enable_image_phone=&#8220;on&#8220; parallax_tablet=&#8220;off&#8220; parallax_phone=&#8220;off&#8220; positioning_tablet=&#8220;absolute&#8220; positioning_phone=&#8220;relative&#8220; positioning_last_edited=&#8220;on|tablet&#8220; global_colors_info=&#8220;{}&#8220;][et_pb_row _builder_version=&#8220;4.27.2&#8243; _module_preset=&#8220;default&#8220; global_colors_info=&#8220;{}&#8220;][et_pb_column type=&#8220;4_4&#8243; _builder_version=&#8220;4.27.2&#8243; _module_preset=&#8220;default&#8220; global_colors_info=&#8220;{}&#8220;][et_pb_slider show_image_video_mobile=&#8220;on&#8220; disabled_on=&#8220;on|on|off&#8220; _builder_version=&#8220;4.27.4&#8243; _module_preset=&#8220;default&#8220; background_color=&#8220;RGBA(255,255,255,0)&#8220; global_colors_info=&#8220;{}&#8220;][et_pb_slide _builder_version=&#8220;4.27.4&#8243; _module_preset=&#8220;default&#8220; global_colors_info=&#8220;{}&#8220; sticky_transition=&#8220;on&#8220;]<img loading=\"lazy\" decoding=\"async\" src=\"https:\/\/angelikaherta.com\/wp-content\/uploads\/2024\/11\/verschwinden_00_\u00a9martinparet_vorschaubild-klein.jpg\" width=\"850\" height=\"364\" alt=\"Eine Frau nachts in einem Auto.\" class=\"wp-image-1849 size-full\" srcset=\"https:\/\/angelikaherta.com\/wp-content\/uploads\/2024\/11\/verschwinden_00_\u00a9martinparet_vorschaubild-klein.jpg 850w, https:\/\/angelikaherta.com\/wp-content\/uploads\/2024\/11\/verschwinden_00_\u00a9martinparet_vorschaubild-klein-300x128.jpg 300w, https:\/\/angelikaherta.com\/wp-content\/uploads\/2024\/11\/verschwinden_00_\u00a9martinparet_vorschaubild-klein-768x329.jpg 768w, https:\/\/angelikaherta.com\/wp-content\/uploads\/2024\/11\/verschwinden_00_\u00a9martinparet_vorschaubild-klein-18x8.jpg 18w, https:\/\/angelikaherta.com\/wp-content\/uploads\/2024\/11\/verschwinden_00_\u00a9martinparet_vorschaubild-klein-480x206.jpg 480w\" sizes=\"(max-width: 850px) 100vw, 850px\" \/>[\/et_pb_slide][et_pb_slide _builder_version=&#8220;4.27.4&#8243; _module_preset=&#8220;default&#8220; global_colors_info=&#8220;{}&#8220; sticky_transition=&#8220;on&#8220;]<img loading=\"lazy\" decoding=\"async\" src=\"https:\/\/angelikaherta.com\/wp-content\/uploads\/2024\/11\/verschwinden_02_\u00a9martinparet-klein.jpg\" width=\"1134\" height=\"477\" alt=\"Meer mit Kielwasser. In der Ferne eine Insel.\" class=\"wp-image-1847 size-full\" srcset=\"https:\/\/angelikaherta.com\/wp-content\/uploads\/2024\/11\/verschwinden_02_\u00a9martinparet-klein.jpg 1134w, https:\/\/angelikaherta.com\/wp-content\/uploads\/2024\/11\/verschwinden_02_\u00a9martinparet-klein-300x126.jpg 300w, https:\/\/angelikaherta.com\/wp-content\/uploads\/2024\/11\/verschwinden_02_\u00a9martinparet-klein-1024x431.jpg 1024w, https:\/\/angelikaherta.com\/wp-content\/uploads\/2024\/11\/verschwinden_02_\u00a9martinparet-klein-768x323.jpg 768w, https:\/\/angelikaherta.com\/wp-content\/uploads\/2024\/11\/verschwinden_02_\u00a9martinparet-klein-18x8.jpg 18w, https:\/\/angelikaherta.com\/wp-content\/uploads\/2024\/11\/verschwinden_02_\u00a9martinparet-klein-1080x454.jpg 1080w, https:\/\/angelikaherta.com\/wp-content\/uploads\/2024\/11\/verschwinden_02_\u00a9martinparet-klein-980x412.jpg 980w, https:\/\/angelikaherta.com\/wp-content\/uploads\/2024\/11\/verschwinden_02_\u00a9martinparet-klein-480x202.jpg 480w\" sizes=\"(max-width: 1134px) 100vw, 1134px\" \/>[\/et_pb_slide][et_pb_slide _builder_version=&#8220;4.27.4&#8243; _module_preset=&#8220;default&#8220; global_colors_info=&#8220;{}&#8220; sticky_transition=&#8220;on&#8220;]<img loading=\"lazy\" decoding=\"async\" src=\"https:\/\/angelikaherta.com\/wp-content\/uploads\/2024\/10\/verschwinden_04_\u00a9martinparet-Vorschaubild-klein-neu2.jpg\" width=\"850\" height=\"464\" alt=\"Frau sitzt nachts an einem Tisch, auf dem Gegenst\u00e4nde liegen.\" class=\"wp-image-1205 size-full\" srcset=\"https:\/\/angelikaherta.com\/wp-content\/uploads\/2024\/10\/verschwinden_04_\u00a9martinparet-Vorschaubild-klein-neu2.jpg 850w, https:\/\/angelikaherta.com\/wp-content\/uploads\/2024\/10\/verschwinden_04_\u00a9martinparet-Vorschaubild-klein-neu2-300x164.jpg 300w, https:\/\/angelikaherta.com\/wp-content\/uploads\/2024\/10\/verschwinden_04_\u00a9martinparet-Vorschaubild-klein-neu2-768x419.jpg 768w, https:\/\/angelikaherta.com\/wp-content\/uploads\/2024\/10\/verschwinden_04_\u00a9martinparet-Vorschaubild-klein-neu2-480x262.jpg 480w\" sizes=\"(max-width: 850px) 100vw, 850px\" \/>[\/et_pb_slide][et_pb_slide _builder_version=&#8220;4.27.4&#8243; _module_preset=&#8220;default&#8220; global_colors_info=&#8220;{}&#8220; sticky_transition=&#8220;on&#8220;]<img loading=\"lazy\" decoding=\"async\" src=\"https:\/\/angelikaherta.com\/wp-content\/uploads\/2024\/11\/verschwinden_05_\u00a9martinparet-klein-1024x428.jpg\" width=\"1024\" height=\"428\" alt=\"Kinderzahnb\u00fcrste mit abgenutzten Borsten.\" class=\"wp-image-1848 size-large\" srcset=\"https:\/\/angelikaherta.com\/wp-content\/uploads\/2024\/11\/verschwinden_05_\u00a9martinparet-klein-1024x428.jpg 1024w, https:\/\/angelikaherta.com\/wp-content\/uploads\/2024\/11\/verschwinden_05_\u00a9martinparet-klein-300x125.jpg 300w, https:\/\/angelikaherta.com\/wp-content\/uploads\/2024\/11\/verschwinden_05_\u00a9martinparet-klein-768x321.jpg 768w, https:\/\/angelikaherta.com\/wp-content\/uploads\/2024\/11\/verschwinden_05_\u00a9martinparet-klein-18x8.jpg 18w, https:\/\/angelikaherta.com\/wp-content\/uploads\/2024\/11\/verschwinden_05_\u00a9martinparet-klein-1080x451.jpg 1080w, https:\/\/angelikaherta.com\/wp-content\/uploads\/2024\/11\/verschwinden_05_\u00a9martinparet-klein-980x410.jpg 980w, https:\/\/angelikaherta.com\/wp-content\/uploads\/2024\/11\/verschwinden_05_\u00a9martinparet-klein-480x201.jpg 480w, https:\/\/angelikaherta.com\/wp-content\/uploads\/2024\/11\/verschwinden_05_\u00a9martinparet-klein.jpg 1134w\" sizes=\"(max-width: 1024px) 100vw, 1024px\" \/>[\/et_pb_slide][et_pb_slide _builder_version=&#8220;4.27.4&#8243; _module_preset=&#8220;default&#8220; global_colors_info=&#8220;{}&#8220; sticky_transition=&#8220;on&#8220;]<img loading=\"lazy\" decoding=\"async\" src=\"https:\/\/angelikaherta.com\/wp-content\/uploads\/2024\/11\/verschwinden_01_\u00a9martinparet-klein.jpg\" width=\"1134\" height=\"478\" alt=\"Frau steht vor einem Auto und blickt in die Ferne.\" class=\"wp-image-1846 size-full\" srcset=\"https:\/\/angelikaherta.com\/wp-content\/uploads\/2024\/11\/verschwinden_01_\u00a9martinparet-klein.jpg 1134w, https:\/\/angelikaherta.com\/wp-content\/uploads\/2024\/11\/verschwinden_01_\u00a9martinparet-klein-300x126.jpg 300w, https:\/\/angelikaherta.com\/wp-content\/uploads\/2024\/11\/verschwinden_01_\u00a9martinparet-klein-1024x432.jpg 1024w, https:\/\/angelikaherta.com\/wp-content\/uploads\/2024\/11\/verschwinden_01_\u00a9martinparet-klein-768x324.jpg 768w, https:\/\/angelikaherta.com\/wp-content\/uploads\/2024\/11\/verschwinden_01_\u00a9martinparet-klein-18x8.jpg 18w, https:\/\/angelikaherta.com\/wp-content\/uploads\/2024\/11\/verschwinden_01_\u00a9martinparet-klein-1080x455.jpg 1080w, https:\/\/angelikaherta.com\/wp-content\/uploads\/2024\/11\/verschwinden_01_\u00a9martinparet-klein-980x413.jpg 980w, https:\/\/angelikaherta.com\/wp-content\/uploads\/2024\/11\/verschwinden_01_\u00a9martinparet-klein-480x202.jpg 480w\" sizes=\"(max-width: 1134px) 100vw, 1134px\" \/>[\/et_pb_slide][\/et_pb_slider][et_pb_image src=&#8220;https:\/\/angelikaherta.com\/wp-content\/uploads\/2024\/11\/verschwinden_01_\u00a9martinparet-klein-300&#215;126.jpg&#8220; alt=&#8220;Frau steht vor einem Auto und blickt in die Ferne.&#8220; align=&#8220;center&#8220; disabled_on=&#8220;off|off|on&#8220; _builder_version=&#8220;4.27.4&#8243; _module_preset=&#8220;default&#8220; custom_margin=&#8220;0px||||false|false&#8220; custom_padding=&#8220;80px||||false|false&#8220; global_colors_info=&#8220;{}&#8220;][\/et_pb_image][et_pb_heading title=&#8220;verschwinden&#8220; admin_label=&#8220;\u00dcberschrift H1&#8243; _builder_version=&#8220;4.27.3&#8243; _module_preset=&#8220;default&#8220; title_font=&#8220;|600|||||||&#8220; title_text_align=&#8220;center&#8220; title_text_color=&#8220;#d8d8d8&#8243; global_colors_info=&#8220;{}&#8220;][\/et_pb_heading][et_pb_heading title=&#8220;Fotofilm, 29 Min, Deutschland\/Kroatien, 2021 \u2013  B\/W, Dolby 5.1 \u2013 Gef\u00f6rdert mit Pr\u00e4mienmitteln des BKM&#8220; _builder_version=&#8220;4.27.4&#8243; _module_preset=&#8220;default&#8220; title_level=&#8220;h2&#8243; title_font=&#8220;|600|||||||&#8220; title_text_align=&#8220;center&#8220; title_text_color=&#8220;#d3d3d3&#8243; title_font_size=&#8220;17px&#8220; title_line_height=&#8220;1.4em&#8220; width=&#8220;60%&#8220; width_tablet=&#8220;60%&#8220; width_phone=&#8220;90%&#8220; width_last_edited=&#8220;on|desktop&#8220; module_alignment=&#8220;center&#8220; hover_enabled=&#8220;0&#8243; global_colors_info=&#8220;{}&#8220; sticky_enabled=&#8220;0&#8243;][\/et_pb_heading][et_pb_text _builder_version=&#8220;4.27.4&#8243; _module_preset=&#8220;default&#8220; text_text_color=&#8220;#c9c9c9&#8243; width=&#8220;60%&#8220; width_tablet=&#8220;60%&#8220; width_phone=&#8220;90%&#8220; width_last_edited=&#8220;on|desktop&#8220; max_width_tablet=&#8220;55%&#8220; max_width_phone=&#8220;100%&#8220; max_width_last_edited=&#8220;on|desktop&#8220; module_alignment=&#8220;center&#8220; hover_enabled=&#8220;0&#8243; global_colors_info=&#8220;{}&#8220; sticky_enabled=&#8220;0&#8243;]<\/p>\n<p style=\"text-align: center;\">Mann und Tochter verschwinden pl\u00f6tzlich auf einer kleinen Insel im Adriatischen Meer. Die Frau bleibt zur\u00fcck mit den Dingen der Vermissten.<\/p>\n<p style=\"text-align: center;\">\u201everschwinden\u201c ist eine fragmentierte Geschichte \u00fcber den Verlust von Menschen und Dingen und \u00fcber den inneren Zustand, den ihr Verschwinden ausl\u00f6st. Es ist eine Geschichte, in der Zeit extrem langsam flie\u00dft. Es \u00f6ffnet sich der Raum zwischen den Bildern, die Leerstelle, die l\u00fcckenhafte Erinnerung. Der Film wurde inspiriert von einer Kurzgeschichte der Nobelpreistr\u00e4gerin Olga Tokarczuk.<\/p>\n<p style=\"text-align: center;\"><strong>Screenings:<\/strong><br \/><em>15. K\u00f6lner Kino N\u00e4chte, \u201eWoman make Film\u201c, Filmpalette K\u00f6ln, Juni 2023<\/em><\/p>\n<p><em> <\/em><\/p>\n<p><em><\/em><\/p>\n<p>[\/et_pb_text][\/et_pb_column][\/et_pb_row][et_pb_row _builder_version=&#8220;4.27.2&#8243; _module_preset=&#8220;default&#8220; global_colors_info=&#8220;{}&#8220;][et_pb_column type=&#8220;4_4&#8243; _builder_version=&#8220;4.27.2&#8243; _module_preset=&#8220;default&#8220; global_colors_info=&#8220;{}&#8220;][et_pb_video src=&#8220;https:\/\/vimeo.com\/574544507\/bdee742d06?share=copy&#8220; _builder_version=&#8220;4.27.4&#8243; _module_preset=&#8220;default&#8220; transform_scale=&#8220;74%|74%&#8220; transform_scale_tablet=&#8220;74%|74%&#8220; transform_scale_phone=&#8220;100%|100%&#8220; transform_scale_last_edited=&#8220;on|desktop&#8220; transform_translate_tablet=&#8220;&#8220; transform_translate_phone=&#8220;&#8220; transform_translate_last_edited=&#8220;on|desktop&#8220; transform_rotate_tablet=&#8220;&#8220; transform_rotate_phone=&#8220;&#8220; transform_rotate_last_edited=&#8220;on|desktop&#8220; transform_skew_tablet=&#8220;&#8220; transform_skew_phone=&#8220;&#8220; transform_skew_last_edited=&#8220;on|desktop&#8220; transform_origin_tablet=&#8220;&#8220; transform_origin_phone=&#8220;&#8220; transform_origin_last_edited=&#8220;on|desktop&#8220; transform_styles_last_edited=&#8220;on|desktop&#8220; transform_styles_tablet=&#8220;&#8220; transform_styles_phone=&#8220;&#8220; global_colors_info=&#8220;{}&#8220;][\/et_pb_video][\/et_pb_column][\/et_pb_row][\/et_pb_section]<\/p>\n","protected":false},"excerpt":{"rendered":"<p>Mann und Tochter verschwinden pl\u00f6tzlich auf einer kleinen Insel im Adriatischen Meer. Die Frau bleibt zur\u00fcck mit den Dingen der Vermissten. \u201everschwinden\u201c ist eine fragmentierte Geschichte \u00fcber den Verlust von Menschen und Dingen und \u00fcber den inneren Zustand, den ihr Verschwinden ausl\u00f6st. Es ist eine Geschichte, in der Zeit extrem langsam flie\u00dft. Es \u00f6ffnet sich [&hellip;]<\/p>\n","protected":false},"author":1,"featured_media":0,"parent":0,"menu_order":0,"comment_status":"closed","ping_status":"closed","template":"","meta":{"_et_pb_use_builder":"on","_et_pb_old_content":"","_et_gb_content_width":"","footnotes":""},"class_list":["post-963","page","type-page","status-publish","hentry"],"yoast_head":"<!-- This site is optimized with the Yoast SEO plugin v24.0 - https:\/\/yoast.com\/wordpress\/plugins\/seo\/ -->\n<title>verschwinden \u2013 2021 - Angelika Herta<\/title>\n<meta name=\"robots\" content=\"index, follow, max-snippet:-1, max-image-preview:large, max-video-preview:-1\" \/>\n<link rel=\"canonical\" href=\"https:\/\/angelikaherta.com\/en\/verschwinden\/\" \/>\n<meta property=\"og:locale\" content=\"en_GB\" \/>\n<meta property=\"og:type\" content=\"article\" \/>\n<meta property=\"og:title\" content=\"verschwinden \u2013 2021 - Angelika Herta\" \/>\n<meta property=\"og:description\" content=\"Mann und Tochter verschwinden pl\u00f6tzlich auf einer kleinen Insel im Adriatischen Meer. Die Frau bleibt zur\u00fcck mit den Dingen der Vermissten. \u201everschwinden\u201c ist eine fragmentierte Geschichte \u00fcber den Verlust von Menschen und Dingen und \u00fcber den inneren Zustand, den ihr Verschwinden ausl\u00f6st. Es ist eine Geschichte, in der Zeit extrem langsam flie\u00dft. Es \u00f6ffnet sich [&hellip;]\" \/>\n<meta property=\"og:url\" content=\"https:\/\/angelikaherta.com\/en\/verschwinden\/\" \/>\n<meta property=\"og:site_name\" content=\"Angelika Herta\" \/>\n<meta property=\"article:publisher\" content=\"https:\/\/www.facebook.com\/undjetztBobkowski\/\" \/>\n<meta property=\"article:modified_time\" content=\"2025-06-05T09:14:48+00:00\" \/>\n<meta name=\"twitter:card\" content=\"summary_large_image\" \/>\n<meta name=\"twitter:label1\" content=\"Estimated reading time\" \/>\n\t<meta name=\"twitter:data1\" content=\"3 minutes\" \/>\n<script type=\"application\/ld+json\" class=\"yoast-schema-graph\">{\"@context\":\"https:\/\/schema.org\",\"@graph\":[{\"@type\":\"WebPage\",\"@id\":\"https:\/\/angelikaherta.com\/verschwinden\/\",\"url\":\"https:\/\/angelikaherta.com\/verschwinden\/\",\"name\":\"verschwinden \u2013 2021 - Angelika Herta\",\"isPartOf\":{\"@id\":\"https:\/\/angelikaherta.com\/#website\"},\"datePublished\":\"2024-10-10T11:01:57+00:00\",\"dateModified\":\"2025-06-05T09:14:48+00:00\",\"breadcrumb\":{\"@id\":\"https:\/\/angelikaherta.com\/verschwinden\/#breadcrumb\"},\"inLanguage\":\"en-GB\",\"potentialAction\":[{\"@type\":\"ReadAction\",\"target\":[\"https:\/\/angelikaherta.com\/verschwinden\/\"]}]},{\"@type\":\"BreadcrumbList\",\"@id\":\"https:\/\/angelikaherta.com\/verschwinden\/#breadcrumb\",\"itemListElement\":[{\"@type\":\"ListItem\",\"position\":1,\"name\":\"Startseite\",\"item\":\"https:\/\/angelikaherta.com\/\"},{\"@type\":\"ListItem\",\"position\":2,\"name\":\"verschwinden \u2013 2021\"}]},{\"@type\":\"WebSite\",\"@id\":\"https:\/\/angelikaherta.com\/#website\",\"url\":\"https:\/\/angelikaherta.com\/\",\"name\":\"Angelika Herta\",\"description\":\"\",\"potentialAction\":[{\"@type\":\"SearchAction\",\"target\":{\"@type\":\"EntryPoint\",\"urlTemplate\":\"https:\/\/angelikaherta.com\/?s={search_term_string}\"},\"query-input\":{\"@type\":\"PropertyValueSpecification\",\"valueRequired\":true,\"valueName\":\"search_term_string\"}}],\"inLanguage\":\"en-GB\"}]}<\/script>\n<!-- \/ Yoast SEO plugin. -->","yoast_head_json":{"title":"verschwinden \u2013 2021 - Angelika Herta","robots":{"index":"index","follow":"follow","max-snippet":"max-snippet:-1","max-image-preview":"max-image-preview:large","max-video-preview":"max-video-preview:-1"},"canonical":"https:\/\/angelikaherta.com\/en\/verschwinden\/","og_locale":"en_GB","og_type":"article","og_title":"verschwinden \u2013 2021 - Angelika Herta","og_description":"Mann und Tochter verschwinden pl\u00f6tzlich auf einer kleinen Insel im Adriatischen Meer. Die Frau bleibt zur\u00fcck mit den Dingen der Vermissten. \u201everschwinden\u201c ist eine fragmentierte Geschichte \u00fcber den Verlust von Menschen und Dingen und \u00fcber den inneren Zustand, den ihr Verschwinden ausl\u00f6st. Es ist eine Geschichte, in der Zeit extrem langsam flie\u00dft. Es \u00f6ffnet sich [&hellip;]","og_url":"https:\/\/angelikaherta.com\/en\/verschwinden\/","og_site_name":"Angelika Herta","article_publisher":"https:\/\/www.facebook.com\/undjetztBobkowski\/","article_modified_time":"2025-06-05T09:14:48+00:00","twitter_card":"summary_large_image","twitter_misc":{"Estimated reading time":"3 minutes"},"schema":{"@context":"https:\/\/schema.org","@graph":[{"@type":"WebPage","@id":"https:\/\/angelikaherta.com\/verschwinden\/","url":"https:\/\/angelikaherta.com\/verschwinden\/","name":"verschwinden \u2013 2021 - Angelika Herta","isPartOf":{"@id":"https:\/\/angelikaherta.com\/#website"},"datePublished":"2024-10-10T11:01:57+00:00","dateModified":"2025-06-05T09:14:48+00:00","breadcrumb":{"@id":"https:\/\/angelikaherta.com\/verschwinden\/#breadcrumb"},"inLanguage":"en-GB","potentialAction":[{"@type":"ReadAction","target":["https:\/\/angelikaherta.com\/verschwinden\/"]}]},{"@type":"BreadcrumbList","@id":"https:\/\/angelikaherta.com\/verschwinden\/#breadcrumb","itemListElement":[{"@type":"ListItem","position":1,"name":"Startseite","item":"https:\/\/angelikaherta.com\/"},{"@type":"ListItem","position":2,"name":"verschwinden \u2013 2021"}]},{"@type":"WebSite","@id":"https:\/\/angelikaherta.com\/#website","url":"https:\/\/angelikaherta.com\/","name":"Angelika Herta","description":"","potentialAction":[{"@type":"SearchAction","target":{"@type":"EntryPoint","urlTemplate":"https:\/\/angelikaherta.com\/?s={search_term_string}"},"query-input":{"@type":"PropertyValueSpecification","valueRequired":true,"valueName":"search_term_string"}}],"inLanguage":"en-GB"}]}},"_links":{"self":[{"href":"https:\/\/angelikaherta.com\/en\/wp-json\/wp\/v2\/pages\/963","targetHints":{"allow":["GET"]}}],"collection":[{"href":"https:\/\/angelikaherta.com\/en\/wp-json\/wp\/v2\/pages"}],"about":[{"href":"https:\/\/angelikaherta.com\/en\/wp-json\/wp\/v2\/types\/page"}],"author":[{"embeddable":true,"href":"https:\/\/angelikaherta.com\/en\/wp-json\/wp\/v2\/users\/1"}],"replies":[{"embeddable":true,"href":"https:\/\/angelikaherta.com\/en\/wp-json\/wp\/v2\/comments?post=963"}],"version-history":[{"count":33,"href":"https:\/\/angelikaherta.com\/en\/wp-json\/wp\/v2\/pages\/963\/revisions"}],"predecessor-version":[{"id":4863,"href":"https:\/\/angelikaherta.com\/en\/wp-json\/wp\/v2\/pages\/963\/revisions\/4863"}],"wp:attachment":[{"href":"https:\/\/angelikaherta.com\/en\/wp-json\/wp\/v2\/media?parent=963"}],"curies":[{"name":"wp","href":"https:\/\/api.w.org\/{rel}","templated":true}]}}