{"id":961,"date":"2024-10-10T13:01:35","date_gmt":"2024-10-10T11:01:35","guid":{"rendered":"http:\/\/angelikaherta.com\/?page_id=961"},"modified":"2024-12-11T12:51:15","modified_gmt":"2024-12-11T11:51:15","slug":"man-of-iron","status":"publish","type":"page","link":"https:\/\/angelikaherta.com\/en\/man-of-iron\/","title":{"rendered":"Man of Iron \u2013 2012"},"content":{"rendered":"<p>[et_pb_section fb_built=&#8220;1&#8243; _builder_version=&#8220;4.27.2&#8243; _module_preset=&#8220;default&#8220; background_image=&#8220;https:\/\/angelikaherta.com\/wp-content\/uploads\/2024\/11\/Hintergrund-4-1.png&#8220; parallax=&#8220;on&#8220; parallax_method=&#8220;off&#8220; positioning=&#8220;absolute&#8220; position_origin_a_tablet=&#8220;&#8220; position_origin_a_phone=&#8220;&#8220; position_origin_a_last_edited=&#8220;on|phone&#8220; position_origin_f_tablet=&#8220;&#8220; position_origin_f_phone=&#8220;&#8220; position_origin_f_last_edited=&#8220;on|tablet&#8220; position_origin_r_tablet=&#8220;&#8220; position_origin_r_phone=&#8220;&#8220; position_origin_r_last_edited=&#8220;on|tablet&#8220; min_height=&#8220;100vh&#8220; background_color_tablet=&#8220;#000000&#8243; background_last_edited=&#8220;on|phone&#8220; background_enable_color_tablet=&#8220;on&#8220; background_image_tablet=&#8220;https:\/\/angelikaherta.com\/wp-content\/uploads\/2024\/10\/weisse-Linien-Ipad-neu-1024&#215;576.jpg&#8220; background_image_phone=&#8220;https:\/\/angelikaherta.com\/wp-content\/uploads\/2024\/11\/Man-of-Iron-Hintergund-neu.jpg&#8220; background_enable_image_tablet=&#8220;on&#8220; background_enable_image_phone=&#8220;on&#8220; parallax_tablet=&#8220;off&#8220; parallax_phone=&#8220;off&#8220; background_size_phone=&#8220;cover&#8220; background_position_phone=&#8220;top_center&#8220; positioning_tablet=&#8220;absolute&#8220; positioning_phone=&#8220;relative&#8220; positioning_last_edited=&#8220;on|tablet&#8220; global_colors_info=&#8220;{}&#8220;][et_pb_row _builder_version=&#8220;4.27.2&#8243; _module_preset=&#8220;default&#8220; background_enable_image=&#8220;off&#8220; global_colors_info=&#8220;{}&#8220;][et_pb_column type=&#8220;4_4&#8243; _builder_version=&#8220;4.27.2&#8243; _module_preset=&#8220;default&#8220; global_colors_info=&#8220;{}&#8220;][et_pb_slider show_image_video_mobile=&#8220;on&#8220; disabled_on=&#8220;on|on|off&#8220; _builder_version=&#8220;4.27.4&#8243; _module_preset=&#8220;default&#8220; background_color=&#8220;RGBA(255,255,255,0)&#8220; hover_enabled=&#8220;0&#8243; global_colors_info=&#8220;{}&#8220; sticky_enabled=&#8220;0&#8243;][et_pb_slide _builder_version=&#8220;4.27.4&#8243; _module_preset=&#8220;default&#8220; hover_enabled=&#8220;0&#8243; global_colors_info=&#8220;{}&#8220; sticky_transition=&#8220;on&#8220; sticky_enabled=&#8220;0&#8243;]<\/p>\n<p><img loading=\"lazy\" decoding=\"async\" src=\"https:\/\/angelikaherta.com\/wp-content\/uploads\/2024\/11\/Man_of_Iron_Plakat_Vorschaubild\u00a9FilipJacobson-klein.jpg\" width=\"850\" height=\"637\" alt=\"Ein Poster von einem Arbeiter mit ru\u00dfigem Gesicht und gelbem Helm. Er h\u00e4lt einen Hammer hoch.\" class=\"wp-image-1800 size-full\" srcset=\"https:\/\/angelikaherta.com\/wp-content\/uploads\/2024\/11\/Man_of_Iron_Plakat_Vorschaubild\u00a9FilipJacobson-klein.jpg 850w, https:\/\/angelikaherta.com\/wp-content\/uploads\/2024\/11\/Man_of_Iron_Plakat_Vorschaubild\u00a9FilipJacobson-klein-300x225.jpg 300w, https:\/\/angelikaherta.com\/wp-content\/uploads\/2024\/11\/Man_of_Iron_Plakat_Vorschaubild\u00a9FilipJacobson-klein-768x576.jpg 768w, https:\/\/angelikaherta.com\/wp-content\/uploads\/2024\/11\/Man_of_Iron_Plakat_Vorschaubild\u00a9FilipJacobson-klein-16x12.jpg 16w, https:\/\/angelikaherta.com\/wp-content\/uploads\/2024\/11\/Man_of_Iron_Plakat_Vorschaubild\u00a9FilipJacobson-klein-510x382.jpg 510w, https:\/\/angelikaherta.com\/wp-content\/uploads\/2024\/11\/Man_of_Iron_Plakat_Vorschaubild\u00a9FilipJacobson-klein-480x360.jpg 480w\" sizes=\"(max-width: 850px) 100vw, 850px\" \/> <\/p>\n<p>[\/et_pb_slide][\/et_pb_slider][et_pb_image src=&#8220;https:\/\/angelikaherta.com\/wp-content\/uploads\/2024\/11\/Man_of_Iron_Plakat_Vorschaubild\u00a9FilipJacobson-klein-300&#215;225.jpg&#8220; align=&#8220;center&#8220; disabled_on=&#8220;off|off|on&#8220; admin_label=&#8220;Bild&#8220; _builder_version=&#8220;4.27.4&#8243; _module_preset=&#8220;default&#8220; custom_margin=&#8220;0px||||false|false&#8220; custom_padding=&#8220;80px||||false|false&#8220; hover_enabled=&#8220;0&#8243; global_colors_info=&#8220;{}&#8220; alt=&#8220;Ein Poster von einem Arbeiter mit ru\u00dfigem Gesicht und gelbem Helm. Er h\u00e4lt einen Hammer hoch.&#8220; sticky_enabled=&#8220;0&#8243;][\/et_pb_image][et_pb_heading title=&#8220;MAN OF IRON&#8220; admin_label=&#8220;\u00dcberschrift H1&#8243; _builder_version=&#8220;4.27.3&#8243; _module_preset=&#8220;default&#8220; title_font=&#8220;Poppins|600|||||||&#8220; title_text_align=&#8220;center&#8220; title_text_color=&#8220;#d8d8d8&#8243; global_colors_info=&#8220;{}&#8220;][\/et_pb_heading][et_pb_heading title=&#8220;Video-Loop, 02 Min, Polen, 2011 \u2013 Farbe, Stereo&#8220; _builder_version=&#8220;4.27.4&#8243; _module_preset=&#8220;default&#8220; title_level=&#8220;h2&#8243; title_font=&#8220;Poppins|600|||||||&#8220; title_text_align=&#8220;center&#8220; title_text_color=&#8220;#d3d3d3&#8243; title_font_size=&#8220;17px&#8220; title_line_height=&#8220;1.4em&#8220; width=&#8220;60%&#8220; width_tablet=&#8220;60%&#8220; width_phone=&#8220;90%&#8220; width_last_edited=&#8220;on|phone&#8220; module_alignment=&#8220;center&#8220; global_colors_info=&#8220;{}&#8220;][\/et_pb_heading][et_pb_text _builder_version=&#8220;4.27.3&#8243; _module_preset=&#8220;default&#8220; text_font=&#8220;Poppins||||||||&#8220; text_text_color=&#8220;#c9c9c9&#8243; width=&#8220;60%&#8220; width_tablet=&#8220;60%&#8220; width_phone=&#8220;90%&#8220; width_last_edited=&#8220;on|phone&#8220; max_width_tablet=&#8220;55%&#8220; max_width_phone=&#8220;100%&#8220; max_width_last_edited=&#8220;on|desktop&#8220; module_alignment=&#8220;center&#8220; global_colors_info=&#8220;{}&#8220;]<\/p>\n<p style=\"text-align: center;\">Es k\u00f6nnte ein Ausschnitt aus einer Fernsehdokumentation der Volksrepublik Polen sein. Fanatismus, H\u00e4rte, vollst\u00e4ndige Aufopferung. Nahaufnahme eines Arbeitergesichts: zerfurcht, mit einem der Schnurrb\u00e4rte, die in den Siebzigern und Achtzigern so beliebt waren. Gearbeitet wird mit Hingabe, ohne Faulenzen, obwohl der ver\u00e4nderte Rhythmus des Hammers verwundern k\u00f6nnte. Die folgenden Bilder decken die Konvention der gefilmten Situation auf: Der Hammer des Arbeiters schl\u00e4gt die Luft, er selbst steht in einem auf dem Boden aufgemalten Rechteck. Die Werkshalle (in der die Handlung stattfindet) ist absolut authentisch, mit einer starken symbolischen Bedeutung. Es ist die Halle der Schiffswerft in Danzig. Die Produktion liegt zwischen Dokumentarfilm und Videokunst.<br \/>(Text aus DokumentArt Festivalbrosch\u00fcre 2012)<\/p>\n<p style=\"text-align: center;\"><strong>Screenings:<\/strong><br \/>V<em>ideorama \/ Werkleitz, Halle(Saale), 2014\u2028Camp\/1, Halle(Saale), 2013 <\/em><br \/><em>Video Art Festival Miden, Griechenland, 2013 <\/em><br \/><em>DokumentArt Festival, Neubrandenburg, Szczecin, 2012 <\/em><br \/><em>CologneOff Festival 2012<\/em><\/p>\n<p>[\/et_pb_text][et_pb_video src=&#8220;https:\/\/vimeo.com\/manage\/videos\/46503882&#8243; _builder_version=&#8220;4.27.4&#8243; _module_preset=&#8220;default&#8220; transform_scale=&#8220;74%|74%&#8220; transform_scale_tablet=&#8220;74%|74%&#8220; transform_scale_phone=&#8220;100%|100%&#8220; transform_scale_last_edited=&#8220;on|phone&#8220; transform_translate_tablet=&#8220;&#8220; transform_translate_phone=&#8220;&#8220; transform_translate_last_edited=&#8220;on|desktop&#8220; transform_rotate_tablet=&#8220;&#8220; transform_rotate_phone=&#8220;&#8220; transform_rotate_last_edited=&#8220;on|desktop&#8220; transform_skew_tablet=&#8220;&#8220; transform_skew_phone=&#8220;&#8220; transform_skew_last_edited=&#8220;on|desktop&#8220; transform_origin_tablet=&#8220;&#8220; transform_origin_phone=&#8220;&#8220; transform_origin_last_edited=&#8220;on|desktop&#8220; transform_styles_last_edited=&#8220;on|phone&#8220; transform_styles_tablet=&#8220;&#8220; transform_styles_phone=&#8220;&#8220; global_colors_info=&#8220;{}&#8220;][\/et_pb_video][\/et_pb_column][\/et_pb_row][\/et_pb_section]<\/p>\n","protected":false},"excerpt":{"rendered":"<p>Es k\u00f6nnte ein Ausschnitt aus einer Fernsehdokumentation der Volksrepublik Polen sein. Fanatismus, H\u00e4rte, vollst\u00e4ndige Aufopferung. Nahaufnahme eines Arbeitergesichts: zerfurcht, mit einem der Schnurrb\u00e4rte, die in den Siebzigern und Achtzigern so beliebt waren. Gearbeitet wird mit Hingabe, ohne Faulenzen, obwohl der ver\u00e4nderte Rhythmus des Hammers verwundern k\u00f6nnte. Die folgenden Bilder decken die Konvention der gefilmten Situation [&hellip;]<\/p>\n","protected":false},"author":1,"featured_media":0,"parent":0,"menu_order":0,"comment_status":"closed","ping_status":"closed","template":"","meta":{"_et_pb_use_builder":"on","_et_pb_old_content":"","_et_gb_content_width":"","footnotes":""},"class_list":["post-961","page","type-page","status-publish","hentry"],"yoast_head":"<!-- This site is optimized with the Yoast SEO plugin v24.0 - https:\/\/yoast.com\/wordpress\/plugins\/seo\/ -->\n<title>Man of Iron \u2013 2012 - Angelika Herta<\/title>\n<meta name=\"robots\" content=\"index, follow, max-snippet:-1, max-image-preview:large, max-video-preview:-1\" \/>\n<link rel=\"canonical\" href=\"https:\/\/angelikaherta.com\/en\/man-of-iron\/\" \/>\n<meta property=\"og:locale\" content=\"en_GB\" \/>\n<meta property=\"og:type\" content=\"article\" \/>\n<meta property=\"og:title\" content=\"Man of Iron \u2013 2012 - Angelika Herta\" \/>\n<meta property=\"og:description\" content=\"Es k\u00f6nnte ein Ausschnitt aus einer Fernsehdokumentation der Volksrepublik Polen sein. Fanatismus, H\u00e4rte, vollst\u00e4ndige Aufopferung. Nahaufnahme eines Arbeitergesichts: zerfurcht, mit einem der Schnurrb\u00e4rte, die in den Siebzigern und Achtzigern so beliebt waren. Gearbeitet wird mit Hingabe, ohne Faulenzen, obwohl der ver\u00e4nderte Rhythmus des Hammers verwundern k\u00f6nnte. Die folgenden Bilder decken die Konvention der gefilmten Situation [&hellip;]\" \/>\n<meta property=\"og:url\" content=\"https:\/\/angelikaherta.com\/en\/man-of-iron\/\" \/>\n<meta property=\"og:site_name\" content=\"Angelika Herta\" \/>\n<meta property=\"article:publisher\" content=\"https:\/\/www.facebook.com\/undjetztBobkowski\/\" \/>\n<meta property=\"article:modified_time\" content=\"2024-12-11T11:51:15+00:00\" \/>\n<meta name=\"twitter:card\" content=\"summary_large_image\" \/>\n<meta name=\"twitter:label1\" content=\"Estimated reading time\" \/>\n\t<meta name=\"twitter:data1\" content=\"3 minutes\" \/>\n<script type=\"application\/ld+json\" class=\"yoast-schema-graph\">{\"@context\":\"https:\/\/schema.org\",\"@graph\":[{\"@type\":\"WebPage\",\"@id\":\"https:\/\/angelikaherta.com\/man-of-iron\/\",\"url\":\"https:\/\/angelikaherta.com\/man-of-iron\/\",\"name\":\"Man of Iron \u2013 2012 - Angelika Herta\",\"isPartOf\":{\"@id\":\"https:\/\/angelikaherta.com\/#website\"},\"datePublished\":\"2024-10-10T11:01:35+00:00\",\"dateModified\":\"2024-12-11T11:51:15+00:00\",\"breadcrumb\":{\"@id\":\"https:\/\/angelikaherta.com\/man-of-iron\/#breadcrumb\"},\"inLanguage\":\"en-GB\",\"potentialAction\":[{\"@type\":\"ReadAction\",\"target\":[\"https:\/\/angelikaherta.com\/man-of-iron\/\"]}]},{\"@type\":\"BreadcrumbList\",\"@id\":\"https:\/\/angelikaherta.com\/man-of-iron\/#breadcrumb\",\"itemListElement\":[{\"@type\":\"ListItem\",\"position\":1,\"name\":\"Startseite\",\"item\":\"https:\/\/angelikaherta.com\/\"},{\"@type\":\"ListItem\",\"position\":2,\"name\":\"Man of Iron \u2013 2012\"}]},{\"@type\":\"WebSite\",\"@id\":\"https:\/\/angelikaherta.com\/#website\",\"url\":\"https:\/\/angelikaherta.com\/\",\"name\":\"Angelika Herta\",\"description\":\"\",\"potentialAction\":[{\"@type\":\"SearchAction\",\"target\":{\"@type\":\"EntryPoint\",\"urlTemplate\":\"https:\/\/angelikaherta.com\/?s={search_term_string}\"},\"query-input\":{\"@type\":\"PropertyValueSpecification\",\"valueRequired\":true,\"valueName\":\"search_term_string\"}}],\"inLanguage\":\"en-GB\"}]}<\/script>\n<!-- \/ Yoast SEO plugin. -->","yoast_head_json":{"title":"Man of Iron \u2013 2012 - Angelika Herta","robots":{"index":"index","follow":"follow","max-snippet":"max-snippet:-1","max-image-preview":"max-image-preview:large","max-video-preview":"max-video-preview:-1"},"canonical":"https:\/\/angelikaherta.com\/en\/man-of-iron\/","og_locale":"en_GB","og_type":"article","og_title":"Man of Iron \u2013 2012 - Angelika Herta","og_description":"Es k\u00f6nnte ein Ausschnitt aus einer Fernsehdokumentation der Volksrepublik Polen sein. Fanatismus, H\u00e4rte, vollst\u00e4ndige Aufopferung. Nahaufnahme eines Arbeitergesichts: zerfurcht, mit einem der Schnurrb\u00e4rte, die in den Siebzigern und Achtzigern so beliebt waren. Gearbeitet wird mit Hingabe, ohne Faulenzen, obwohl der ver\u00e4nderte Rhythmus des Hammers verwundern k\u00f6nnte. Die folgenden Bilder decken die Konvention der gefilmten Situation [&hellip;]","og_url":"https:\/\/angelikaherta.com\/en\/man-of-iron\/","og_site_name":"Angelika Herta","article_publisher":"https:\/\/www.facebook.com\/undjetztBobkowski\/","article_modified_time":"2024-12-11T11:51:15+00:00","twitter_card":"summary_large_image","twitter_misc":{"Estimated reading time":"3 minutes"},"schema":{"@context":"https:\/\/schema.org","@graph":[{"@type":"WebPage","@id":"https:\/\/angelikaherta.com\/man-of-iron\/","url":"https:\/\/angelikaherta.com\/man-of-iron\/","name":"Man of Iron \u2013 2012 - Angelika Herta","isPartOf":{"@id":"https:\/\/angelikaherta.com\/#website"},"datePublished":"2024-10-10T11:01:35+00:00","dateModified":"2024-12-11T11:51:15+00:00","breadcrumb":{"@id":"https:\/\/angelikaherta.com\/man-of-iron\/#breadcrumb"},"inLanguage":"en-GB","potentialAction":[{"@type":"ReadAction","target":["https:\/\/angelikaherta.com\/man-of-iron\/"]}]},{"@type":"BreadcrumbList","@id":"https:\/\/angelikaherta.com\/man-of-iron\/#breadcrumb","itemListElement":[{"@type":"ListItem","position":1,"name":"Startseite","item":"https:\/\/angelikaherta.com\/"},{"@type":"ListItem","position":2,"name":"Man of Iron \u2013 2012"}]},{"@type":"WebSite","@id":"https:\/\/angelikaherta.com\/#website","url":"https:\/\/angelikaherta.com\/","name":"Angelika Herta","description":"","potentialAction":[{"@type":"SearchAction","target":{"@type":"EntryPoint","urlTemplate":"https:\/\/angelikaherta.com\/?s={search_term_string}"},"query-input":{"@type":"PropertyValueSpecification","valueRequired":true,"valueName":"search_term_string"}}],"inLanguage":"en-GB"}]}},"_links":{"self":[{"href":"https:\/\/angelikaherta.com\/en\/wp-json\/wp\/v2\/pages\/961","targetHints":{"allow":["GET"]}}],"collection":[{"href":"https:\/\/angelikaherta.com\/en\/wp-json\/wp\/v2\/pages"}],"about":[{"href":"https:\/\/angelikaherta.com\/en\/wp-json\/wp\/v2\/types\/page"}],"author":[{"embeddable":true,"href":"https:\/\/angelikaherta.com\/en\/wp-json\/wp\/v2\/users\/1"}],"replies":[{"embeddable":true,"href":"https:\/\/angelikaherta.com\/en\/wp-json\/wp\/v2\/comments?post=961"}],"version-history":[{"count":39,"href":"https:\/\/angelikaherta.com\/en\/wp-json\/wp\/v2\/pages\/961\/revisions"}],"predecessor-version":[{"id":4282,"href":"https:\/\/angelikaherta.com\/en\/wp-json\/wp\/v2\/pages\/961\/revisions\/4282"}],"wp:attachment":[{"href":"https:\/\/angelikaherta.com\/en\/wp-json\/wp\/v2\/media?parent=961"}],"curies":[{"name":"wp","href":"https:\/\/api.w.org\/{rel}","templated":true}]}}