{"id":957,"date":"2024-10-10T13:00:44","date_gmt":"2024-10-10T11:00:44","guid":{"rendered":"http:\/\/angelikaherta.com\/?page_id=957"},"modified":"2025-06-05T11:17:50","modified_gmt":"2025-06-05T09:17:50","slug":"1-000-000-000-jahre-vor-dem-weltuntergang","status":"publish","type":"page","link":"https:\/\/angelikaherta.com\/en\/1-000-000-000-jahre-vor-dem-weltuntergang\/","title":{"rendered":"Billions of years before the end of the world"},"content":{"rendered":"<p>[et_pb_section fb_built=&#8220;1&#8243; _builder_version=&#8220;4.27.3&#8243; _module_preset=&#8220;default&#8220; background_image=&#8220;https:\/\/angelikaherta.com\/wp-content\/uploads\/2024\/10\/weisser-Weg-5.jpg&#8220; parallax=&#8220;on&#8220; parallax_method=&#8220;off&#8220; positioning=&#8220;absolute&#8220; position_origin_a_tablet=&#8220;&#8220; position_origin_a_phone=&#8220;&#8220; position_origin_a_last_edited=&#8220;on|phone&#8220; position_origin_f_tablet=&#8220;&#8220; position_origin_f_phone=&#8220;&#8220; position_origin_f_last_edited=&#8220;on|tablet&#8220; position_origin_r_tablet=&#8220;&#8220; position_origin_r_phone=&#8220;&#8220; position_origin_r_last_edited=&#8220;on|tablet&#8220; min_height=&#8220;100vh&#8220; background_last_edited=&#8220;on|phone&#8220; background_image_tablet=&#8220;https:\/\/angelikaherta.com\/wp-content\/uploads\/2024\/10\/weisse-Linien-Ipad-neu-1024&#215;576.jpg&#8220; background_image_phone=&#8220;https:\/\/angelikaherta.com\/wp-content\/uploads\/2024\/12\/hintergund-mobil-1million-neu.png&#8220; background_enable_image_tablet=&#8220;on&#8220; background_enable_image_phone=&#8220;on&#8220; parallax_tablet=&#8220;off&#8220; parallax_phone=&#8220;off&#8220; positioning_tablet=&#8220;absolute&#8220; positioning_phone=&#8220;relative&#8220; positioning_last_edited=&#8220;on|tablet&#8220; global_colors_info=&#8220;{}&#8220;][et_pb_row _builder_version=&#8220;4.27.2&#8243; _module_preset=&#8220;default&#8220; global_colors_info=&#8220;{}&#8220;][et_pb_column type=&#8220;4_4&#8243; _builder_version=&#8220;4.27.2&#8243; _module_preset=&#8220;default&#8220; global_colors_info=&#8220;{}&#8220;][et_pb_slider show_image_video_mobile=&#8220;on&#8220; disabled_on=&#8220;on|on|off&#8220; _builder_version=&#8220;4.27.4&#8243; _module_preset=&#8220;default&#8220; background_color=&#8220;RGBA(255,255,255,0)&#8220; global_colors_info=&#8220;{}&#8220;][et_pb_slide _builder_version=&#8220;4.27.4&#8243; _module_preset=&#8220;default&#8220; global_colors_info=&#8220;{}&#8220; sticky_transition=&#8220;on&#8220;]<\/p>\n<p><img loading=\"lazy\" decoding=\"async\" src=\"https:\/\/angelikaherta.com\/wp-content\/uploads\/2024\/11\/01_Millarden_Jahre-groesser.jpg\" width=\"863\" height=\"637\" alt=\"Eine pixelige Postkarte zeigt Menschen in einem Park. \u00dcber das Bild ist ein Kreuz gemalt.\" class=\"wp-image-1871 alignnone size-full\" srcset=\"https:\/\/angelikaherta.com\/wp-content\/uploads\/2024\/11\/01_Millarden_Jahre-groesser.jpg 863w, https:\/\/angelikaherta.com\/wp-content\/uploads\/2024\/11\/01_Millarden_Jahre-groesser-480x354.jpg 480w\" sizes=\"(min-width: 0px) and (max-width: 480px) 480px, (min-width: 481px) 863px, 100vw\" \/><\/p>\n<p>[\/et_pb_slide][\/et_pb_slider][et_pb_image src=&#8220;https:\/\/angelikaherta.com\/wp-content\/uploads\/2024\/11\/01_Millarden_Jahre-groesser-300&#215;221.jpg&#8220; alt=&#8220;Eine pixelige Postkarte zeigt Menschen in einem Park. \u00dcber das Bild ist ein Kreuz gemalt.&#8220; align=&#8220;center&#8220; disabled_on=&#8220;off|off|on&#8220; _builder_version=&#8220;4.27.4&#8243; _module_preset=&#8220;default&#8220; custom_margin=&#8220;0px||||false|false&#8220; custom_padding=&#8220;80px||||false|false&#8220; global_colors_info=&#8220;{}&#8220;][\/et_pb_image][et_pb_heading title=&#8220;MILLIARDEN JAHRE VOR DEM WELTUNTERGANG&#8220; admin_label=&#8220;\u00dcberschrift H1&#8243; _builder_version=&#8220;4.27.4&#8243; _module_preset=&#8220;default&#8220; title_text_align=&#8220;center&#8220; title_text_color=&#8220;#d8d8d8&#8243; global_colors_info=&#8220;{}&#8220;][\/et_pb_heading][et_pb_heading title=&#8220; Videoexperimentalfilm, 22 bis 43 Min Loop, Deutschland, 2015 \u2013 Ein Film von Franz M\u00fcller und Angelika Herta, Produktion: Datenstrudel Jakob H\u00fcfner, J\u00f6rn Hintzer und Franz M\u00fcller&#8220; _builder_version=&#8220;4.27.4&#8243; _module_preset=&#8220;default&#8220; title_level=&#8220;h2&#8243; title_font=&#8220;|600|||||||&#8220; title_text_align=&#8220;center&#8220; title_text_color=&#8220;#d3d3d3&#8243; title_font_size=&#8220;17px&#8220; title_line_height=&#8220;1.4em&#8220; width=&#8220;60%&#8220; width_tablet=&#8220;60%&#8220; width_phone=&#8220;90%&#8220; width_last_edited=&#8220;on|phone&#8220; max_width_tablet=&#8220;65%&#8220; max_width_phone=&#8220;90%&#8220; max_width_last_edited=&#8220;on|desktop&#8220; module_alignment=&#8220;center&#8220; hover_enabled=&#8220;0&#8243; global_colors_info=&#8220;{}&#8220; sticky_enabled=&#8220;0&#8243;][\/et_pb_heading][et_pb_text _builder_version=&#8220;4.27.4&#8243; _module_preset=&#8220;default&#8220; text_text_color=&#8220;#c9c9c9&#8243; width=&#8220;60%&#8220; width_tablet=&#8220;60%&#8220; width_phone=&#8220;90%&#8220; width_last_edited=&#8220;on|phone&#8220; max_width=&#8220;60%&#8220; max_width_tablet=&#8220;55%&#8220; max_width_phone=&#8220;90%&#8220; max_width_last_edited=&#8220;on|phone&#8220; module_alignment=&#8220;center&#8220; global_colors_info=&#8220;{}&#8220;]<\/p>\n<p style=\"text-align: center;\">Eine Plan\u00adse\u00adquenz in einem Park, gefilmt wie ein Tableau oder Wimmel\u00adbild, in dem im Vorder-, Mittel- und Hinter\u00adgrund viel Bewegung herrscht. Rot ist die dominante Farbe, ein Signalrot. Ganz hinten wird eine Bahre in einen Kran\u00adken\u00adwagen geschoben. Vorne im Bild eine leere Cola-Flasche, das Etikett leuchtet rot. \u00bbEin bisschen Schwund ist immer\u00ab.<\/p>\n<p><em><\/em><\/p>\n<p>[\/et_pb_text][\/et_pb_column][\/et_pb_row][\/et_pb_section]<\/p>\n","protected":false},"excerpt":{"rendered":"<p>A plan sequence in a park, filmed like a tableau or hidden object picture, in which there is a lot of movement in the foreground, middle ground and background. Red is the dominant color, a signal red. At the very back, a stretcher is being pushed into an ambulance. At the front of the picture is an empty Coke bottle, the label glowing red. \u201cThere's always a bit of waste\u201d.<\/p>","protected":false},"author":1,"featured_media":0,"parent":0,"menu_order":0,"comment_status":"closed","ping_status":"closed","template":"","meta":{"_et_pb_use_builder":"on","_et_pb_old_content":"","_et_gb_content_width":"","footnotes":""},"class_list":["post-957","page","type-page","status-publish","hentry"],"yoast_head":"<!-- This site is optimized with the Yoast SEO plugin v24.0 - https:\/\/yoast.com\/wordpress\/plugins\/seo\/ -->\n<title>Milliarden Jahre vor dem Weltuntergang \u2013 2015 - Angelika Herta<\/title>\n<meta name=\"robots\" content=\"index, follow, max-snippet:-1, max-image-preview:large, max-video-preview:-1\" \/>\n<link rel=\"canonical\" href=\"https:\/\/angelikaherta.com\/en\/1-000-000-000-jahre-vor-dem-weltuntergang\/\" \/>\n<meta property=\"og:locale\" content=\"en_GB\" \/>\n<meta property=\"og:type\" content=\"article\" \/>\n<meta property=\"og:title\" content=\"Milliarden Jahre vor dem Weltuntergang \u2013 2015 - Angelika Herta\" \/>\n<meta property=\"og:description\" content=\"Eine Plan\u00adse\u00adquenz in einem Park, gefilmt wie ein Tableau oder Wimmel\u00adbild, in dem im Vorder-, Mittel- und Hinter\u00adgrund viel Bewegung herrscht. Rot ist die dominante Farbe, ein Signalrot. Ganz hinten wird eine Bahre in einen Kran\u00adken\u00adwagen geschoben. Vorne im Bild eine leere Cola-Flasche, das Etikett leuchtet rot. \u00bbEin bisschen Schwund ist immer\u00ab.\" \/>\n<meta property=\"og:url\" content=\"https:\/\/angelikaherta.com\/en\/1-000-000-000-jahre-vor-dem-weltuntergang\/\" \/>\n<meta property=\"og:site_name\" content=\"Angelika Herta\" \/>\n<meta property=\"article:publisher\" content=\"https:\/\/www.facebook.com\/undjetztBobkowski\/\" \/>\n<meta property=\"article:modified_time\" content=\"2025-06-05T09:17:50+00:00\" \/>\n<meta property=\"og:image\" content=\"https:\/\/angelikaherta.com\/wp-content\/uploads\/2024\/11\/01_Millarden_Jahre-groesser.jpg\" \/>\n\t<meta property=\"og:image:width\" content=\"863\" \/>\n\t<meta property=\"og:image:height\" content=\"637\" \/>\n\t<meta property=\"og:image:type\" content=\"image\/jpeg\" \/>\n<meta name=\"twitter:card\" content=\"summary_large_image\" \/>\n<meta name=\"twitter:label1\" content=\"Estimated reading time\" \/>\n\t<meta name=\"twitter:data1\" content=\"2 minutes\" \/>\n<script type=\"application\/ld+json\" class=\"yoast-schema-graph\">{\"@context\":\"https:\/\/schema.org\",\"@graph\":[{\"@type\":\"WebPage\",\"@id\":\"https:\/\/angelikaherta.com\/1-000-000-000-jahre-vor-dem-weltuntergang\/\",\"url\":\"https:\/\/angelikaherta.com\/1-000-000-000-jahre-vor-dem-weltuntergang\/\",\"name\":\"Milliarden Jahre vor dem Weltuntergang \u2013 2015 - Angelika Herta\",\"isPartOf\":{\"@id\":\"https:\/\/angelikaherta.com\/#website\"},\"primaryImageOfPage\":{\"@id\":\"https:\/\/angelikaherta.com\/1-000-000-000-jahre-vor-dem-weltuntergang\/#primaryimage\"},\"image\":{\"@id\":\"https:\/\/angelikaherta.com\/1-000-000-000-jahre-vor-dem-weltuntergang\/#primaryimage\"},\"thumbnailUrl\":\"https:\/\/angelikaherta.com\/wp-content\/uploads\/2024\/11\/01_Millarden_Jahre-groesser.jpg\",\"datePublished\":\"2024-10-10T11:00:44+00:00\",\"dateModified\":\"2025-06-05T09:17:50+00:00\",\"breadcrumb\":{\"@id\":\"https:\/\/angelikaherta.com\/1-000-000-000-jahre-vor-dem-weltuntergang\/#breadcrumb\"},\"inLanguage\":\"en-GB\",\"potentialAction\":[{\"@type\":\"ReadAction\",\"target\":[\"https:\/\/angelikaherta.com\/1-000-000-000-jahre-vor-dem-weltuntergang\/\"]}]},{\"@type\":\"ImageObject\",\"inLanguage\":\"en-GB\",\"@id\":\"https:\/\/angelikaherta.com\/1-000-000-000-jahre-vor-dem-weltuntergang\/#primaryimage\",\"url\":\"https:\/\/angelikaherta.com\/wp-content\/uploads\/2024\/11\/01_Millarden_Jahre-groesser.jpg\",\"contentUrl\":\"https:\/\/angelikaherta.com\/wp-content\/uploads\/2024\/11\/01_Millarden_Jahre-groesser.jpg\"},{\"@type\":\"BreadcrumbList\",\"@id\":\"https:\/\/angelikaherta.com\/1-000-000-000-jahre-vor-dem-weltuntergang\/#breadcrumb\",\"itemListElement\":[{\"@type\":\"ListItem\",\"position\":1,\"name\":\"Startseite\",\"item\":\"https:\/\/angelikaherta.com\/\"},{\"@type\":\"ListItem\",\"position\":2,\"name\":\"Milliarden Jahre vor dem Weltuntergang \u2013 2015\"}]},{\"@type\":\"WebSite\",\"@id\":\"https:\/\/angelikaherta.com\/#website\",\"url\":\"https:\/\/angelikaherta.com\/\",\"name\":\"Angelika Herta\",\"description\":\"\",\"potentialAction\":[{\"@type\":\"SearchAction\",\"target\":{\"@type\":\"EntryPoint\",\"urlTemplate\":\"https:\/\/angelikaherta.com\/?s={search_term_string}\"},\"query-input\":{\"@type\":\"PropertyValueSpecification\",\"valueRequired\":true,\"valueName\":\"search_term_string\"}}],\"inLanguage\":\"en-GB\"}]}<\/script>\n<!-- \/ Yoast SEO plugin. -->","yoast_head_json":{"title":"Milliarden Jahre vor dem Weltuntergang \u2013 2015 - Angelika Herta","robots":{"index":"index","follow":"follow","max-snippet":"max-snippet:-1","max-image-preview":"max-image-preview:large","max-video-preview":"max-video-preview:-1"},"canonical":"https:\/\/angelikaherta.com\/en\/1-000-000-000-jahre-vor-dem-weltuntergang\/","og_locale":"en_GB","og_type":"article","og_title":"Milliarden Jahre vor dem Weltuntergang \u2013 2015 - Angelika Herta","og_description":"Eine Plan\u00adse\u00adquenz in einem Park, gefilmt wie ein Tableau oder Wimmel\u00adbild, in dem im Vorder-, Mittel- und Hinter\u00adgrund viel Bewegung herrscht. Rot ist die dominante Farbe, ein Signalrot. Ganz hinten wird eine Bahre in einen Kran\u00adken\u00adwagen geschoben. Vorne im Bild eine leere Cola-Flasche, das Etikett leuchtet rot. \u00bbEin bisschen Schwund ist immer\u00ab.","og_url":"https:\/\/angelikaherta.com\/en\/1-000-000-000-jahre-vor-dem-weltuntergang\/","og_site_name":"Angelika Herta","article_publisher":"https:\/\/www.facebook.com\/undjetztBobkowski\/","article_modified_time":"2025-06-05T09:17:50+00:00","og_image":[{"width":863,"height":637,"url":"https:\/\/angelikaherta.com\/wp-content\/uploads\/2024\/11\/01_Millarden_Jahre-groesser.jpg","type":"image\/jpeg"}],"twitter_card":"summary_large_image","twitter_misc":{"Estimated reading time":"2 minutes"},"schema":{"@context":"https:\/\/schema.org","@graph":[{"@type":"WebPage","@id":"https:\/\/angelikaherta.com\/1-000-000-000-jahre-vor-dem-weltuntergang\/","url":"https:\/\/angelikaherta.com\/1-000-000-000-jahre-vor-dem-weltuntergang\/","name":"Milliarden Jahre vor dem Weltuntergang \u2013 2015 - Angelika Herta","isPartOf":{"@id":"https:\/\/angelikaherta.com\/#website"},"primaryImageOfPage":{"@id":"https:\/\/angelikaherta.com\/1-000-000-000-jahre-vor-dem-weltuntergang\/#primaryimage"},"image":{"@id":"https:\/\/angelikaherta.com\/1-000-000-000-jahre-vor-dem-weltuntergang\/#primaryimage"},"thumbnailUrl":"https:\/\/angelikaherta.com\/wp-content\/uploads\/2024\/11\/01_Millarden_Jahre-groesser.jpg","datePublished":"2024-10-10T11:00:44+00:00","dateModified":"2025-06-05T09:17:50+00:00","breadcrumb":{"@id":"https:\/\/angelikaherta.com\/1-000-000-000-jahre-vor-dem-weltuntergang\/#breadcrumb"},"inLanguage":"en-GB","potentialAction":[{"@type":"ReadAction","target":["https:\/\/angelikaherta.com\/1-000-000-000-jahre-vor-dem-weltuntergang\/"]}]},{"@type":"ImageObject","inLanguage":"en-GB","@id":"https:\/\/angelikaherta.com\/1-000-000-000-jahre-vor-dem-weltuntergang\/#primaryimage","url":"https:\/\/angelikaherta.com\/wp-content\/uploads\/2024\/11\/01_Millarden_Jahre-groesser.jpg","contentUrl":"https:\/\/angelikaherta.com\/wp-content\/uploads\/2024\/11\/01_Millarden_Jahre-groesser.jpg"},{"@type":"BreadcrumbList","@id":"https:\/\/angelikaherta.com\/1-000-000-000-jahre-vor-dem-weltuntergang\/#breadcrumb","itemListElement":[{"@type":"ListItem","position":1,"name":"Startseite","item":"https:\/\/angelikaherta.com\/"},{"@type":"ListItem","position":2,"name":"Milliarden Jahre vor dem Weltuntergang \u2013 2015"}]},{"@type":"WebSite","@id":"https:\/\/angelikaherta.com\/#website","url":"https:\/\/angelikaherta.com\/","name":"Angelika Herta","description":"","potentialAction":[{"@type":"SearchAction","target":{"@type":"EntryPoint","urlTemplate":"https:\/\/angelikaherta.com\/?s={search_term_string}"},"query-input":{"@type":"PropertyValueSpecification","valueRequired":true,"valueName":"search_term_string"}}],"inLanguage":"en-GB"}]}},"_links":{"self":[{"href":"https:\/\/angelikaherta.com\/en\/wp-json\/wp\/v2\/pages\/957","targetHints":{"allow":["GET"]}}],"collection":[{"href":"https:\/\/angelikaherta.com\/en\/wp-json\/wp\/v2\/pages"}],"about":[{"href":"https:\/\/angelikaherta.com\/en\/wp-json\/wp\/v2\/types\/page"}],"author":[{"embeddable":true,"href":"https:\/\/angelikaherta.com\/en\/wp-json\/wp\/v2\/users\/1"}],"replies":[{"embeddable":true,"href":"https:\/\/angelikaherta.com\/en\/wp-json\/wp\/v2\/comments?post=957"}],"version-history":[{"count":21,"href":"https:\/\/angelikaherta.com\/en\/wp-json\/wp\/v2\/pages\/957\/revisions"}],"predecessor-version":[{"id":4867,"href":"https:\/\/angelikaherta.com\/en\/wp-json\/wp\/v2\/pages\/957\/revisions\/4867"}],"wp:attachment":[{"href":"https:\/\/angelikaherta.com\/en\/wp-json\/wp\/v2\/media?parent=957"}],"curies":[{"name":"wp","href":"https:\/\/api.w.org\/{rel}","templated":true}]}}