{"id":955,"date":"2024-10-10T12:59:30","date_gmt":"2024-10-10T10:59:30","guid":{"rendered":"http:\/\/angelikaherta.com\/?page_id=955"},"modified":"2025-06-05T11:05:31","modified_gmt":"2025-06-05T09:05:31","slug":"ueber-mich","status":"publish","type":"page","link":"https:\/\/angelikaherta.com\/en\/ueber-mich\/","title":{"rendered":"About me"},"content":{"rendered":"<p>[et_pb_section fb_built=&#8220;1&#8243; fullwidth=&#8220;on&#8220; _builder_version=&#8220;4.27.3&#8243; _module_preset=&#8220;default&#8220; background_color=&#8220;RGBA(255,255,255,0)&#8220; positioning=&#8220;absolute&#8220; global_colors_info=&#8220;{}&#8220;][et_pb_fullwidth_menu menu_id=&#8220;19&#8243; active_link_color=&#8220;#FFFFFF&#8220; dropdown_menu_bg_color=&#8220;RGBA(255,255,255,0)&#8220; dropdown_menu_line_color=&#8220;RGBA(255,255,255,0)&#8220; dropdown_menu_text_color=&#8220;#c9c9c9&#8243; dropdown_menu_active_link_color=&#8220;#FFFFFF&#8220; mobile_menu_bg_color=&#8220;#000000&#8243; mobile_menu_text_color=&#8220;#FFFFFF&#8220; logo=&#8220;https:\/\/angelikaherta.com\/wp-content\/uploads\/2024\/10\/Logo-roter-Punkt-1.jpg&#8220; logo_url=&#8220;www.angelikaherta.com&#8220; disabled_on=&#8220;on|on|off&#8220; module_class=&#8220;vertical-menu&#8220; _builder_version=&#8220;4.27.3&#8243; _module_preset=&#8220;default&#8220; menu_font=&#8220;Poppins|700|||||||&#8220; menu_text_color=&#8220;#cccccc&#8220; background_color=&#8220;RGBA(255,255,255,0)&#8220; positioning=&#8220;fixed&#8220; width=&#8220;100%&#8220; custom_padding=&#8220;0px|279px|0px|0px|false|false&#8220; global_colors_info=&#8220;{}&#8220;][\/et_pb_fullwidth_menu][et_pb_fullwidth_menu menu_id=&#8220;18&#8243; dropdown_menu_bg_color=&#8220;#000000&#8243; dropdown_menu_line_color=&#8220;RGBA(255,255,255,0)&#8220; dropdown_menu_text_color=&#8220;#FFFFFF&#8220; dropdown_menu_active_link_color=&#8220;#FFFFFF&#8220; mobile_menu_bg_color=&#8220;#000000&#8243; mobile_menu_text_color=&#8220;#FFFFFF&#8220; disabled_on=&#8220;off|off|on&#8220; _builder_version=&#8220;4.27.3&#8243; _module_preset=&#8220;default&#8220; background_color=&#8220;RGBA(255,255,255,0)&#8220; global_colors_info=&#8220;{}&#8220;][\/et_pb_fullwidth_menu][\/et_pb_section][et_pb_section fb_built=&#8220;1&#8243; _builder_version=&#8220;4.27.4&#8243; _module_preset=&#8220;default&#8220; background_image=&#8220;https:\/\/angelikaherta.com\/wp-content\/uploads\/2024\/11\/Hintergund-6.png&#8220; parallax=&#8220;on&#8220; parallax_method=&#8220;off&#8220; positioning=&#8220;absolute&#8220; position_origin_a_tablet=&#8220;&#8220; position_origin_a_phone=&#8220;&#8220; position_origin_a_last_edited=&#8220;on|phone&#8220; position_origin_f_tablet=&#8220;&#8220; position_origin_f_phone=&#8220;&#8220; position_origin_f_last_edited=&#8220;on|tablet&#8220; position_origin_r_tablet=&#8220;&#8220; position_origin_r_phone=&#8220;&#8220; position_origin_r_last_edited=&#8220;on|tablet&#8220; min_height=&#8220;100vh&#8220; background_last_edited=&#8220;on|phone&#8220; background_image_tablet=&#8220;https:\/\/angelikaherta.com\/wp-content\/uploads\/2024\/10\/weisse-Linien-Ipad-neu-1024&#215;576.jpg&#8220; background_image_phone=&#8220;https:\/\/angelikaherta.com\/wp-content\/uploads\/2024\/12\/hintergrund-mobil-ueber-6.png&#8220; background_enable_image_tablet=&#8220;on&#8220; background_enable_image_phone=&#8220;on&#8220; parallax_tablet=&#8220;off&#8220; parallax_phone=&#8220;off&#8220; positioning_tablet=&#8220;absolute&#8220; positioning_phone=&#8220;relative&#8220; positioning_last_edited=&#8220;on|tablet&#8220; global_colors_info=&#8220;{}&#8220;][et_pb_row _builder_version=&#8220;4.27.3&#8243; _module_preset=&#8220;default&#8220; background_image=&#8220;https:\/\/angelikaherta.com\/wp-content\/uploads\/2024\/11\/ueber-mich-hintergrund-mit-transparenz.png&#8220; background_size=&#8220;custom&#8220; background_image_width=&#8220;94%&#8220; background_image_height=&#8220;0%&#8220; background_position=&#8220;top_center&#8220; width=&#8220;100%&#8220; width_tablet=&#8220;50%&#8220; width_phone=&#8220;74%&#8220; width_last_edited=&#8220;on|phone&#8220; module_alignment=&#8220;center&#8220; height=&#8220;599px&#8220; height_tablet=&#8220;&#8220; height_phone=&#8220;200px&#8220; height_last_edited=&#8220;on|phone&#8220; custom_margin=&#8220;||0px||false|false&#8220; custom_margin_tablet=&#8220;||0px||false|false&#8220; custom_margin_phone=&#8220;90px||||false|false&#8220; custom_margin_last_edited=&#8220;on|desktop&#8220; custom_padding=&#8220;0px||0px||false|false&#8220; background_last_edited=&#8220;on|phone&#8220; global_colors_info=&#8220;{}&#8220; background__hover_enabled=&#8220;off|desktop&#8220;][et_pb_column type=&#8220;4_4&#8243; _builder_version=&#8220;4.27.3&#8243; _module_preset=&#8220;default&#8220; global_colors_info=&#8220;{}&#8220;][et_pb_image src=&#8220;https:\/\/angelikaherta.com\/wp-content\/uploads\/2024\/11\/Angelika_herta_small-16-9-mehrLinien.png&#8220; alt=&#8220;L\u00e4chelnde Frau um die 40 mit dunkelbraunen Haaren in einem lockeren Haarknoten.&#8220; title_text=&#8220;Angelika Herta Portrait&#8220; align=&#8220;center&#8220; src_tablet=&#8220;https:\/\/angelikaherta.com\/wp-content\/uploads\/2024\/11\/Angelika_herta_small-16-9-mehrLinien.png&#8220; src_phone=&#8220;https:\/\/angelikaherta.com\/wp-content\/uploads\/2024\/11\/Angelika_herta_small-16-9-mehrLinien.png&#8220; src_last_edited=&#8220;on|phone&#8220; _builder_version=&#8220;4.27.4&#8243; _module_preset=&#8220;default&#8220; custom_margin=&#8220;||||false|false&#8220; custom_margin_tablet=&#8220;||||false|false&#8220; custom_margin_phone=&#8220;||||false|false&#8220; custom_margin_last_edited=&#8220;on|phone&#8220; filter_opacity=&#8220;0%&#8220; filter_opacity_tablet=&#8220;0%&#8220; filter_opacity_phone=&#8220;100%&#8220; filter_opacity_last_edited=&#8220;on|phone&#8220; image_details_margin=&#8220;0px||0px||false|false&#8220; border_radii=&#8220;on|3px|3px|3px|3px&#8220; global_colors_info=&#8220;{}&#8220; filter_opacity__hover_enabled=&#8220;on|hover&#8220; filter_opacity__hover=&#8220;100%&#8220; hover_image_src_last_edited=&#8220;on|phone&#8220; src__hover_enabled=&#8220;off|desktop&#8220; hover_image_src_phone=&#8220;https:\/\/angelikaherta.com\/wp-content\/uploads\/2024\/11\/Angelika_herta_small-16-9-mehrLinien-300&#215;169.png&#8220;][\/et_pb_image][\/et_pb_column][\/et_pb_row][et_pb_row custom_padding_last_edited=&#8220;on|desktop&#8220; _builder_version=&#8220;4.27.3&#8243; _module_preset=&#8220;default&#8220; width=&#8220;45%&#8220; width_tablet=&#8220;45%&#8220; width_phone=&#8220;87%&#8220; width_last_edited=&#8220;on|phone&#8220; custom_margin=&#8220;||||false|false&#8220; custom_padding=&#8220;0px||0px||false|false&#8220; custom_padding_tablet=&#8220;0px||0px||false|false&#8220; custom_padding_phone=&#8220;0px||0px||false|false&#8220; global_colors_info=&#8220;{}&#8220;][et_pb_column type=&#8220;4_4&#8243; _builder_version=&#8220;4.27.3&#8243; _module_preset=&#8220;default&#8220; global_colors_info=&#8220;{}&#8220;][et_pb_heading title=&#8220;\u00fcber mich&#8220; _builder_version=&#8220;4.27.3&#8243; _module_preset=&#8220;default&#8220; title_font=&#8220;Poppins||||||||&#8220; title_text_align=&#8220;center&#8220; title_text_color=&#8220;#d8d8d8&#8243; global_colors_info=&#8220;{}&#8220;][\/et_pb_heading][et_pb_text _builder_version=&#8220;4.27.4&#8243; _module_preset=&#8220;default&#8220; text_font=&#8220;Poppins||||||||&#8220; text_text_color=&#8220;#c9c9c9&#8243; global_colors_info=&#8220;{}&#8220;]<\/p>\n<p style=\"text-align: center;\">Als Medienk\u00fcnstlerin und Filmemacherin mit Sitz in K\u00f6ln verbinde ich verschiedene k\u00fcnstlerische Disziplinen in meiner Arbeit. Meine Arbeiten werden sowohl auf Filmfestivals als auch in Ausstellungskontexten gezeigt.<\/p>\n<p style=\"text-align: center;\">Nach meinem Diplom in Medialen K\u00fcnsten an der Kunsthochschule f\u00fcr Medien K\u00f6ln 2021 wurde ich mit dem &#8222;SHOOT&#8220; Young Artist Award ausgezeichnet. Meine k\u00fcnstlerische Entwicklung wurde durch ein 6-monatiges Arbeitsstipendium f\u00fcr Dokumentarfilm des NRW-Ministeriums f\u00fcr Kultur und Wissenschaft sowie durch Teilnahmen an Programmen wie SHEROES und ESoDoc gef\u00f6rdert. Wertvolle Erfahrungen sammelte ich bei K\u00fcnstlerresidenzen des Goethe-Instituts Estland, der Art Hall Tallinn und der No Drama Production in Polen.<\/p>\n<p style=\"text-align: center;\">Mein akademischer Hintergrund umfasst neben der Medienkunst einen Magisterabschluss in Vergleichender Literaturwissenschaft der Universit\u00e4t Wien. Ich bin Mitglied des Berufsverbands Dokumentarfilm (AG DOK) und arbeite an TV-Produktionen f\u00fcr KIKA und 3Sat. Zudem bin ich als H\u00f6rfilmautorin t\u00e4tig und geh\u00f6re dem H\u00f6rfilm e.V. an.<\/p>\n<p style=\"text-align: center;\">Neben meiner k\u00fcnstlerischen T\u00e4tigkeit engagiere ich mich in der Medienp\u00e4dagogik und gebe Workshops f\u00fcr Kinder und junge Erwachsene in Kooperation mit verschiedenen Kulturinstitutionen. Mein kreatives Umfeld umfasst ein geteiltes Atelier im K\u00f6lner Quartier am Hafen, wo ich mit vier K\u00fcnstlerinnen arbeite.<\/p>\n<p style=\"text-align: center;\">Geb\u00fcrtig aus \u00d6sterreich, lebe ich heute mit meinem Mann, ebenfalls Filmemacher, und unserer Tochter in K\u00f6ln.<\/p>\n<p>[\/et_pb_text][et_pb_text _builder_version=&#8220;4.27.4&#8243; _module_preset=&#8220;default&#8220; text_font=&#8220;Poppins||||||||&#8220; custom_margin=&#8220;||1px||false|false&#8220; link_option_url=&#8220;https:\/\/www.instagram.com\/angelika__herta\/&#8220; link_option_url_new_window=&#8220;on&#8220; global_colors_info=&#8220;{}&#8220; text_text_color__hover_enabled=&#8220;on|hover&#8220; text_text_color__hover=&#8220;#FFFFFF&#8220;]<\/p>\n<p style=\"text-align: right;\">Zu meinem Instagram<\/p>\n<p>[\/et_pb_text][et_pb_text _builder_version=&#8220;4.27.4&#8243; _module_preset=&#8220;default&#8220; text_font=&#8220;Poppins||||||||&#8220; custom_margin=&#8220;||1px||false|false&#8220; link_option_url=&#8220;https:\/\/qah.koeln\/menschen\/angelika-herta\/&#8220; link_option_url_new_window=&#8220;on&#8220; hover_enabled=&#8220;0&#8243; global_colors_info=&#8220;{}&#8220; text_text_color__hover_enabled=&#8220;on|hover&#8220; text_text_color__hover=&#8220;#FFFFFF&#8220; sticky_enabled=&#8220;0&#8243;]<\/p>\n<p style=\"text-align: right;\">Quartier am Hafen<\/p>\n<p>[\/et_pb_text][et_pb_text _builder_version=&#8220;4.27.3&#8243; _module_preset=&#8220;default&#8220; text_font=&#8220;Poppins||||||||&#8220; custom_margin=&#8220;||1px||false|false&#8220; link_option_url=&#8220;https:\/\/plattform.dokomotive.com\/autor\/angelika-herta\/&#8220; link_option_url_new_window=&#8220;on&#8220; global_colors_info=&#8220;{}&#8220; text_text_color__hover_enabled=&#8220;on|hover&#8220; text_text_color__hover=&#8220;#FFFFFF&#8220;]<\/p>\n<p style=\"text-align: right;\">Dokomotive<\/p>\n<p>[\/et_pb_text][et_pb_text _builder_version=&#8220;4.27.3&#8243; _module_preset=&#8220;default&#8220; text_font=&#8220;Poppins||||||||&#8220; custom_margin=&#8220;||1px||false|false&#8220; link_option_url=&#8220;https:\/\/dafilms.com\/director\/11452-angelika-herta&#8220; link_option_url_new_window=&#8220;on&#8220; global_colors_info=&#8220;{}&#8220; text_text_color__hover_enabled=&#8220;on|hover&#8220; text_text_color__hover=&#8220;#FFFFFF&#8220;]<\/p>\n<p style=\"text-align: right;\">dafilms<\/p>\n<p>[\/et_pb_text][et_pb_text _builder_version=&#8220;4.27.3&#8243; _module_preset=&#8220;default&#8220; text_font=&#8220;Poppins||||||||&#8220; custom_margin=&#8220;||1px||false|false&#8220; link_option_url=&#8220;https:\/\/agdok.de\/de_DE&#8220; link_option_url_new_window=&#8220;on&#8220; global_colors_info=&#8220;{}&#8220; text_text_color__hover_enabled=&#8220;on|hover&#8220; text_text_color__hover=&#8220;#FFFFFF&#8220;]<\/p>\n<p style=\"text-align: right;\">AG DOK<\/p>\n<p>[\/et_pb_text][et_pb_text _builder_version=&#8220;4.27.4&#8243; _module_preset=&#8220;default&#8220; text_font=&#8220;Poppins||||||||&#8220; custom_margin=&#8220;||1px||false|false&#8220; link_option_url=&#8220;https:\/\/hoerfilmev.de\/&#8220; link_option_url_new_window=&#8220;on&#8220; global_colors_info=&#8220;{}&#8220; text_text_color__hover_enabled=&#8220;on|hover&#8220; text_text_color__hover=&#8220;#FFFFFF&#8220;]<\/p>\n<p style=\"text-align: right;\">H\u00f6rfilm e.V.<\/p>\n<p>[\/et_pb_text][\/et_pb_column][\/et_pb_row][\/et_pb_section]<\/p>\n","protected":false},"excerpt":{"rendered":"<p>Als Medienk\u00fcnstlerin und Filmemacherin mit Sitz in K\u00f6ln verbinde ich verschiedene k\u00fcnstlerische Disziplinen in meiner Arbeit. Meine Arbeiten werden sowohl auf Filmfestivals als auch in Ausstellungskontexten gezeigt. Nach meinem Diplom in Medialen K\u00fcnsten an der Kunsthochschule f\u00fcr Medien K\u00f6ln 2021 wurde ich mit dem &#8222;SHOOT&#8220; Young Artist Award ausgezeichnet. Meine k\u00fcnstlerische Entwicklung wurde durch ein [&hellip;]<\/p>\n","protected":false},"author":1,"featured_media":0,"parent":0,"menu_order":0,"comment_status":"closed","ping_status":"closed","template":"","meta":{"_et_pb_use_builder":"on","_et_pb_old_content":"","_et_gb_content_width":"","footnotes":""},"class_list":["post-955","page","type-page","status-publish","hentry"],"yoast_head":"<!-- This site is optimized with the Yoast SEO plugin v24.0 - https:\/\/yoast.com\/wordpress\/plugins\/seo\/ -->\n<title>\u00dcber mich - Angelika Herta<\/title>\n<meta name=\"robots\" content=\"index, follow, max-snippet:-1, max-image-preview:large, max-video-preview:-1\" \/>\n<link rel=\"canonical\" href=\"https:\/\/angelikaherta.com\/en\/ueber-mich\/\" \/>\n<meta property=\"og:locale\" content=\"en_GB\" \/>\n<meta property=\"og:type\" content=\"article\" \/>\n<meta property=\"og:title\" content=\"\u00dcber mich - Angelika Herta\" \/>\n<meta property=\"og:description\" content=\"Als Medienk\u00fcnstlerin und Filmemacherin mit Sitz in K\u00f6ln verbinde ich verschiedene k\u00fcnstlerische Disziplinen in meiner Arbeit. Meine Arbeiten werden sowohl auf Filmfestivals als auch in Ausstellungskontexten gezeigt. Nach meinem Diplom in Medialen K\u00fcnsten an der Kunsthochschule f\u00fcr Medien K\u00f6ln 2021 wurde ich mit dem &quot;SHOOT&quot; Young Artist Award ausgezeichnet. Meine k\u00fcnstlerische Entwicklung wurde durch ein [&hellip;]\" \/>\n<meta property=\"og:url\" content=\"https:\/\/angelikaherta.com\/en\/ueber-mich\/\" \/>\n<meta property=\"og:site_name\" content=\"Angelika Herta\" \/>\n<meta property=\"article:publisher\" content=\"https:\/\/www.facebook.com\/undjetztBobkowski\/\" \/>\n<meta property=\"article:modified_time\" content=\"2025-06-05T09:05:31+00:00\" \/>\n<meta name=\"twitter:card\" content=\"summary_large_image\" \/>\n<meta name=\"twitter:label1\" content=\"Estimated reading time\" \/>\n\t<meta name=\"twitter:data1\" content=\"6 minutes\" \/>\n<script type=\"application\/ld+json\" class=\"yoast-schema-graph\">{\"@context\":\"https:\/\/schema.org\",\"@graph\":[{\"@type\":\"WebPage\",\"@id\":\"https:\/\/angelikaherta.com\/ueber-mich\/\",\"url\":\"https:\/\/angelikaherta.com\/ueber-mich\/\",\"name\":\"\u00dcber mich - Angelika Herta\",\"isPartOf\":{\"@id\":\"https:\/\/angelikaherta.com\/#website\"},\"datePublished\":\"2024-10-10T10:59:30+00:00\",\"dateModified\":\"2025-06-05T09:05:31+00:00\",\"breadcrumb\":{\"@id\":\"https:\/\/angelikaherta.com\/ueber-mich\/#breadcrumb\"},\"inLanguage\":\"en-GB\",\"potentialAction\":[{\"@type\":\"ReadAction\",\"target\":[\"https:\/\/angelikaherta.com\/ueber-mich\/\"]}]},{\"@type\":\"BreadcrumbList\",\"@id\":\"https:\/\/angelikaherta.com\/ueber-mich\/#breadcrumb\",\"itemListElement\":[{\"@type\":\"ListItem\",\"position\":1,\"name\":\"Startseite\",\"item\":\"https:\/\/angelikaherta.com\/\"},{\"@type\":\"ListItem\",\"position\":2,\"name\":\"\u00dcber mich\"}]},{\"@type\":\"WebSite\",\"@id\":\"https:\/\/angelikaherta.com\/#website\",\"url\":\"https:\/\/angelikaherta.com\/\",\"name\":\"Angelika Herta\",\"description\":\"\",\"potentialAction\":[{\"@type\":\"SearchAction\",\"target\":{\"@type\":\"EntryPoint\",\"urlTemplate\":\"https:\/\/angelikaherta.com\/?s={search_term_string}\"},\"query-input\":{\"@type\":\"PropertyValueSpecification\",\"valueRequired\":true,\"valueName\":\"search_term_string\"}}],\"inLanguage\":\"en-GB\"}]}<\/script>\n<!-- \/ Yoast SEO plugin. -->","yoast_head_json":{"title":"\u00dcber mich - Angelika Herta","robots":{"index":"index","follow":"follow","max-snippet":"max-snippet:-1","max-image-preview":"max-image-preview:large","max-video-preview":"max-video-preview:-1"},"canonical":"https:\/\/angelikaherta.com\/en\/ueber-mich\/","og_locale":"en_GB","og_type":"article","og_title":"\u00dcber mich - Angelika Herta","og_description":"Als Medienk\u00fcnstlerin und Filmemacherin mit Sitz in K\u00f6ln verbinde ich verschiedene k\u00fcnstlerische Disziplinen in meiner Arbeit. Meine Arbeiten werden sowohl auf Filmfestivals als auch in Ausstellungskontexten gezeigt. Nach meinem Diplom in Medialen K\u00fcnsten an der Kunsthochschule f\u00fcr Medien K\u00f6ln 2021 wurde ich mit dem \"SHOOT\" Young Artist Award ausgezeichnet. Meine k\u00fcnstlerische Entwicklung wurde durch ein [&hellip;]","og_url":"https:\/\/angelikaherta.com\/en\/ueber-mich\/","og_site_name":"Angelika Herta","article_publisher":"https:\/\/www.facebook.com\/undjetztBobkowski\/","article_modified_time":"2025-06-05T09:05:31+00:00","twitter_card":"summary_large_image","twitter_misc":{"Estimated reading time":"6 minutes"},"schema":{"@context":"https:\/\/schema.org","@graph":[{"@type":"WebPage","@id":"https:\/\/angelikaherta.com\/ueber-mich\/","url":"https:\/\/angelikaherta.com\/ueber-mich\/","name":"\u00dcber mich - Angelika Herta","isPartOf":{"@id":"https:\/\/angelikaherta.com\/#website"},"datePublished":"2024-10-10T10:59:30+00:00","dateModified":"2025-06-05T09:05:31+00:00","breadcrumb":{"@id":"https:\/\/angelikaherta.com\/ueber-mich\/#breadcrumb"},"inLanguage":"en-GB","potentialAction":[{"@type":"ReadAction","target":["https:\/\/angelikaherta.com\/ueber-mich\/"]}]},{"@type":"BreadcrumbList","@id":"https:\/\/angelikaherta.com\/ueber-mich\/#breadcrumb","itemListElement":[{"@type":"ListItem","position":1,"name":"Startseite","item":"https:\/\/angelikaherta.com\/"},{"@type":"ListItem","position":2,"name":"\u00dcber mich"}]},{"@type":"WebSite","@id":"https:\/\/angelikaherta.com\/#website","url":"https:\/\/angelikaherta.com\/","name":"Angelika Herta","description":"","potentialAction":[{"@type":"SearchAction","target":{"@type":"EntryPoint","urlTemplate":"https:\/\/angelikaherta.com\/?s={search_term_string}"},"query-input":{"@type":"PropertyValueSpecification","valueRequired":true,"valueName":"search_term_string"}}],"inLanguage":"en-GB"}]}},"_links":{"self":[{"href":"https:\/\/angelikaherta.com\/en\/wp-json\/wp\/v2\/pages\/955","targetHints":{"allow":["GET"]}}],"collection":[{"href":"https:\/\/angelikaherta.com\/en\/wp-json\/wp\/v2\/pages"}],"about":[{"href":"https:\/\/angelikaherta.com\/en\/wp-json\/wp\/v2\/types\/page"}],"author":[{"embeddable":true,"href":"https:\/\/angelikaherta.com\/en\/wp-json\/wp\/v2\/users\/1"}],"replies":[{"embeddable":true,"href":"https:\/\/angelikaherta.com\/en\/wp-json\/wp\/v2\/comments?post=955"}],"version-history":[{"count":43,"href":"https:\/\/angelikaherta.com\/en\/wp-json\/wp\/v2\/pages\/955\/revisions"}],"predecessor-version":[{"id":4852,"href":"https:\/\/angelikaherta.com\/en\/wp-json\/wp\/v2\/pages\/955\/revisions\/4852"}],"wp:attachment":[{"href":"https:\/\/angelikaherta.com\/en\/wp-json\/wp\/v2\/media?parent=955"}],"curies":[{"name":"wp","href":"https:\/\/api.w.org\/{rel}","templated":true}]}}