{"id":879,"date":"2024-10-09T21:12:15","date_gmt":"2024-10-09T19:12:15","guid":{"rendered":"http:\/\/angelikaherta.com\/?page_id=879"},"modified":"2025-06-05T11:16:51","modified_gmt":"2025-06-05T09:16:51","slug":"life-could-be-so-beautiful","status":"publish","type":"page","link":"https:\/\/angelikaherta.com\/en\/life-could-be-so-beautiful\/","title":{"rendered":"Life could be so beautiful \u2013 2019"},"content":{"rendered":"<p>[et_pb_section fb_built=&#8220;1&#8243; _builder_version=&#8220;4.27.3&#8243; _module_preset=&#8220;default&#8220; background_image=&#8220;https:\/\/angelikaherta.com\/wp-content\/uploads\/2024\/11\/Hintergrund-5.png&#8220; parallax=&#8220;on&#8220; parallax_method=&#8220;off&#8220; positioning=&#8220;absolute&#8220; position_origin_a_tablet=&#8220;&#8220; position_origin_a_phone=&#8220;&#8220; position_origin_a_last_edited=&#8220;on|phone&#8220; position_origin_f_tablet=&#8220;&#8220; position_origin_f_phone=&#8220;&#8220; position_origin_f_last_edited=&#8220;on|tablet&#8220; position_origin_r_tablet=&#8220;&#8220; position_origin_r_phone=&#8220;&#8220; position_origin_r_last_edited=&#8220;on|tablet&#8220; min_height=&#8220;100vh&#8220; background_last_edited=&#8220;on|phone&#8220; background_image_tablet=&#8220;https:\/\/angelikaherta.com\/wp-content\/uploads\/2024\/10\/weisse-Linien-Ipad-neu-1024&#215;576.jpg&#8220; background_image_phone=&#8220;https:\/\/angelikaherta.com\/wp-content\/uploads\/2024\/12\/LCBSB.png&#8220; background_enable_image_tablet=&#8220;on&#8220; background_enable_image_phone=&#8220;on&#8220; parallax_tablet=&#8220;off&#8220; parallax_phone=&#8220;off&#8220; positioning_tablet=&#8220;absolute&#8220; positioning_phone=&#8220;relative&#8220; positioning_last_edited=&#8220;on|tablet&#8220; global_colors_info=&#8220;{}&#8220;][et_pb_row _builder_version=&#8220;4.27.3&#8243; _module_preset=&#8220;default&#8220; global_colors_info=&#8220;{}&#8220;][et_pb_column type=&#8220;4_4&#8243; _builder_version=&#8220;4.27.2&#8243; _module_preset=&#8220;default&#8220; global_colors_info=&#8220;{}&#8220;][et_pb_slider show_image_video_mobile=&#8220;on&#8220; disabled_on=&#8220;on|on|off&#8220; _builder_version=&#8220;4.27.4&#8243; _module_preset=&#8220;default&#8220; background_color=&#8220;RGBA(255,255,255,0)&#8220; global_colors_info=&#8220;{}&#8220;][et_pb_slide _builder_version=&#8220;4.27.4&#8243; _module_preset=&#8220;default&#8220; global_colors_info=&#8220;{}&#8220; sticky_transition=&#8220;on&#8220;]<\/p>\n<p><img loading=\"lazy\" decoding=\"async\" src=\"https:\/\/angelikaherta.com\/wp-content\/uploads\/2024\/10\/LCBSB_03_\u00a9HertaJacobson-vorschaubild-klein.jpg\" width=\"827\" height=\"465\" alt=\"Frau und Mann liegen zusammen in einem gr\u00fcnem Zelt.\" class=\"wp-image-590 alignnone size-full\" srcset=\"https:\/\/angelikaherta.com\/wp-content\/uploads\/2024\/10\/LCBSB_03_\u00a9HertaJacobson-vorschaubild-klein.jpg 827w, https:\/\/angelikaherta.com\/wp-content\/uploads\/2024\/10\/LCBSB_03_\u00a9HertaJacobson-vorschaubild-klein-300x169.jpg 300w, https:\/\/angelikaherta.com\/wp-content\/uploads\/2024\/10\/LCBSB_03_\u00a9HertaJacobson-vorschaubild-klein-768x432.jpg 768w, https:\/\/angelikaherta.com\/wp-content\/uploads\/2024\/10\/LCBSB_03_\u00a9HertaJacobson-vorschaubild-klein-480x270.jpg 480w\" sizes=\"(max-width: 827px) 100vw, 827px\" \/><\/p>\n<p>[\/et_pb_slide][et_pb_slide _builder_version=&#8220;4.27.4&#8243; _module_preset=&#8220;default&#8220; global_colors_info=&#8220;{}&#8220; sticky_transition=&#8220;on&#8220;]<img loading=\"lazy\" decoding=\"async\" src=\"https:\/\/angelikaherta.com\/wp-content\/uploads\/2024\/10\/LCBSB_01_\u00a9HertaJacobson-thumbnail-klein-1024x576-1.jpg\" width=\"1024\" height=\"576\" alt=\"Frau und Mann in Radoutfit beim Picknicken im Gras.\" class=\"wp-image-1549 alignnone size-full\" srcset=\"https:\/\/angelikaherta.com\/wp-content\/uploads\/2024\/10\/LCBSB_01_\u00a9HertaJacobson-thumbnail-klein-1024x576-1.jpg 1024w, https:\/\/angelikaherta.com\/wp-content\/uploads\/2024\/10\/LCBSB_01_\u00a9HertaJacobson-thumbnail-klein-1024x576-1-300x169.jpg 300w, https:\/\/angelikaherta.com\/wp-content\/uploads\/2024\/10\/LCBSB_01_\u00a9HertaJacobson-thumbnail-klein-1024x576-1-768x432.jpg 768w, https:\/\/angelikaherta.com\/wp-content\/uploads\/2024\/10\/LCBSB_01_\u00a9HertaJacobson-thumbnail-klein-1024x576-1-18x10.jpg 18w, https:\/\/angelikaherta.com\/wp-content\/uploads\/2024\/10\/LCBSB_01_\u00a9HertaJacobson-thumbnail-klein-1024x576-1-980x551.jpg 980w, https:\/\/angelikaherta.com\/wp-content\/uploads\/2024\/10\/LCBSB_01_\u00a9HertaJacobson-thumbnail-klein-1024x576-1-480x270.jpg 480w\" sizes=\"(max-width: 1024px) 100vw, 1024px\" \/>[\/et_pb_slide][et_pb_slide _builder_version=&#8220;4.27.4&#8243; _module_preset=&#8220;default&#8220; global_colors_info=&#8220;{}&#8220; sticky_transition=&#8220;on&#8220;]<img loading=\"lazy\" decoding=\"async\" src=\"https:\/\/angelikaherta.com\/wp-content\/uploads\/2024\/11\/Life-could-be-so-beautiful_02_\u00a9HertaJacobson-Kopie.jpg\" width=\"756\" height=\"489\" alt=\"Frau und Mann liegen im Bett. Sie h\u00e4lt ein Mikrophon. Dar\u00fcber steht: Life could be so beautiful.\" class=\"wp-image-1793 alignnone size-full\" srcset=\"https:\/\/angelikaherta.com\/wp-content\/uploads\/2024\/11\/Life-could-be-so-beautiful_02_\u00a9HertaJacobson-Kopie.jpg 756w, https:\/\/angelikaherta.com\/wp-content\/uploads\/2024\/11\/Life-could-be-so-beautiful_02_\u00a9HertaJacobson-Kopie-300x194.jpg 300w, https:\/\/angelikaherta.com\/wp-content\/uploads\/2024\/11\/Life-could-be-so-beautiful_02_\u00a9HertaJacobson-Kopie-18x12.jpg 18w, https:\/\/angelikaherta.com\/wp-content\/uploads\/2024\/11\/Life-could-be-so-beautiful_02_\u00a9HertaJacobson-Kopie-480x310.jpg 480w\" sizes=\"(max-width: 756px) 100vw, 756px\" \/>[\/et_pb_slide][\/et_pb_slider][et_pb_image src=&#8220;https:\/\/angelikaherta.com\/wp-content\/uploads\/2024\/10\/LCBSB_03_\u00a9HertaJacobson-vorschaubild-klein-300&#215;169.jpg&#8220; alt=&#8220;Frau und Mann liegen zusammen in einem gr\u00fcnem Zelt.&#8220; align=&#8220;center&#8220; disabled_on=&#8220;off|off|on&#8220; _builder_version=&#8220;4.27.4&#8243; _module_preset=&#8220;default&#8220; custom_margin=&#8220;0px||||false|false&#8220; custom_padding=&#8220;80px||||false|false&#8220; global_colors_info=&#8220;{}&#8220;][\/et_pb_image][et_pb_heading title=&#8220;LIFE COULD BE SO BEAUTIFUL&#8220; admin_label=&#8220;\u00dcberschrift H1&#8243; _builder_version=&#8220;4.27.3&#8243; _module_preset=&#8220;default&#8220; title_font=&#8220;Poppins|600|||||||&#8220; title_text_align=&#8220;center&#8220; title_text_color=&#8220;#d8d8d8&#8243; global_colors_info=&#8220;{}&#8220;][\/et_pb_heading][et_pb_heading title=&#8220; Dokumentarfilm, 62 Min, Deutschland\/Frankreich\/Polen, 2019 \u2013 Farbe, Stereo&#8220; _builder_version=&#8220;4.27.4&#8243; _module_preset=&#8220;default&#8220; title_level=&#8220;h2&#8243; title_font=&#8220;Poppins|600|||||||&#8220; title_text_align=&#8220;center&#8220; title_text_color=&#8220;#d3d3d3&#8243; title_font_size=&#8220;17px&#8220; title_line_height=&#8220;1.4em&#8220; width=&#8220;60%&#8220; width_tablet=&#8220;60%&#8220; width_phone=&#8220;90%&#8220; width_last_edited=&#8220;on|phone&#8220; module_alignment=&#8220;center&#8220; global_colors_info=&#8220;{}&#8220;][\/et_pb_heading][et_pb_text _builder_version=&#8220;4.27.4&#8243; _module_preset=&#8220;default&#8220; text_font=&#8220;Poppins||||||||&#8220; text_text_color=&#8220;#c9c9c9&#8243; width=&#8220;60%&#8220; width_tablet=&#8220;60%&#8220; width_phone=&#8220;90%&#8220; width_last_edited=&#8220;on|phone&#8220; max_width_tablet=&#8220;55%&#8220; max_width_phone=&#8220;none&#8220; max_width_last_edited=&#8220;on|desktop&#8220; module_alignment=&#8220;center&#8220; hover_enabled=&#8220;0&#8243; global_colors_info=&#8220;{}&#8220; sticky_enabled=&#8220;0&#8243;]<\/p>\n<p style=\"text-align: center;\">Ein Dokumentarfilm \u00fcber ein Paar (beide Filmemacher), die ihren Sommer in Frankreich damit verbringen, auf Fahrr\u00e4dern den Aufzeichnungen aus dem Tagebuch des polnischen Schriftstellers Andrzej Bobkowski zu folgen, der diese Reise 1940 &#8211; inmitten des 2. Weltkriegs &#8211; unternommen hat. Sie filmen vorerst ihre Recherche, doch das ganze Vorhaben endet mit der Infragestellung ihrer Beziehung. Das Leben k\u00f6nnte so sch\u00f6n sein, w\u00e4ren da nicht diverse \u00c4ngste, falsche Erwartungen und Frustrationen. Ein humorvoll erz\u00e4hlter Road Trip \u00fcber ein Paar, das sich selbst auf der Spur ist.<\/p>\n<p style=\"text-align: center;\"><strong>Jury statement for Best Central and East European Documentary Student Film at Ji.hlava International Documentary Film Festival 2019:<br \/><\/strong><em>\u201cStarting off as a\u00a0geographical and cultural bicycle road trip through France, on the trail of a\u00a0Polish war time writer from the 1940s, the real journey of this film becomes a\u00a0witty exploration of the dynamics of a\u00a0relationship. For its free-flowing, unpredictable style, which subverts the conventional narrative of a\u00a0masculine adventure, and for its wry, open-ended enquiry into the nature of historical trauma and memory.\u201d<\/em><\/p>\n<p style=\"text-align: center;\"><strong>Auszeichnungen:<\/strong><br \/><em>Best Central and East European Documentary Student Film 2019, Ji.hlava Documentary Film Festival<\/em><br \/><em>Shoot Preis Internationales Frauen Film Fest Dortmund + K\u00f6ln, 2021<\/em><\/p>\n<p style=\"text-align: center;\"><strong>Screenings:<\/strong><br \/><em>Ji.hlava International Documenatry Film Festival, Oktober 2019<br \/>Internationales Frauen Film Fest Dortmund + K\u00f6ln, Juli 2021<\/em><\/p>\n<p style=\"text-align: center;\"><em><\/em><\/p>\n<p>[\/et_pb_text][\/et_pb_column][\/et_pb_row][\/et_pb_section]<\/p>\n","protected":false},"excerpt":{"rendered":"<p>Ein Dokumentarfilm \u00fcber ein Paar (beide Filmemacher), die ihren Sommer in Frankreich damit verbringen, auf Fahrr\u00e4dern den Aufzeichnungen aus dem Tagebuch des polnischen Schriftstellers Andrzej Bobkowski zu folgen, der diese Reise 1940 &#8211; inmitten des 2. Weltkriegs &#8211; unternommen hat. Sie filmen vorerst ihre Recherche, doch das ganze Vorhaben endet mit der Infragestellung ihrer Beziehung. [&hellip;]<\/p>\n","protected":false},"author":1,"featured_media":0,"parent":0,"menu_order":0,"comment_status":"closed","ping_status":"closed","template":"","meta":{"_et_pb_use_builder":"on","_et_pb_old_content":"","_et_gb_content_width":"","footnotes":""},"class_list":["post-879","page","type-page","status-publish","hentry"],"yoast_head":"<!-- This site is optimized with the Yoast SEO plugin v24.0 - https:\/\/yoast.com\/wordpress\/plugins\/seo\/ -->\n<title>Life could be so beautiful \u2013 2019 - Angelika Herta<\/title>\n<meta name=\"robots\" content=\"index, follow, max-snippet:-1, max-image-preview:large, max-video-preview:-1\" \/>\n<link rel=\"canonical\" href=\"https:\/\/angelikaherta.com\/en\/life-could-be-so-beautiful\/\" \/>\n<meta property=\"og:locale\" content=\"en_GB\" \/>\n<meta property=\"og:type\" content=\"article\" \/>\n<meta property=\"og:title\" content=\"Life could be so beautiful \u2013 2019 - Angelika Herta\" \/>\n<meta property=\"og:description\" content=\"Ein Dokumentarfilm \u00fcber ein Paar (beide Filmemacher), die ihren Sommer in Frankreich damit verbringen, auf Fahrr\u00e4dern den Aufzeichnungen aus dem Tagebuch des polnischen Schriftstellers Andrzej Bobkowski zu folgen, der diese Reise 1940 - inmitten des 2. Weltkriegs - unternommen hat. Sie filmen vorerst ihre Recherche, doch das ganze Vorhaben endet mit der Infragestellung ihrer Beziehung. [&hellip;]\" \/>\n<meta property=\"og:url\" content=\"https:\/\/angelikaherta.com\/en\/life-could-be-so-beautiful\/\" \/>\n<meta property=\"og:site_name\" content=\"Angelika Herta\" \/>\n<meta property=\"article:publisher\" content=\"https:\/\/www.facebook.com\/undjetztBobkowski\/\" \/>\n<meta property=\"article:modified_time\" content=\"2025-06-05T09:16:51+00:00\" \/>\n<meta name=\"twitter:card\" content=\"summary_large_image\" \/>\n<meta name=\"twitter:label1\" content=\"Estimated reading time\" \/>\n\t<meta name=\"twitter:data1\" content=\"3 minutes\" \/>\n<script type=\"application\/ld+json\" class=\"yoast-schema-graph\">{\"@context\":\"https:\/\/schema.org\",\"@graph\":[{\"@type\":\"WebPage\",\"@id\":\"https:\/\/angelikaherta.com\/life-could-be-so-beautiful\/\",\"url\":\"https:\/\/angelikaherta.com\/life-could-be-so-beautiful\/\",\"name\":\"Life could be so beautiful \u2013 2019 - Angelika Herta\",\"isPartOf\":{\"@id\":\"https:\/\/angelikaherta.com\/#website\"},\"datePublished\":\"2024-10-09T19:12:15+00:00\",\"dateModified\":\"2025-06-05T09:16:51+00:00\",\"breadcrumb\":{\"@id\":\"https:\/\/angelikaherta.com\/life-could-be-so-beautiful\/#breadcrumb\"},\"inLanguage\":\"en-GB\",\"potentialAction\":[{\"@type\":\"ReadAction\",\"target\":[\"https:\/\/angelikaherta.com\/life-could-be-so-beautiful\/\"]}]},{\"@type\":\"BreadcrumbList\",\"@id\":\"https:\/\/angelikaherta.com\/life-could-be-so-beautiful\/#breadcrumb\",\"itemListElement\":[{\"@type\":\"ListItem\",\"position\":1,\"name\":\"Startseite\",\"item\":\"https:\/\/angelikaherta.com\/\"},{\"@type\":\"ListItem\",\"position\":2,\"name\":\"Life could be so beautiful \u2013 2019\"}]},{\"@type\":\"WebSite\",\"@id\":\"https:\/\/angelikaherta.com\/#website\",\"url\":\"https:\/\/angelikaherta.com\/\",\"name\":\"Angelika Herta\",\"description\":\"\",\"potentialAction\":[{\"@type\":\"SearchAction\",\"target\":{\"@type\":\"EntryPoint\",\"urlTemplate\":\"https:\/\/angelikaherta.com\/?s={search_term_string}\"},\"query-input\":{\"@type\":\"PropertyValueSpecification\",\"valueRequired\":true,\"valueName\":\"search_term_string\"}}],\"inLanguage\":\"en-GB\"}]}<\/script>\n<!-- \/ Yoast SEO plugin. -->","yoast_head_json":{"title":"Life could be so beautiful \u2013 2019 - Angelika Herta","robots":{"index":"index","follow":"follow","max-snippet":"max-snippet:-1","max-image-preview":"max-image-preview:large","max-video-preview":"max-video-preview:-1"},"canonical":"https:\/\/angelikaherta.com\/en\/life-could-be-so-beautiful\/","og_locale":"en_GB","og_type":"article","og_title":"Life could be so beautiful \u2013 2019 - Angelika Herta","og_description":"Ein Dokumentarfilm \u00fcber ein Paar (beide Filmemacher), die ihren Sommer in Frankreich damit verbringen, auf Fahrr\u00e4dern den Aufzeichnungen aus dem Tagebuch des polnischen Schriftstellers Andrzej Bobkowski zu folgen, der diese Reise 1940 - inmitten des 2. Weltkriegs - unternommen hat. Sie filmen vorerst ihre Recherche, doch das ganze Vorhaben endet mit der Infragestellung ihrer Beziehung. [&hellip;]","og_url":"https:\/\/angelikaherta.com\/en\/life-could-be-so-beautiful\/","og_site_name":"Angelika Herta","article_publisher":"https:\/\/www.facebook.com\/undjetztBobkowski\/","article_modified_time":"2025-06-05T09:16:51+00:00","twitter_card":"summary_large_image","twitter_misc":{"Estimated reading time":"3 minutes"},"schema":{"@context":"https:\/\/schema.org","@graph":[{"@type":"WebPage","@id":"https:\/\/angelikaherta.com\/life-could-be-so-beautiful\/","url":"https:\/\/angelikaherta.com\/life-could-be-so-beautiful\/","name":"Life could be so beautiful \u2013 2019 - Angelika Herta","isPartOf":{"@id":"https:\/\/angelikaherta.com\/#website"},"datePublished":"2024-10-09T19:12:15+00:00","dateModified":"2025-06-05T09:16:51+00:00","breadcrumb":{"@id":"https:\/\/angelikaherta.com\/life-could-be-so-beautiful\/#breadcrumb"},"inLanguage":"en-GB","potentialAction":[{"@type":"ReadAction","target":["https:\/\/angelikaherta.com\/life-could-be-so-beautiful\/"]}]},{"@type":"BreadcrumbList","@id":"https:\/\/angelikaherta.com\/life-could-be-so-beautiful\/#breadcrumb","itemListElement":[{"@type":"ListItem","position":1,"name":"Startseite","item":"https:\/\/angelikaherta.com\/"},{"@type":"ListItem","position":2,"name":"Life could be so beautiful \u2013 2019"}]},{"@type":"WebSite","@id":"https:\/\/angelikaherta.com\/#website","url":"https:\/\/angelikaherta.com\/","name":"Angelika Herta","description":"","potentialAction":[{"@type":"SearchAction","target":{"@type":"EntryPoint","urlTemplate":"https:\/\/angelikaherta.com\/?s={search_term_string}"},"query-input":{"@type":"PropertyValueSpecification","valueRequired":true,"valueName":"search_term_string"}}],"inLanguage":"en-GB"}]}},"_links":{"self":[{"href":"https:\/\/angelikaherta.com\/en\/wp-json\/wp\/v2\/pages\/879","targetHints":{"allow":["GET"]}}],"collection":[{"href":"https:\/\/angelikaherta.com\/en\/wp-json\/wp\/v2\/pages"}],"about":[{"href":"https:\/\/angelikaherta.com\/en\/wp-json\/wp\/v2\/types\/page"}],"author":[{"embeddable":true,"href":"https:\/\/angelikaherta.com\/en\/wp-json\/wp\/v2\/users\/1"}],"replies":[{"embeddable":true,"href":"https:\/\/angelikaherta.com\/en\/wp-json\/wp\/v2\/comments?post=879"}],"version-history":[{"count":57,"href":"https:\/\/angelikaherta.com\/en\/wp-json\/wp\/v2\/pages\/879\/revisions"}],"predecessor-version":[{"id":4865,"href":"https:\/\/angelikaherta.com\/en\/wp-json\/wp\/v2\/pages\/879\/revisions\/4865"}],"wp:attachment":[{"href":"https:\/\/angelikaherta.com\/en\/wp-json\/wp\/v2\/media?parent=879"}],"curies":[{"name":"wp","href":"https:\/\/api.w.org\/{rel}","templated":true}]}}