{"id":876,"date":"2024-10-09T21:11:38","date_gmt":"2024-10-09T19:11:38","guid":{"rendered":"http:\/\/angelikaherta.com\/?page_id=876"},"modified":"2024-12-11T13:11:56","modified_gmt":"2024-12-11T12:11:56","slug":"bobkowski","status":"publish","type":"page","link":"https:\/\/angelikaherta.com\/en\/bobkowski\/","title":{"rendered":"And now, Bobkowski?"},"content":{"rendered":"<p>[et_pb_section fb_built=&#8220;1&#8243; fullwidth=&#8220;on&#8220; _builder_version=&#8220;4.27.3&#8243; _module_preset=&#8220;default&#8220; background_color=&#8220;RGBA(255,255,255,0)&#8220; positioning=&#8220;absolute&#8220; global_colors_info=&#8220;{}&#8220;][et_pb_fullwidth_menu menu_id=&#8220;19&#8243; active_link_color=&#8220;#FFFFFF&#8220; dropdown_menu_bg_color=&#8220;RGBA(255,255,255,0)&#8220; dropdown_menu_line_color=&#8220;RGBA(255,255,255,0)&#8220; dropdown_menu_text_color=&#8220;#c9c9c9&#8243; dropdown_menu_active_link_color=&#8220;#FFFFFF&#8220; mobile_menu_bg_color=&#8220;#000000&#8243; mobile_menu_text_color=&#8220;#FFFFFF&#8220; logo=&#8220;https:\/\/angelikaherta.com\/wp-content\/uploads\/2024\/10\/Logo-roter-Punkt-1.jpg&#8220; logo_url=&#8220;www.angelikaherta.com&#8220; disabled_on=&#8220;on|on|off&#8220; module_class=&#8220;vertical-menu&#8220; _builder_version=&#8220;4.27.3&#8243; _module_preset=&#8220;default&#8220; menu_font=&#8220;Poppins|700|||||||&#8220; menu_text_color=&#8220;#cccccc&#8220; menu_font_size=&#8220;17px&#8220; background_color=&#8220;RGBA(255,255,255,0)&#8220; positioning=&#8220;fixed&#8220; position_origin_a_tablet=&#8220;&#8220; position_origin_a_phone=&#8220;&#8220; position_origin_a_last_edited=&#8220;on|desktop&#8220; position_origin_f_tablet=&#8220;&#8220; position_origin_f_phone=&#8220;&#8220; position_origin_f_last_edited=&#8220;on|desktop&#8220; position_origin_r_tablet=&#8220;&#8220; position_origin_r_phone=&#8220;&#8220; position_origin_r_last_edited=&#8220;on|desktop&#8220; width=&#8220;100%&#8220; custom_padding=&#8220;0px|327px|0px|0px|false|false&#8220; positioning_tablet=&#8220;fixed&#8220; positioning_phone=&#8220;fixed&#8220; positioning_last_edited=&#8220;on|desktop&#8220; global_colors_info=&#8220;{}&#8220;][\/et_pb_fullwidth_menu][et_pb_fullwidth_menu menu_id=&#8220;18&#8243; menu_style=&#8220;centered&#8220; dropdown_menu_bg_color=&#8220;#000000&#8243; dropdown_menu_line_color=&#8220;RGBA(255,255,255,0)&#8220; dropdown_menu_text_color=&#8220;#FFFFFF&#8220; dropdown_menu_active_link_color=&#8220;#FFFFFF&#8220; mobile_menu_bg_color=&#8220;#000000&#8243; mobile_menu_text_color=&#8220;#FFFFFF&#8220; menu_icon_color=&#8220;#FFFFFF&#8220; disabled_on=&#8220;off|off|on&#8220; _builder_version=&#8220;4.27.3&#8243; _module_preset=&#8220;default&#8220; menu_font=&#8220;Poppins|700|||||||&#8220; menu_font_size=&#8220;17px&#8220; menu_line_height=&#8220;0.9em&#8220; background_color=&#8220;RGBA(255,255,255,0)&#8220; positioning=&#8220;absolute&#8220; position_origin_a=&#8220;top_center&#8220; position_origin_a_tablet=&#8220;&#8220; position_origin_a_phone=&#8220;&#8220; position_origin_a_last_edited=&#8220;on|desktop&#8220; position_origin_f_tablet=&#8220;&#8220; position_origin_f_phone=&#8220;&#8220; position_origin_f_last_edited=&#8220;on|desktop&#8220; position_origin_r_tablet=&#8220;&#8220; position_origin_r_phone=&#8220;&#8220; position_origin_r_last_edited=&#8220;on|desktop&#8220; width=&#8220;100%&#8220; scroll_vertical_motion_enable=&#8220;off&#8220; menu_font_tablet=&#8220;Poppins|600|||||||&#8220; menu_font_phone=&#8220;Poppins|600|||||||&#8220; menu_font_last_edited=&#8220;on|phone&#8220; positioning_tablet=&#8220;absolute&#8220; positioning_phone=&#8220;absolute&#8220; positioning_last_edited=&#8220;on|phone&#8220; sticky_position_tablet=&#8220;&#8220; sticky_position_phone=&#8220;top&#8220; sticky_position_last_edited=&#8220;on|phone&#8220; sticky_limit_top_tablet=&#8220;&#8220; sticky_limit_top_phone=&#8220;&#8220; sticky_limit_top_last_edited=&#8220;on|phone&#8220; global_colors_info=&#8220;{}&#8220;][\/et_pb_fullwidth_menu][\/et_pb_section][et_pb_section fb_built=&#8220;1&#8243; _builder_version=&#8220;4.27.4&#8243; _module_preset=&#8220;default&#8220; background_image=&#8220;https:\/\/angelikaherta.com\/wp-content\/uploads\/2024\/11\/Hintergrund-8.png&#8220; parallax=&#8220;on&#8220; parallax_method=&#8220;off&#8220; positioning=&#8220;absolute&#8220; position_origin_a_tablet=&#8220;&#8220; position_origin_a_phone=&#8220;&#8220; position_origin_a_last_edited=&#8220;on|phone&#8220; position_origin_f_tablet=&#8220;&#8220; position_origin_f_phone=&#8220;&#8220; position_origin_f_last_edited=&#8220;on|tablet&#8220; position_origin_r_tablet=&#8220;&#8220; position_origin_r_phone=&#8220;&#8220; position_origin_r_last_edited=&#8220;on|tablet&#8220; min_height=&#8220;100vh&#8220; background_last_edited=&#8220;on|phone&#8220; background_image_tablet=&#8220;https:\/\/angelikaherta.com\/wp-content\/uploads\/2024\/10\/weisse-Linien-Ipad-neu-1024&#215;576.jpg&#8220; background_image_phone=&#8220;https:\/\/angelikaherta.com\/wp-content\/uploads\/2024\/12\/hintergrund-bobkowski-neu-mobil.png&#8220; background_enable_image_tablet=&#8220;on&#8220; background_enable_image_phone=&#8220;on&#8220; parallax_tablet=&#8220;off&#8220; parallax_phone=&#8220;off&#8220; positioning_tablet=&#8220;absolute&#8220; positioning_phone=&#8220;relative&#8220; positioning_last_edited=&#8220;on|tablet&#8220; global_colors_info=&#8220;{}&#8220;][et_pb_row _builder_version=&#8220;4.27.4&#8243; _module_preset=&#8220;default&#8220; background_last_edited=&#8220;on|phone&#8220; background_enable_image_phone=&#8220;off&#8220; global_colors_info=&#8220;{}&#8220;][et_pb_column type=&#8220;4_4&#8243; _builder_version=&#8220;4.27.2&#8243; _module_preset=&#8220;default&#8220; global_colors_info=&#8220;{}&#8220;][et_pb_slider show_image_video_mobile=&#8220;on&#8220; disabled_on=&#8220;on|on|off&#8220; _builder_version=&#8220;4.27.4&#8243; _module_preset=&#8220;default&#8220; background_color=&#8220;RGBA(255,255,255,0)&#8220; hover_enabled=&#8220;0&#8243; global_colors_info=&#8220;{}&#8220; sticky_enabled=&#8220;0&#8243;][et_pb_slide _builder_version=&#8220;4.27.4&#8243; _module_preset=&#8220;default&#8220; hover_enabled=&#8220;0&#8243; global_colors_info=&#8220;{}&#8220; sticky_transition=&#8220;on&#8220; sticky_enabled=&#8220;0&#8243;]<img loading=\"lazy\" decoding=\"async\" src=\"https:\/\/angelikaherta.com\/wp-content\/uploads\/2024\/10\/und_jetzt_Bobkowksi-vorschaubild-klein.jpg\" width=\"833\" height=\"595\" alt=\"Postkarte mit Verkehrszeichen f\u00fcr Rad- und Gehweg.\" class=\"wp-image-1077 alignnone size-full\" srcset=\"https:\/\/angelikaherta.com\/wp-content\/uploads\/2024\/10\/und_jetzt_Bobkowksi-vorschaubild-klein.jpg 833w, https:\/\/angelikaherta.com\/wp-content\/uploads\/2024\/10\/und_jetzt_Bobkowksi-vorschaubild-klein-480x343.jpg 480w\" sizes=\"(min-width: 0px) and (max-width: 480px) 480px, (min-width: 481px) 833px, 100vw\" \/>[\/et_pb_slide][et_pb_slide _builder_version=&#8220;4.27.4&#8243; _module_preset=&#8220;default&#8220; hover_enabled=&#8220;0&#8243; global_colors_info=&#8220;{}&#8220; sticky_transition=&#8220;on&#8220; sticky_enabled=&#8220;0&#8243;]<\/p>\n<p><img loading=\"lazy\" decoding=\"async\" src=\"https:\/\/angelikaherta.com\/wp-content\/uploads\/2024\/10\/Vorschaubild-Bobkowski-klein.jpg\" width=\"680\" height=\"504\" alt=\"Handschriftlicher Tagebucheintrag in Polnisch\" class=\"wp-image-582 size-full\" srcset=\"https:\/\/angelikaherta.com\/wp-content\/uploads\/2024\/10\/Vorschaubild-Bobkowski-klein.jpg 680w, https:\/\/angelikaherta.com\/wp-content\/uploads\/2024\/10\/Vorschaubild-Bobkowski-klein-480x356.jpg 480w\" sizes=\"(min-width: 0px) and (max-width: 480px) 480px, (min-width: 481px) 680px, 100vw\" \/><\/p>\n<p>[\/et_pb_slide][et_pb_slide _builder_version=&#8220;4.27.4&#8243; _module_preset=&#8220;default&#8220; hover_enabled=&#8220;0&#8243; sticky_enabled=&#8220;0&#8243;]<img loading=\"lazy\" decoding=\"async\" src=\"https:\/\/angelikaherta.com\/wp-content\/uploads\/2024\/12\/Tagebuch_Bobkowski-kleiner-1024x745.jpg\" width=\"1024\" height=\"745\" alt=\"Handschriftlicher Tagebucheintrag auf Deutsch\" class=\"wp-image-4286 aligncenter size-large\" srcset=\"https:\/\/angelikaherta.com\/wp-content\/uploads\/2024\/12\/Tagebuch_Bobkowski-kleiner-980x713.jpg 980w, https:\/\/angelikaherta.com\/wp-content\/uploads\/2024\/12\/Tagebuch_Bobkowski-kleiner-480x349.jpg 480w\" sizes=\"(min-width: 0px) and (max-width: 480px) 480px, (min-width: 481px) and (max-width: 980px) 980px, (min-width: 981px) 1024px, 100vw\" \/>[\/et_pb_slide][\/et_pb_slider][et_pb_image align=&#8220;center&#8220; disabled_on=&#8220;off|off|on&#8220; _builder_version=&#8220;4.27.4&#8243; _module_preset=&#8220;default&#8220; custom_margin=&#8220;0px||||false|false&#8220; custom_padding=&#8220;80px||||false|false&#8220; hover_enabled=&#8220;0&#8243; global_colors_info=&#8220;{}&#8220; src=&#8220;https:\/\/angelikaherta.com\/wp-content\/uploads\/2024\/10\/Vorschaubild-Bobkowski-klein-300&#215;222.jpg&#8220; sticky_enabled=&#8220;0&#8243; alt=&#8220;Handschriftlicher Tagebucheintrag in Polnisch&#8220;][\/et_pb_image][et_pb_heading title=&#8220;UND JETZT, BOBKOWSKI?&#8220; admin_label=&#8220;\u00dcberschrift H1&#8243; _builder_version=&#8220;4.27.3&#8243; _module_preset=&#8220;default&#8220; title_font=&#8220;|600|||||||&#8220; title_text_align=&#8220;center&#8220; title_text_color=&#8220;#d8d8d8&#8243; global_colors_info=&#8220;{}&#8220;][\/et_pb_heading][et_pb_heading title=&#8220; Multimediales Webprojekt, Polen\/Frankreich, 2014 \u2013 von Angelika Herta und Filip Jacobson&#8220; _builder_version=&#8220;4.27.4&#8243; _module_preset=&#8220;default&#8220; title_level=&#8220;h2&#8243; title_font=&#8220;|600|||||||&#8220; title_text_align=&#8220;center&#8220; title_text_color=&#8220;#d3d3d3&#8243; title_font_size=&#8220;17px&#8220; title_line_height=&#8220;1.4em&#8220; width=&#8220;60%&#8220; width_tablet=&#8220;60%&#8220; width_phone=&#8220;90%&#8220; width_last_edited=&#8220;on|desktop&#8220; module_alignment=&#8220;center&#8220; global_colors_info=&#8220;{}&#8220;][\/et_pb_heading][et_pb_text _builder_version=&#8220;4.27.4&#8243; _module_preset=&#8220;default&#8220; text_text_color=&#8220;#c9c9c9&#8243; width=&#8220;60%&#8220; width_tablet=&#8220;60%&#8220; width_phone=&#8220;90%&#8220; width_last_edited=&#8220;on|desktop&#8220; max_width_tablet=&#8220;55%&#8220; max_width_phone=&#8220;100%&#8220; max_width_last_edited=&#8220;on|desktop&#8220; module_alignment=&#8220;center&#8220; global_colors_info=&#8220;{}&#8220;]<\/p>\n<p style=\"text-align: center;\"><em>Gef\u00f6rdert durch das Programm \u201eM\u0142oda Polska\u201d des Polnischen Ministeriums f\u00fcr Kultur und nationales Erbe\u2028Partner: Arte Creative, CiS Verlag, Institut Litt\u00e9raire Kultura\/ Maisons-Laffitte, Karolina Galuba\/ Dzika plaz\u0307a TV &amp; Film Production, Anna Kosin\u0301ska\/Animation, Polska the best, Institut Polonais Paris<\/em><\/p>\n<p style=\"text-align: center;\">Vier Monate lang folgten wir auf unseren Fahrr\u00e4dern der Spur, die der polnische Schriftsteller Andrzej Bobkowski 1940 auf seinem Fahrrad quer durch Frankreich gezogen hat. Die Filme, die auf der Fahrradtour entstanden sind, stehen in unmittelbarem Dialog mit dem Tagebuch des Schriftstellers, dokumentieren unsere Reise, unseren Alltag und Begegnungen mit Menschen. Die Webdoku ist ein Experiment, Literatur zu erleben und dabei spontan und st\u00e4ndig in Bewegung zu sein.<\/p>\n<p style=\"text-align: center;\">30. August (aus Bobkowskis Tagebuch 1940)<br \/>&#8222;Wir haben die Route f\u00fcr die R\u00fcckreise festgelegt. Carcassonne &#8211; Nizza, 570 Kilometer. Die ganze Zeit an der K\u00fcste entlang. In Bandol will ich zur Villa &#8222;Pauline&#8220; fahren, um den Schatten von Katherine Mansfield zu besuchen. Ich w\u00fcrde jetzt viel f\u00fcr ihre &#8222;Briefe&#8220; geben. Von Nizza wollen wir dann in die Alpen fahren.<br \/>Bis dahin ruhen wir uns aus und essen von fr\u00fch bis sp\u00e4t. Ich habe vermutlich schon das halbe Fa\u00df Oliven leergegessen, das bei meiner Zauberin in einer Ecke steht. Gegen Abend fahren wir zum Training Rad, damit die Beine nicht steif werden. (\u2026)<br \/>Am Nachmittag ruft mich die Patronin des Caf\u00e9s: &#8222;Monsieur Bonbonski, une d\u00e9p\u00eache pour vous.&#8220; (&#8222;Herr Bonbonski, ein Telegramm f\u00fcr Sie!&#8220;) Aha &#8211; Robert hat ein Telegramm geschickt. Ich rei\u00dfe das Telegramm auf &#8211; wir m\u00fcssen zur\u00fcck, die Fabrik wird liquidiert. Ich setze mich mit Tadzio auf die Veranda, und wir blicken traurig in den Himmel. Wir sind beide nach wie vor hier, sehnen uns jedoch schon jetzt nach Gruissan. Eine Sehnsucht auf Vorrat. Das Wetter ist gerade wundersch\u00f6n geworden. Die Sonne scheint, und vom Meer her weht eine ganz leichte Brise. Da kann man nichts machen; heute hat es keinen Sinn mehr abzufahren, und morgen ist Sonntag, unsere Bude ist also ohnehin zu. Morgen machen wir Abschiedsbesuche, packen unsere Siebensachen zusammen. (\u2026)<br \/>Am Abend ein Abschiedsrum und eine Abschiedspartie Schach im Caf\u00e9 am Kanal.\u201d<\/p>\n<p>[\/et_pb_text][et_pb_text _builder_version=&#8220;4.27.4&#8243; _module_preset=&#8220;default&#8220; text_font=&#8220;|600|||||||&#8220; text_font_size=&#8220;18px&#8220; module_alignment=&#8220;center&#8220; link_option_url=&#8220;https:\/\/www.facebook.com\/undjetztBobkowski\/&#8220; link_option_url_new_window=&#8220;on&#8220; global_colors_info=&#8220;{}&#8220;]<\/p>\n<p style=\"text-align: center;\">Hier geht es zur Projektseite auf Facebook<\/p>\n<p>[\/et_pb_text][et_pb_video src=&#8220;https:\/\/vimeo.com\/1033522921?share=copy&#8220; _builder_version=&#8220;4.27.4&#8243; _module_preset=&#8220;default&#8220; transform_scale=&#8220;74%|74%&#8220; transform_scale_tablet=&#8220;74%|74%&#8220; transform_scale_phone=&#8220;100%|100%&#8220; transform_scale_last_edited=&#8220;on|phone&#8220; transform_translate_tablet=&#8220;&#8220; transform_translate_phone=&#8220;&#8220; transform_translate_last_edited=&#8220;on|desktop&#8220; transform_rotate_tablet=&#8220;&#8220; transform_rotate_phone=&#8220;&#8220; transform_rotate_last_edited=&#8220;on|desktop&#8220; transform_skew_tablet=&#8220;&#8220; transform_skew_phone=&#8220;&#8220; transform_skew_last_edited=&#8220;on|desktop&#8220; transform_origin_tablet=&#8220;&#8220; transform_origin_phone=&#8220;&#8220; transform_origin_last_edited=&#8220;on|desktop&#8220; transform_styles_last_edited=&#8220;on|phone&#8220; transform_styles_tablet=&#8220;&#8220; transform_styles_phone=&#8220;&#8220; global_colors_info=&#8220;{}&#8220;][\/et_pb_video][\/et_pb_column][\/et_pb_row][\/et_pb_section]<\/p>\n","protected":false},"excerpt":{"rendered":"<p>Gef\u00f6rdert durch das Programm \u201eM\u0142oda Polska\u201d des Polnischen Ministeriums f\u00fcr Kultur und nationales Erbe\u2028Partner: Arte Creative, CiS Verlag, Institut Litt\u00e9raire Kultura\/ Maisons-Laffitte, Karolina Galuba\/ Dzika plaz\u0307a TV &amp; Film Production, Anna Kosin\u0301ska\/Animation, Polska the best, Institut Polonais Paris Vier Monate lang folgten wir auf unseren Fahrr\u00e4dern der Spur, die der polnische Schriftsteller Andrzej Bobkowski 1940 [&hellip;]<\/p>\n","protected":false},"author":1,"featured_media":0,"parent":0,"menu_order":0,"comment_status":"closed","ping_status":"closed","template":"","meta":{"_et_pb_use_builder":"on","_et_pb_old_content":"","_et_gb_content_width":"","footnotes":""},"class_list":["post-876","page","type-page","status-publish","hentry"],"yoast_head":"<!-- This site is optimized with the Yoast SEO plugin v24.0 - https:\/\/yoast.com\/wordpress\/plugins\/seo\/ -->\n<title>Und jetzt, Bobkowski \u2013 2014 - Angelika Herta<\/title>\n<meta name=\"robots\" content=\"index, follow, max-snippet:-1, max-image-preview:large, max-video-preview:-1\" \/>\n<link rel=\"canonical\" href=\"https:\/\/angelikaherta.com\/en\/bobkowski\/\" \/>\n<meta property=\"og:locale\" content=\"en_GB\" \/>\n<meta property=\"og:type\" content=\"article\" \/>\n<meta property=\"og:title\" content=\"Und jetzt, Bobkowski \u2013 2014 - Angelika Herta\" \/>\n<meta property=\"og:description\" content=\"Gef\u00f6rdert durch das Programm \u201eM\u0142oda Polska\u201d des Polnischen Ministeriums f\u00fcr Kultur und nationales Erbe\u2028Partner: Arte Creative, CiS Verlag, Institut Litt\u00e9raire Kultura\/ Maisons-Laffitte, Karolina Galuba\/ Dzika plaz\u0307a TV &amp; Film Production, Anna Kosin\u0301ska\/Animation, Polska the best, Institut Polonais Paris Vier Monate lang folgten wir auf unseren Fahrr\u00e4dern der Spur, die der polnische Schriftsteller Andrzej Bobkowski 1940 [&hellip;]\" \/>\n<meta property=\"og:url\" content=\"https:\/\/angelikaherta.com\/en\/bobkowski\/\" \/>\n<meta property=\"og:site_name\" content=\"Angelika Herta\" \/>\n<meta property=\"article:publisher\" content=\"https:\/\/www.facebook.com\/undjetztBobkowski\/\" \/>\n<meta property=\"article:modified_time\" content=\"2024-12-11T12:11:56+00:00\" \/>\n<meta property=\"og:image\" content=\"https:\/\/angelikaherta.com\/wp-content\/uploads\/2024\/10\/und_jetzt_Bobkowksi-vorschaubild-klein.jpg\" \/>\n<meta name=\"twitter:card\" content=\"summary_large_image\" \/>\n<meta name=\"twitter:label1\" content=\"Estimated reading time\" \/>\n\t<meta name=\"twitter:data1\" content=\"7 minutes\" \/>\n<script type=\"application\/ld+json\" class=\"yoast-schema-graph\">{\"@context\":\"https:\/\/schema.org\",\"@graph\":[{\"@type\":\"WebPage\",\"@id\":\"https:\/\/angelikaherta.com\/bobkowski\/\",\"url\":\"https:\/\/angelikaherta.com\/bobkowski\/\",\"name\":\"Und jetzt, Bobkowski \u2013 2014 - Angelika Herta\",\"isPartOf\":{\"@id\":\"https:\/\/angelikaherta.com\/#website\"},\"primaryImageOfPage\":{\"@id\":\"https:\/\/angelikaherta.com\/bobkowski\/#primaryimage\"},\"image\":{\"@id\":\"https:\/\/angelikaherta.com\/bobkowski\/#primaryimage\"},\"thumbnailUrl\":\"https:\/\/angelikaherta.com\/wp-content\/uploads\/2024\/10\/und_jetzt_Bobkowksi-vorschaubild-klein.jpg\",\"datePublished\":\"2024-10-09T19:11:38+00:00\",\"dateModified\":\"2024-12-11T12:11:56+00:00\",\"breadcrumb\":{\"@id\":\"https:\/\/angelikaherta.com\/bobkowski\/#breadcrumb\"},\"inLanguage\":\"en-GB\",\"potentialAction\":[{\"@type\":\"ReadAction\",\"target\":[\"https:\/\/angelikaherta.com\/bobkowski\/\"]}]},{\"@type\":\"ImageObject\",\"inLanguage\":\"en-GB\",\"@id\":\"https:\/\/angelikaherta.com\/bobkowski\/#primaryimage\",\"url\":\"https:\/\/angelikaherta.com\/wp-content\/uploads\/2024\/10\/und_jetzt_Bobkowksi-vorschaubild-klein.jpg\",\"contentUrl\":\"https:\/\/angelikaherta.com\/wp-content\/uploads\/2024\/10\/und_jetzt_Bobkowksi-vorschaubild-klein.jpg\"},{\"@type\":\"BreadcrumbList\",\"@id\":\"https:\/\/angelikaherta.com\/bobkowski\/#breadcrumb\",\"itemListElement\":[{\"@type\":\"ListItem\",\"position\":1,\"name\":\"Startseite\",\"item\":\"https:\/\/angelikaherta.com\/\"},{\"@type\":\"ListItem\",\"position\":2,\"name\":\"Und jetzt, Bobkowski \u2013 2014\"}]},{\"@type\":\"WebSite\",\"@id\":\"https:\/\/angelikaherta.com\/#website\",\"url\":\"https:\/\/angelikaherta.com\/\",\"name\":\"Angelika Herta\",\"description\":\"\",\"potentialAction\":[{\"@type\":\"SearchAction\",\"target\":{\"@type\":\"EntryPoint\",\"urlTemplate\":\"https:\/\/angelikaherta.com\/?s={search_term_string}\"},\"query-input\":{\"@type\":\"PropertyValueSpecification\",\"valueRequired\":true,\"valueName\":\"search_term_string\"}}],\"inLanguage\":\"en-GB\"}]}<\/script>\n<!-- \/ Yoast SEO plugin. -->","yoast_head_json":{"title":"Und jetzt, Bobkowski \u2013 2014 - Angelika Herta","robots":{"index":"index","follow":"follow","max-snippet":"max-snippet:-1","max-image-preview":"max-image-preview:large","max-video-preview":"max-video-preview:-1"},"canonical":"https:\/\/angelikaherta.com\/en\/bobkowski\/","og_locale":"en_GB","og_type":"article","og_title":"Und jetzt, Bobkowski \u2013 2014 - Angelika Herta","og_description":"Gef\u00f6rdert durch das Programm \u201eM\u0142oda Polska\u201d des Polnischen Ministeriums f\u00fcr Kultur und nationales Erbe\u2028Partner: Arte Creative, CiS Verlag, Institut Litt\u00e9raire Kultura\/ Maisons-Laffitte, Karolina Galuba\/ Dzika plaz\u0307a TV &amp; Film Production, Anna Kosin\u0301ska\/Animation, Polska the best, Institut Polonais Paris Vier Monate lang folgten wir auf unseren Fahrr\u00e4dern der Spur, die der polnische Schriftsteller Andrzej Bobkowski 1940 [&hellip;]","og_url":"https:\/\/angelikaherta.com\/en\/bobkowski\/","og_site_name":"Angelika Herta","article_publisher":"https:\/\/www.facebook.com\/undjetztBobkowski\/","article_modified_time":"2024-12-11T12:11:56+00:00","og_image":[{"url":"https:\/\/angelikaherta.com\/wp-content\/uploads\/2024\/10\/und_jetzt_Bobkowksi-vorschaubild-klein.jpg","type":"","width":"","height":""}],"twitter_card":"summary_large_image","twitter_misc":{"Estimated reading time":"7 minutes"},"schema":{"@context":"https:\/\/schema.org","@graph":[{"@type":"WebPage","@id":"https:\/\/angelikaherta.com\/bobkowski\/","url":"https:\/\/angelikaherta.com\/bobkowski\/","name":"Und jetzt, Bobkowski \u2013 2014 - Angelika Herta","isPartOf":{"@id":"https:\/\/angelikaherta.com\/#website"},"primaryImageOfPage":{"@id":"https:\/\/angelikaherta.com\/bobkowski\/#primaryimage"},"image":{"@id":"https:\/\/angelikaherta.com\/bobkowski\/#primaryimage"},"thumbnailUrl":"https:\/\/angelikaherta.com\/wp-content\/uploads\/2024\/10\/und_jetzt_Bobkowksi-vorschaubild-klein.jpg","datePublished":"2024-10-09T19:11:38+00:00","dateModified":"2024-12-11T12:11:56+00:00","breadcrumb":{"@id":"https:\/\/angelikaherta.com\/bobkowski\/#breadcrumb"},"inLanguage":"en-GB","potentialAction":[{"@type":"ReadAction","target":["https:\/\/angelikaherta.com\/bobkowski\/"]}]},{"@type":"ImageObject","inLanguage":"en-GB","@id":"https:\/\/angelikaherta.com\/bobkowski\/#primaryimage","url":"https:\/\/angelikaherta.com\/wp-content\/uploads\/2024\/10\/und_jetzt_Bobkowksi-vorschaubild-klein.jpg","contentUrl":"https:\/\/angelikaherta.com\/wp-content\/uploads\/2024\/10\/und_jetzt_Bobkowksi-vorschaubild-klein.jpg"},{"@type":"BreadcrumbList","@id":"https:\/\/angelikaherta.com\/bobkowski\/#breadcrumb","itemListElement":[{"@type":"ListItem","position":1,"name":"Startseite","item":"https:\/\/angelikaherta.com\/"},{"@type":"ListItem","position":2,"name":"Und jetzt, Bobkowski \u2013 2014"}]},{"@type":"WebSite","@id":"https:\/\/angelikaherta.com\/#website","url":"https:\/\/angelikaherta.com\/","name":"Angelika Herta","description":"","potentialAction":[{"@type":"SearchAction","target":{"@type":"EntryPoint","urlTemplate":"https:\/\/angelikaherta.com\/?s={search_term_string}"},"query-input":{"@type":"PropertyValueSpecification","valueRequired":true,"valueName":"search_term_string"}}],"inLanguage":"en-GB"}]}},"_links":{"self":[{"href":"https:\/\/angelikaherta.com\/en\/wp-json\/wp\/v2\/pages\/876","targetHints":{"allow":["GET"]}}],"collection":[{"href":"https:\/\/angelikaherta.com\/en\/wp-json\/wp\/v2\/pages"}],"about":[{"href":"https:\/\/angelikaherta.com\/en\/wp-json\/wp\/v2\/types\/page"}],"author":[{"embeddable":true,"href":"https:\/\/angelikaherta.com\/en\/wp-json\/wp\/v2\/users\/1"}],"replies":[{"embeddable":true,"href":"https:\/\/angelikaherta.com\/en\/wp-json\/wp\/v2\/comments?post=876"}],"version-history":[{"count":41,"href":"https:\/\/angelikaherta.com\/en\/wp-json\/wp\/v2\/pages\/876\/revisions"}],"predecessor-version":[{"id":4289,"href":"https:\/\/angelikaherta.com\/en\/wp-json\/wp\/v2\/pages\/876\/revisions\/4289"}],"wp:attachment":[{"href":"https:\/\/angelikaherta.com\/en\/wp-json\/wp\/v2\/media?parent=876"}],"curies":[{"name":"wp","href":"https:\/\/api.w.org\/{rel}","templated":true}]}}