{"id":4205,"date":"2024-12-09T10:22:01","date_gmt":"2024-12-09T09:22:01","guid":{"rendered":"https:\/\/angelikaherta.com\/?page_id=4205"},"modified":"2024-12-09T10:30:39","modified_gmt":"2024-12-09T09:30:39","slug":"impressum-2","status":"publish","type":"page","link":"https:\/\/angelikaherta.com\/en\/impressum-2\/","title":{"rendered":"Impressumn neu aufgesetzt, immer noch Problem"},"content":{"rendered":"\n[et_pb_section fb_built=&#8220;1&#8243; _builder_version=&#8220;4.27.3&#8243; _module_preset=&#8220;default&#8220; background_image=&#8220;https:\/\/angelikaherta.com\/wp-content\/uploads\/2024\/11\/Hintergrund-Kontakt.png&#8220; parallax=&#8220;on&#8220; parallax_method=&#8220;off&#8220; positioning=&#8220;absolute&#8220; position_origin_a_tablet=&#8220;&#8220; position_origin_a_phone=&#8220;&#8220; position_origin_a_last_edited=&#8220;on|phone&#8220; position_origin_f_tablet=&#8220;&#8220; position_origin_f_phone=&#8220;&#8220; position_origin_f_last_edited=&#8220;on|tablet&#8220; position_origin_r_tablet=&#8220;&#8220; position_origin_r_phone=&#8220;&#8220; position_origin_r_last_edited=&#8220;on|tablet&#8220; min_height=&#8220;100vh&#8220; background_last_edited=&#8220;on|phone&#8220; background_image_tablet=&#8220;https:\/\/angelikaherta.com\/wp-content\/uploads\/2024\/10\/weisse-Linien-Ipad-neu-1024&#215;576.jpg&#8220; background_enable_image_tablet=&#8220;on&#8220; parallax_tablet=&#8220;off&#8220; parallax_phone=&#8220;off&#8220; positioning_tablet=&#8220;absolute&#8220; positioning_phone=&#8220;relative&#8220; positioning_last_edited=&#8220;on|tablet&#8220; global_colors_info=&#8220;{}&#8220; theme_builder_area=&#8220;post_content&#8220;][et_pb_row _builder_version=&#8220;4.27.3&#8243; _module_preset=&#8220;default&#8220; width=&#8220;33%&#8220; custom_margin=&#8220;87px||||false|false&#8220; global_colors_info=&#8220;{}&#8220; theme_builder_area=&#8220;post_content&#8220;][et_pb_column type=&#8220;4_4&#8243; _builder_version=&#8220;4.27.3&#8243; _module_preset=&#8220;default&#8220; global_colors_info=&#8220;{}&#8220; theme_builder_area=&#8220;post_content&#8220;][et_pb_heading title=&#8220;IMPRESSUM&#8220; admin_label=&#8220;\u00dcberschrift H1&#8243; _builder_version=&#8220;4.27.4&#8243; _module_preset=&#8220;default&#8220; title_font=&#8220;Poppins||||||||&#8220; title_text_align=&#8220;center&#8220; title_text_color=&#8220;#d8d8d8&#8243; hover_enabled=&#8220;0&#8243; global_colors_info=&#8220;{}&#8220; theme_builder_area=&#8220;post_content&#8220; sticky_enabled=&#8220;0&#8243;][\/et_pb_heading][et_pb_text _builder_version=&#8220;4.27.4&#8243; _module_preset=&#8220;default&#8220; text_font=&#8220;Poppins||||||||&#8220; text_text_color=&#8220;#c9c9c9&#8243; hover_enabled=&#8220;0&#8243; global_colors_info=&#8220;{}&#8220; theme_builder_area=&#8220;post_content&#8220; sticky_enabled=&#8220;0&#8243;]<p style=\"text-align: center;\">Angelika Herta<\/p>\n<p style=\"text-align: center;\">Quartier am Hafen K\u00f6ln, Atelier 1.52<br \/>Poller Kirchweg 78-90<br \/>51105 K\u00f6ln<\/p>\n<p style=\"text-align: center;\">herta.angelika@gmail.com<\/p>\n<p>&nbsp;<\/p>[\/et_pb_text][et_pb_heading _builder_version=&#8220;4.27.4&#8243; _module_preset=&#8220;default&#8220; theme_builder_area=&#8220;post_content&#8220; title=&#8220;Haftungsausschluss \u2013 Disclaimer&#8220; hover_enabled=&#8220;0&#8243; sticky_enabled=&#8220;0&#8243; module_alignment=&#8220;center&#8220; title_text_align=&#8220;center&#8220; title_text_color=&#8220;#FFFFFF&#8220; title_font_size=&#8220;21px&#8220;][\/et_pb_heading][et_pb_text _builder_version=&#8220;4.27.4&#8243; _module_preset=&#8220;default&#8220; theme_builder_area=&#8220;post_content&#8220; hover_enabled=&#8220;0&#8243; sticky_enabled=&#8220;0&#8243; text_text_color=&#8220;#939393&#8243;]<p style=\"text-align: center;\"><strong>Haftung f\u00fcr Inhalte:<\/strong><br \/>Als Betreiberin dieser Website bin ich gem\u00e4\u00df \u00a7 7 Abs. 1 TMG f\u00fcr eigene Inhalte auf diesen Seiten nach den allgemeinen Gesetzen verantwortlich. Nach \u00a7\u00a7 8 bis 10 TMG bin ich jedoch nicht verpflichtet, \u00fcbermittelte oder gespeicherte fremde Informationen zu \u00fcberwachen oder nach Hinweisen auf rechtswidrige T\u00e4tigkeiten zu suchen. Verpflichtungen zur Entfernung oder Sperrung der Nutzung von Informationen nach den allgemeinen Gesetzen bleiben hiervon unber\u00fchrt. Eine Haftung ist jedoch erst ab dem Zeitpunkt m\u00f6glich, zu dem mir eine konkrete Rechtsverletzung bekannt wird. Bei Bekanntwerden entsprechender Rechtsverletzungen werde ich diese Inhalte umgehend entfernen.<\/p>[\/et_pb_text][et_pb_text _builder_version=&#8220;4.27.4&#8243; _module_preset=&#8220;default&#8220; theme_builder_area=&#8220;post_content&#8220; hover_enabled=&#8220;0&#8243; sticky_enabled=&#8220;0&#8243; text_text_color=&#8220;#939393&#8243;]<p style=\"text-align: center;\"><strong>Haftung f\u00fcr Links:<\/strong><br \/>Meine Website enth\u00e4lt Links zu externen Webseiten Dritter, auf deren Inhalte ich keinen Einfluss habe. Deshalb kann ich f\u00fcr diese fremden Inhalte keine Gew\u00e4hr \u00fcbernehmen. F\u00fcr die Inhalte der verlinkten Seiten ist stets der jeweilige Anbieter oder Betreiber der Seiten verantwortlich. Die verlinkten Seiten wurden zum Zeitpunkt der Verlinkung auf m\u00f6gliche Rechtsverst\u00f6\u00dfe \u00fcberpr\u00fcft. Rechtswidrige Inhalte waren zum Zeitpunkt der Verlinkung nicht erkennbar. Eine permanente inhaltliche Kontrolle der verlinkten Seiten ist jedoch ohne konkrete Anhaltspunkte einer Rechtsverletzung nicht zumutbar. Bei Bekanntwerden von Rechtsverletzungen werde ich derartige Links umgehend entfernen.<\/p>[\/et_pb_text][\/et_pb_column][\/et_pb_row][\/et_pb_section]\n","protected":false},"excerpt":{"rendered":"<p>Angelika Herta Quartier am Hafen K\u00f6ln, Atelier 1.52Poller Kirchweg 78-9051105 K\u00f6ln herta.angelika@gmail.com &nbsp;Haftung f\u00fcr Inhalte:Als Betreiberin dieser Website bin ich gem\u00e4\u00df \u00a7 7 Abs. 1 TMG f\u00fcr eigene Inhalte auf diesen Seiten nach den allgemeinen Gesetzen verantwortlich. Nach \u00a7\u00a7 8 bis 10 TMG bin ich jedoch nicht verpflichtet, \u00fcbermittelte oder gespeicherte fremde Informationen zu \u00fcberwachen [&hellip;]<\/p>\n","protected":false},"author":1,"featured_media":0,"parent":0,"menu_order":0,"comment_status":"closed","ping_status":"closed","template":"","meta":{"_et_pb_use_builder":"on","_et_pb_old_content":"","_et_gb_content_width":"","footnotes":""},"class_list":["post-4205","page","type-page","status-publish","hentry"],"yoast_head":"<!-- This site is optimized with the Yoast SEO plugin v24.0 - https:\/\/yoast.com\/wordpress\/plugins\/seo\/ -->\n<title>Impressumn neu aufgesetzt, immer noch Problem - Angelika Herta<\/title>\n<meta name=\"robots\" content=\"index, follow, max-snippet:-1, max-image-preview:large, max-video-preview:-1\" \/>\n<link rel=\"canonical\" href=\"https:\/\/angelikaherta.com\/en\/impressum-2\/\" \/>\n<meta property=\"og:locale\" content=\"en_GB\" \/>\n<meta property=\"og:type\" content=\"article\" \/>\n<meta property=\"og:title\" content=\"Impressumn neu aufgesetzt, immer noch Problem - Angelika Herta\" \/>\n<meta property=\"og:description\" content=\"Angelika Herta Quartier am Hafen K\u00f6ln, Atelier 1.52Poller Kirchweg 78-9051105 K\u00f6ln herta.angelika@gmail.com &nbsp;Haftung f\u00fcr Inhalte:Als Betreiberin dieser Website bin ich gem\u00e4\u00df \u00a7 7 Abs. 1 TMG f\u00fcr eigene Inhalte auf diesen Seiten nach den allgemeinen Gesetzen verantwortlich. Nach \u00a7\u00a7 8 bis 10 TMG bin ich jedoch nicht verpflichtet, \u00fcbermittelte oder gespeicherte fremde Informationen zu \u00fcberwachen [&hellip;]\" \/>\n<meta property=\"og:url\" content=\"https:\/\/angelikaherta.com\/en\/impressum-2\/\" \/>\n<meta property=\"og:site_name\" content=\"Angelika Herta\" \/>\n<meta property=\"article:publisher\" content=\"https:\/\/www.facebook.com\/undjetztBobkowski\/\" \/>\n<meta property=\"article:modified_time\" content=\"2024-12-09T09:30:39+00:00\" \/>\n<meta name=\"twitter:card\" content=\"summary_large_image\" \/>\n<meta name=\"twitter:label1\" content=\"Estimated reading time\" \/>\n\t<meta name=\"twitter:data1\" content=\"3 minutes\" \/>\n<script type=\"application\/ld+json\" class=\"yoast-schema-graph\">{\"@context\":\"https:\/\/schema.org\",\"@graph\":[{\"@type\":\"WebPage\",\"@id\":\"https:\/\/angelikaherta.com\/impressum-2\/\",\"url\":\"https:\/\/angelikaherta.com\/impressum-2\/\",\"name\":\"Impressumn neu aufgesetzt, immer noch Problem - Angelika Herta\",\"isPartOf\":{\"@id\":\"https:\/\/angelikaherta.com\/#website\"},\"datePublished\":\"2024-12-09T09:22:01+00:00\",\"dateModified\":\"2024-12-09T09:30:39+00:00\",\"breadcrumb\":{\"@id\":\"https:\/\/angelikaherta.com\/impressum-2\/#breadcrumb\"},\"inLanguage\":\"en-GB\",\"potentialAction\":[{\"@type\":\"ReadAction\",\"target\":[\"https:\/\/angelikaherta.com\/impressum-2\/\"]}]},{\"@type\":\"BreadcrumbList\",\"@id\":\"https:\/\/angelikaherta.com\/impressum-2\/#breadcrumb\",\"itemListElement\":[{\"@type\":\"ListItem\",\"position\":1,\"name\":\"Startseite\",\"item\":\"https:\/\/angelikaherta.com\/\"},{\"@type\":\"ListItem\",\"position\":2,\"name\":\"Impressumn neu aufgesetzt, immer noch Problem\"}]},{\"@type\":\"WebSite\",\"@id\":\"https:\/\/angelikaherta.com\/#website\",\"url\":\"https:\/\/angelikaherta.com\/\",\"name\":\"Angelika Herta\",\"description\":\"\",\"potentialAction\":[{\"@type\":\"SearchAction\",\"target\":{\"@type\":\"EntryPoint\",\"urlTemplate\":\"https:\/\/angelikaherta.com\/?s={search_term_string}\"},\"query-input\":{\"@type\":\"PropertyValueSpecification\",\"valueRequired\":true,\"valueName\":\"search_term_string\"}}],\"inLanguage\":\"en-GB\"}]}<\/script>\n<!-- \/ Yoast SEO plugin. -->","yoast_head_json":{"title":"Impressumn neu aufgesetzt, immer noch Problem - Angelika Herta","robots":{"index":"index","follow":"follow","max-snippet":"max-snippet:-1","max-image-preview":"max-image-preview:large","max-video-preview":"max-video-preview:-1"},"canonical":"https:\/\/angelikaherta.com\/en\/impressum-2\/","og_locale":"en_GB","og_type":"article","og_title":"Impressumn neu aufgesetzt, immer noch Problem - Angelika Herta","og_description":"Angelika Herta Quartier am Hafen K\u00f6ln, Atelier 1.52Poller Kirchweg 78-9051105 K\u00f6ln herta.angelika@gmail.com &nbsp;Haftung f\u00fcr Inhalte:Als Betreiberin dieser Website bin ich gem\u00e4\u00df \u00a7 7 Abs. 1 TMG f\u00fcr eigene Inhalte auf diesen Seiten nach den allgemeinen Gesetzen verantwortlich. Nach \u00a7\u00a7 8 bis 10 TMG bin ich jedoch nicht verpflichtet, \u00fcbermittelte oder gespeicherte fremde Informationen zu \u00fcberwachen [&hellip;]","og_url":"https:\/\/angelikaherta.com\/en\/impressum-2\/","og_site_name":"Angelika Herta","article_publisher":"https:\/\/www.facebook.com\/undjetztBobkowski\/","article_modified_time":"2024-12-09T09:30:39+00:00","twitter_card":"summary_large_image","twitter_misc":{"Estimated reading time":"3 minutes"},"schema":{"@context":"https:\/\/schema.org","@graph":[{"@type":"WebPage","@id":"https:\/\/angelikaherta.com\/impressum-2\/","url":"https:\/\/angelikaherta.com\/impressum-2\/","name":"Impressumn neu aufgesetzt, immer noch Problem - Angelika Herta","isPartOf":{"@id":"https:\/\/angelikaherta.com\/#website"},"datePublished":"2024-12-09T09:22:01+00:00","dateModified":"2024-12-09T09:30:39+00:00","breadcrumb":{"@id":"https:\/\/angelikaherta.com\/impressum-2\/#breadcrumb"},"inLanguage":"en-GB","potentialAction":[{"@type":"ReadAction","target":["https:\/\/angelikaherta.com\/impressum-2\/"]}]},{"@type":"BreadcrumbList","@id":"https:\/\/angelikaherta.com\/impressum-2\/#breadcrumb","itemListElement":[{"@type":"ListItem","position":1,"name":"Startseite","item":"https:\/\/angelikaherta.com\/"},{"@type":"ListItem","position":2,"name":"Impressumn neu aufgesetzt, immer noch Problem"}]},{"@type":"WebSite","@id":"https:\/\/angelikaherta.com\/#website","url":"https:\/\/angelikaherta.com\/","name":"Angelika Herta","description":"","potentialAction":[{"@type":"SearchAction","target":{"@type":"EntryPoint","urlTemplate":"https:\/\/angelikaherta.com\/?s={search_term_string}"},"query-input":{"@type":"PropertyValueSpecification","valueRequired":true,"valueName":"search_term_string"}}],"inLanguage":"en-GB"}]}},"_links":{"self":[{"href":"https:\/\/angelikaherta.com\/en\/wp-json\/wp\/v2\/pages\/4205","targetHints":{"allow":["GET"]}}],"collection":[{"href":"https:\/\/angelikaherta.com\/en\/wp-json\/wp\/v2\/pages"}],"about":[{"href":"https:\/\/angelikaherta.com\/en\/wp-json\/wp\/v2\/types\/page"}],"author":[{"embeddable":true,"href":"https:\/\/angelikaherta.com\/en\/wp-json\/wp\/v2\/users\/1"}],"replies":[{"embeddable":true,"href":"https:\/\/angelikaherta.com\/en\/wp-json\/wp\/v2\/comments?post=4205"}],"version-history":[{"count":6,"href":"https:\/\/angelikaherta.com\/en\/wp-json\/wp\/v2\/pages\/4205\/revisions"}],"predecessor-version":[{"id":4213,"href":"https:\/\/angelikaherta.com\/en\/wp-json\/wp\/v2\/pages\/4205\/revisions\/4213"}],"wp:attachment":[{"href":"https:\/\/angelikaherta.com\/en\/wp-json\/wp\/v2\/media?parent=4205"}],"curies":[{"name":"wp","href":"https:\/\/api.w.org\/{rel}","templated":true}]}}