{"id":4151,"date":"2024-12-08T18:58:58","date_gmt":"2024-12-08T17:58:58","guid":{"rendered":"https:\/\/angelikaherta.com\/?page_id=4151"},"modified":"2025-06-05T11:13:08","modified_gmt":"2025-06-05T09:13:08","slug":"wir-tiere-2022","status":"publish","type":"page","link":"https:\/\/angelikaherta.com\/en\/wir-tiere-2022\/","title":{"rendered":"We animals \u2013 2022"},"content":{"rendered":"<p>[et_pb_section fb_built=&#8220;1&#8243; fullwidth=&#8220;on&#8220; _builder_version=&#8220;4.27.4&#8243; _module_preset=&#8220;default&#8220; background_color=&#8220;RGBA(255,255,255,0)&#8220; positioning=&#8220;absolute&#8220; overflow-x_tablet=&#8220;&#8220; overflow-x_phone=&#8220;&#8220; overflow-x_last_edited=&#8220;on|phone&#8220; global_colors_info=&#8220;{}&#8220;][et_pb_fullwidth_menu menu_id=&#8220;19&#8243; active_link_color=&#8220;#FFFFFF&#8220; dropdown_menu_bg_color=&#8220;RGBA(255,255,255,0)&#8220; dropdown_menu_line_color=&#8220;RGBA(255,255,255,0)&#8220; dropdown_menu_text_color=&#8220;#c9c9c9&#8243; dropdown_menu_active_link_color=&#8220;#FFFFFF&#8220; mobile_menu_bg_color=&#8220;#000000&#8243; mobile_menu_text_color=&#8220;#FFFFFF&#8220; logo=&#8220;https:\/\/angelikaherta.com\/wp-content\/uploads\/2024\/12\/logo-roter-punkt-LV.png&#8220; logo_url=&#8220;www.angelikaherta.com&#8220; logo_width=&#8220;28%&#8220; menu_icon_color=&#8220;#FFFFFF&#8220; logo_tablet=&#8220;https:\/\/angelikaherta.com\/wp-content\/uploads\/2024\/12\/logo-roter-punkt-LV.png&#8220; logo_phone=&#8220;&#8220; logo_last_edited=&#8220;on|phone&#8220; logo_width_tablet=&#8220;100%&#8220; logo_width_phone=&#8220;100%&#8220; logo_width_last_edited=&#8220;on|phone&#8220; disabled_on=&#8220;off|off|off&#8220; module_class=&#8220;vertical-menu&#8220; _builder_version=&#8220;4.27.4&#8243; _module_preset=&#8220;default&#8220; menu_font=&#8220;Poppins|700|||||||&#8220; menu_text_color=&#8220;#cccccc&#8220; menu_font_size=&#8220;17px&#8220; background_color=&#8220;RGBA(255,255,255,0)&#8220; positioning=&#8220;fixed&#8220; position_origin_a_tablet=&#8220;&#8220; position_origin_a_phone=&#8220;&#8220; position_origin_a_last_edited=&#8220;on|desktop&#8220; position_origin_f_tablet=&#8220;&#8220; position_origin_f_phone=&#8220;&#8220; position_origin_f_last_edited=&#8220;on|desktop&#8220; position_origin_r_tablet=&#8220;&#8220; position_origin_r_phone=&#8220;&#8220; position_origin_r_last_edited=&#8220;on|desktop&#8220; text_orientation=&#8220;center&#8220; width=&#8220;100%&#8220; width_tablet=&#8220;100%&#8220; width_phone=&#8220;auto&#8220; width_last_edited=&#8220;on|phone&#8220; background_last_edited=&#8220;on|desktop&#8220; positioning_tablet=&#8220;fixed&#8220; positioning_phone=&#8220;fixed&#8220; positioning_last_edited=&#8220;on|desktop&#8220; custom_css_free_form=&#8220;\/* Breite des mobilen Men\u00fcs auf die gesamte Ansicht setzen *\/||.et_mobile_nav_menu .et_mobile_menu {||    width: 100vw;                \/* Setzt die Breite des Men\u00fcs auf die gesamte Bildschirmbreite *\/||    background-color: black;     \/* Setzt den Hintergrund des gesamten Men\u00fcs auf schwarz *\/||    position: fixed;             \/* Fixiert das Men\u00fc *\/||    top: 60px;                   \/* Abstand nach unten *\/||    left: 0;                     \/* Setzt das Men\u00fc an den linken Rand *\/||    height: 100vh;               \/* H\u00f6he bleibt auf 100% des Bildschirms *\/||    z-index: 9998;               \/* Men\u00fc \u00fcber andere Inhalte legen *\/||    overflow-y: auto;            \/* Vertikales Scrollen erlauben *\/||}||||\/* Zeilenh\u00f6he der Links im mobilen Men\u00fc beibehalten *\/||.et_mobile_nav_menu ul li a {||    line-height: 1.0em !important; \/* Normale Zeilenh\u00f6he f\u00fcr alle Men\u00fceintr\u00e4ge *\/||}||||||\/* Spezifisch f\u00fcr Bildschirmgr\u00f6\u00dfen bis 980px *\/||@media all and (max-width: 980px) {||    #mobile_menu1.et_mobile_menu {||        width: 100vw;                 \/* Setzt die Breite des Men\u00fcs auf die gesamte Bildschirmbreite *\/||        left: 0;                      \/* Sicherstellen, dass das Men\u00fc links auf dem Bildschirm ausgerichtet ist *\/||        top: 60px;                    \/* Abstand nach unten *\/||        height: 100vh;                \/* Men\u00fc bleibt die gesamte H\u00f6he des Bildschirms *\/||    }||}||||\/* Nur den ersten Men\u00fcpunkt nach unten verschieben *\/||.et_mobile_nav_menu ul li:first-child a {||    padding-top: 80px;  \/* Verschiebt den obersten Men\u00fcpunkt um 40px nach unten *\/||}||||||.et_mobile_nav_menu ul.sub-menu li:first-child a {||    padding-top: 10px!important;||}||||||&#8220; global_colors_info=&#8220;{}&#8220;][\/et_pb_fullwidth_menu][\/et_pb_section][et_pb_section fb_built=&#8220;1&#8243; fullwidth=&#8220;on&#8220; _builder_version=&#8220;4.27.3&#8243; _module_preset=&#8220;default&#8220; background_color=&#8220;RGBA(255,255,255,0)&#8220; positioning=&#8220;absolute&#8220; global_colors_info=&#8220;{}&#8220;][et_pb_fullwidth_menu menu_id=&#8220;19&#8243; active_link_color=&#8220;#FFFFFF&#8220; dropdown_menu_bg_color=&#8220;RGBA(255,255,255,0)&#8220; dropdown_menu_line_color=&#8220;RGBA(255,255,255,0)&#8220; dropdown_menu_text_color=&#8220;#c9c9c9&#8243; dropdown_menu_active_link_color=&#8220;#FFFFFF&#8220; mobile_menu_bg_color=&#8220;#000000&#8243; mobile_menu_text_color=&#8220;#FFFFFF&#8220; logo=&#8220;https:\/\/angelikaherta.com\/wp-content\/uploads\/2024\/10\/Logo-roter-Punkt-1.jpg&#8220; logo_url=&#8220;www.angelikaherta.com&#8220; disabled_on=&#8220;off|off|off&#8220; module_class=&#8220;vertical-menu&#8220; _builder_version=&#8220;4.27.4&#8243; _module_preset=&#8220;default&#8220; menu_font=&#8220;Poppins|700|||||||&#8220; menu_text_color=&#8220;#cccccc&#8220; menu_font_size=&#8220;17px&#8220; background_color=&#8220;RGBA(255,255,255,0)&#8220; positioning=&#8220;fixed&#8220; position_origin_a_tablet=&#8220;&#8220; position_origin_a_phone=&#8220;&#8220; position_origin_a_last_edited=&#8220;on|desktop&#8220; position_origin_f_tablet=&#8220;&#8220; position_origin_f_phone=&#8220;&#8220; position_origin_f_last_edited=&#8220;on|desktop&#8220; position_origin_r_tablet=&#8220;&#8220; position_origin_r_phone=&#8220;&#8220; position_origin_r_last_edited=&#8220;on|desktop&#8220; width=&#8220;100%&#8220; custom_padding=&#8220;0px|327px|0px|0px|false|false&#8220; positioning_tablet=&#8220;fixed&#8220; positioning_phone=&#8220;fixed&#8220; positioning_last_edited=&#8220;on|desktop&#8220; global_colors_info=&#8220;{}&#8220;][\/et_pb_fullwidth_menu][\/et_pb_section][et_pb_section fb_built=&#8220;1&#8243; _builder_version=&#8220;4.27.3&#8243; _module_preset=&#8220;default&#8220; background_image=&#8220;https:\/\/angelikaherta.com\/wp-content\/uploads\/2024\/11\/Hintergrund-1.png&#8220; parallax=&#8220;on&#8220; parallax_method=&#8220;off&#8220; positioning=&#8220;absolute&#8220; position_origin_a_tablet=&#8220;&#8220; position_origin_a_phone=&#8220;&#8220; position_origin_a_last_edited=&#8220;on|phone&#8220; position_origin_f_tablet=&#8220;&#8220; position_origin_f_phone=&#8220;&#8220; position_origin_f_last_edited=&#8220;on|tablet&#8220; position_origin_r_tablet=&#8220;&#8220; position_origin_r_phone=&#8220;&#8220; position_origin_r_last_edited=&#8220;on|tablet&#8220; min_height=&#8220;100vh&#8220; background_last_edited=&#8220;on|phone&#8220; background_image_tablet=&#8220;https:\/\/angelikaherta.com\/wp-content\/uploads\/2024\/10\/weisse-Linien-Ipad-neu-1024&#215;576.jpg&#8220; background_image_phone=&#8220;https:\/\/angelikaherta.com\/wp-content\/uploads\/2024\/12\/Hintergrund-mobil-thecalling.png&#8220; background_enable_image_tablet=&#8220;on&#8220; background_enable_image_phone=&#8220;on&#8220; parallax_tablet=&#8220;off&#8220; parallax_phone=&#8220;off&#8220; positioning_tablet=&#8220;absolute&#8220; positioning_phone=&#8220;relative&#8220; positioning_last_edited=&#8220;on|tablet&#8220; global_colors_info=&#8220;{}&#8220;][et_pb_row _builder_version=&#8220;4.27.2&#8243; _module_preset=&#8220;default&#8220; global_colors_info=&#8220;{}&#8220;][et_pb_column type=&#8220;4_4&#8243; _builder_version=&#8220;4.27.2&#8243; _module_preset=&#8220;default&#8220; global_colors_info=&#8220;{}&#8220;][et_pb_slider show_image_video_mobile=&#8220;on&#8220; disabled_on=&#8220;on|on|off&#8220; _builder_version=&#8220;4.27.4&#8243; _module_preset=&#8220;default&#8220; background_color=&#8220;RGBA(255,255,255,0)&#8220; global_colors_info=&#8220;{}&#8220;][et_pb_slide _builder_version=&#8220;4.27.4&#8243; _module_preset=&#8220;default&#8220; global_colors_info=&#8220;{}&#8220; sticky_transition=&#8220;on&#8220;]<img loading=\"lazy\" decoding=\"async\" src=\"https:\/\/angelikaherta.com\/wp-content\/uploads\/2024\/09\/Wir_Tiere_00_vorschaubild_\u00a9FilipJacobson-1024x576.jpg\" width=\"1024\" height=\"576\" alt=\"Eine junge Frau liegt im Gras. Sie streichelt den Kopf eines Schweins.\" class=\"wp-image-234 aligncenter size-large\" srcset=\"https:\/\/angelikaherta.com\/wp-content\/uploads\/2024\/09\/Wir_Tiere_00_vorschaubild_\u00a9FilipJacobson-1024x576.jpg 1024w, https:\/\/angelikaherta.com\/wp-content\/uploads\/2024\/09\/Wir_Tiere_00_vorschaubild_\u00a9FilipJacobson-300x169.jpg 300w, https:\/\/angelikaherta.com\/wp-content\/uploads\/2024\/09\/Wir_Tiere_00_vorschaubild_\u00a9FilipJacobson-768x432.jpg 768w, https:\/\/angelikaherta.com\/wp-content\/uploads\/2024\/09\/Wir_Tiere_00_vorschaubild_\u00a9FilipJacobson-1536x864.jpg 1536w, https:\/\/angelikaherta.com\/wp-content\/uploads\/2024\/09\/Wir_Tiere_00_vorschaubild_\u00a9FilipJacobson-1080x608.jpg 1080w, https:\/\/angelikaherta.com\/wp-content\/uploads\/2024\/09\/Wir_Tiere_00_vorschaubild_\u00a9FilipJacobson-1280x720.jpg 1280w, https:\/\/angelikaherta.com\/wp-content\/uploads\/2024\/09\/Wir_Tiere_00_vorschaubild_\u00a9FilipJacobson-980x551.jpg 980w, https:\/\/angelikaherta.com\/wp-content\/uploads\/2024\/09\/Wir_Tiere_00_vorschaubild_\u00a9FilipJacobson-480x270.jpg 480w, https:\/\/angelikaherta.com\/wp-content\/uploads\/2024\/09\/Wir_Tiere_00_vorschaubild_\u00a9FilipJacobson.jpg 1920w\" sizes=\"(max-width: 1024px) 100vw, 1024px\" \/>[\/et_pb_slide][et_pb_slide _builder_version=&#8220;4.27.4&#8243; _module_preset=&#8220;default&#8220; global_colors_info=&#8220;{}&#8220; sticky_transition=&#8220;on&#8220;]<img loading=\"lazy\" decoding=\"async\" src=\"https:\/\/angelikaherta.com\/wp-content\/uploads\/2024\/09\/Wir_Tiere_01_\u00a9FilipJacobson-1024x576.jpg\" width=\"1024\" height=\"576\" alt=\"Eine Hand liegt auf einem Wasserbottich, in dem sich der Kopf einer Kuh spiegelt.\" class=\"wp-image-245 aligncenter size-large\" srcset=\"https:\/\/angelikaherta.com\/wp-content\/uploads\/2024\/09\/Wir_Tiere_01_\u00a9FilipJacobson-1024x576.jpg 1024w, https:\/\/angelikaherta.com\/wp-content\/uploads\/2024\/09\/Wir_Tiere_01_\u00a9FilipJacobson-300x169.jpg 300w, https:\/\/angelikaherta.com\/wp-content\/uploads\/2024\/09\/Wir_Tiere_01_\u00a9FilipJacobson-768x432.jpg 768w, https:\/\/angelikaherta.com\/wp-content\/uploads\/2024\/09\/Wir_Tiere_01_\u00a9FilipJacobson-1536x864.jpg 1536w, https:\/\/angelikaherta.com\/wp-content\/uploads\/2024\/09\/Wir_Tiere_01_\u00a9FilipJacobson-1080x608.jpg 1080w, https:\/\/angelikaherta.com\/wp-content\/uploads\/2024\/09\/Wir_Tiere_01_\u00a9FilipJacobson-1280x720.jpg 1280w, https:\/\/angelikaherta.com\/wp-content\/uploads\/2024\/09\/Wir_Tiere_01_\u00a9FilipJacobson-980x551.jpg 980w, https:\/\/angelikaherta.com\/wp-content\/uploads\/2024\/09\/Wir_Tiere_01_\u00a9FilipJacobson-480x270.jpg 480w, https:\/\/angelikaherta.com\/wp-content\/uploads\/2024\/09\/Wir_Tiere_01_\u00a9FilipJacobson.jpg 1920w\" sizes=\"(max-width: 1024px) 100vw, 1024px\" \/>[\/et_pb_slide][et_pb_slide _builder_version=&#8220;4.27.4&#8243; _module_preset=&#8220;default&#8220; global_colors_info=&#8220;{}&#8220; sticky_transition=&#8220;on&#8220;]<\/p>\n<p><img loading=\"lazy\" decoding=\"async\" src=\"https:\/\/angelikaherta.com\/wp-content\/uploads\/2024\/09\/Wir_Tiere_02_\u00a9FilipJacobson-1024x576.jpg\" width=\"1024\" height=\"576\" alt=\"Eine junge Frau sitzt vor einem Ochsen im Stroh. Beide haben die Augen geschlossen.\" class=\"wp-image-246 aligncenter size-large\" srcset=\"https:\/\/angelikaherta.com\/wp-content\/uploads\/2024\/09\/Wir_Tiere_02_\u00a9FilipJacobson-1024x576.jpg 1024w, https:\/\/angelikaherta.com\/wp-content\/uploads\/2024\/09\/Wir_Tiere_02_\u00a9FilipJacobson-300x169.jpg 300w, https:\/\/angelikaherta.com\/wp-content\/uploads\/2024\/09\/Wir_Tiere_02_\u00a9FilipJacobson-768x432.jpg 768w, https:\/\/angelikaherta.com\/wp-content\/uploads\/2024\/09\/Wir_Tiere_02_\u00a9FilipJacobson-1536x864.jpg 1536w, https:\/\/angelikaherta.com\/wp-content\/uploads\/2024\/09\/Wir_Tiere_02_\u00a9FilipJacobson-1080x608.jpg 1080w, https:\/\/angelikaherta.com\/wp-content\/uploads\/2024\/09\/Wir_Tiere_02_\u00a9FilipJacobson-1280x720.jpg 1280w, https:\/\/angelikaherta.com\/wp-content\/uploads\/2024\/09\/Wir_Tiere_02_\u00a9FilipJacobson-980x551.jpg 980w, https:\/\/angelikaherta.com\/wp-content\/uploads\/2024\/09\/Wir_Tiere_02_\u00a9FilipJacobson-480x270.jpg 480w, https:\/\/angelikaherta.com\/wp-content\/uploads\/2024\/09\/Wir_Tiere_02_\u00a9FilipJacobson.jpg 1920w\" sizes=\"(max-width: 1024px) 100vw, 1024px\" \/><\/p>\n<p>[\/et_pb_slide][\/et_pb_slider][et_pb_image src=&#8220;https:\/\/angelikaherta.com\/wp-content\/uploads\/2024\/09\/Wir_Tiere_00_vorschaubild_\u00a9FilipJacobson-300&#215;169.jpg&#8220; alt=&#8220;Eine junge Frau liegt im Gras. Sie streichelt den Kopf eines Schweins.&#8220; align=&#8220;center&#8220; src_tablet=&#8220;https:\/\/angelikaherta.com\/wp-content\/uploads\/2024\/09\/Wir_Tiere_00_vorschaubild_\u00a9FilipJacobson-150&#215;150.jpg&#8220; src_phone=&#8220;https:\/\/angelikaherta.com\/wp-content\/uploads\/2024\/09\/Wir_Tiere_00_vorschaubild_\u00a9FilipJacobson-300&#215;169.jpg&#8220; src_last_edited=&#8220;on|phone&#8220; disabled_on=&#8220;off|off|on&#8220; _builder_version=&#8220;4.27.4&#8243; _module_preset=&#8220;default&#8220; width_tablet=&#8220;&#8220; width_phone=&#8220;&#8220; width_last_edited=&#8220;on|phone&#8220; custom_margin=&#8220;0px||||false|false&#8220; custom_padding=&#8220;80px||||false|false&#8220; image_details_margin=&#8220;||||false|false&#8220; global_colors_info=&#8220;{}&#8220;][\/et_pb_image][et_pb_heading title=&#8220;WIR TIERE&#8220; admin_label=&#8220;\u00dcberschrift H1&#8243; _builder_version=&#8220;4.27.4&#8243; _module_preset=&#8220;default&#8220; title_font=&#8220;|600|||||||&#8220; title_text_align=&#8220;center&#8220; title_text_color=&#8220;#d8d8d8&#8243; global_colors_info=&#8220;{}&#8220;][\/et_pb_heading][et_pb_heading title=&#8220; Dokumentarischer Kurzfilm, 13 Min, Deutschland, 2022 \u2013  Farbe, Stereo&#8220; _builder_version=&#8220;4.27.4&#8243; _module_preset=&#8220;default&#8220; title_level=&#8220;h2&#8243; title_font=&#8220;|600|||||||&#8220; title_text_align=&#8220;center&#8220; title_text_color=&#8220;#d3d3d3&#8243; title_font_size=&#8220;17px&#8220; title_line_height=&#8220;1.4em&#8220; width=&#8220;60%&#8220; width_tablet=&#8220;60%&#8220; width_phone=&#8220;90%&#8220; width_last_edited=&#8220;on|desktop&#8220; module_alignment=&#8220;center&#8220; hover_enabled=&#8220;0&#8243; global_colors_info=&#8220;{}&#8220; sticky_enabled=&#8220;0&#8243;][\/et_pb_heading][et_pb_text _builder_version=&#8220;4.27.4&#8243; _module_preset=&#8220;default&#8220; text_text_color=&#8220;#c9c9c9&#8243; width=&#8220;60%&#8220; width_tablet=&#8220;60%&#8220; width_phone=&#8220;90%&#8220; width_last_edited=&#8220;on|phone&#8220; max_width_tablet=&#8220;55%&#8220; max_width_phone=&#8220;100%&#8220; max_width_last_edited=&#8220;on|desktop&#8220; module_alignment=&#8220;center&#8220; hover_enabled=&#8220;0&#8243; global_colors_info=&#8220;{}&#8220; sticky_enabled=&#8220;0&#8243;]<\/p>\n<p style=\"text-align: center;\">&#8222;Wir Tiere&#8220; erz\u00e4hlt von der Freundschaft zwischen zwei jungen Frauen und den von ihnen geretteten Tieren und ihrer Sehnsucht nach Verbundenheit. Der Film zeigt utopische Momente der Freiheit und Sch\u00f6nheit inmitten einer Realit\u00e4t, die von der Ausbeutung von Mensch und Tier lebt.<\/p>\n<p style=\"text-align: center;\">\u201cWir Tiere\u201d ist Teil des kollektiven Filmprojekts HUMAN\/NATURE der Filmwerkstatt M\u00fcnster und wurde durch das RKP &#8211; Regionale Kultur Programm NRW des Ministeriums f\u00fcr Kultur und Wissenschaft des Landes Nordrhein-Westfalen sowie durch die LWL-Kulturstiftung gef\u00f6rdert.<\/p>\n<p style=\"text-align: center;\"><strong>Screenings<\/strong><br \/>HUMAN\/NATURE | Kurzfilme im Planetarium, LWL-Museums f\u00fcr Naturkunde, M\u00fcnster, 2022<br \/>Dokfenster, Dokumentarfilme f\u00fcr Schulklassen, Filmhauskino K\u00f6ln, 2023<\/p>\n<p><em> <\/em><\/p>\n<p><em><\/em><\/p>\n<p>[\/et_pb_text][et_pb_video src=&#8220;https:\/\/vimeo.com\/740023772\/0ba1fe8ebc?share=copy&#8220; _builder_version=&#8220;4.27.4&#8243; _module_preset=&#8220;default&#8220; transform_scale=&#8220;74%|74%&#8220; transform_scale_tablet=&#8220;74%|74%&#8220; transform_scale_phone=&#8220;100%|100%&#8220; transform_scale_last_edited=&#8220;on|desktop&#8220; transform_translate_tablet=&#8220;&#8220; transform_translate_phone=&#8220;&#8220; transform_translate_last_edited=&#8220;on|desktop&#8220; transform_rotate_tablet=&#8220;&#8220; transform_rotate_phone=&#8220;&#8220; transform_rotate_last_edited=&#8220;on|desktop&#8220; transform_skew_tablet=&#8220;&#8220; transform_skew_phone=&#8220;&#8220; transform_skew_last_edited=&#8220;on|desktop&#8220; transform_origin_tablet=&#8220;&#8220; transform_origin_phone=&#8220;&#8220; transform_origin_last_edited=&#8220;on|desktop&#8220; transform_styles_last_edited=&#8220;on|desktop&#8220; transform_styles_tablet=&#8220;&#8220; transform_styles_phone=&#8220;&#8220; global_colors_info=&#8220;{}&#8220;][\/et_pb_video][\/et_pb_column][\/et_pb_row][\/et_pb_section]<\/p>\n","protected":false},"excerpt":{"rendered":"<p>&#8222;Wir Tiere&#8220; erz\u00e4hlt von der Freundschaft zwischen zwei jungen Frauen und den von ihnen geretteten Tieren und ihrer Sehnsucht nach Verbundenheit. Der Film zeigt utopische Momente der Freiheit und Sch\u00f6nheit inmitten einer Realit\u00e4t, die von der Ausbeutung von Mensch und Tier lebt. \u201cWir Tiere\u201d ist Teil des kollektiven Filmprojekts HUMAN\/NATURE der Filmwerkstatt M\u00fcnster und wurde [&hellip;]<\/p>\n","protected":false},"author":1,"featured_media":0,"parent":0,"menu_order":0,"comment_status":"closed","ping_status":"closed","template":"","meta":{"_et_pb_use_builder":"on","_et_pb_old_content":"","_et_gb_content_width":"","footnotes":""},"class_list":["post-4151","page","type-page","status-publish","hentry"],"yoast_head":"<!-- This site is optimized with the Yoast SEO plugin v24.0 - https:\/\/yoast.com\/wordpress\/plugins\/seo\/ -->\n<title>Wir Tiere \u2013 2022 - Angelika Herta<\/title>\n<meta name=\"robots\" content=\"index, follow, max-snippet:-1, max-image-preview:large, max-video-preview:-1\" \/>\n<link rel=\"canonical\" href=\"https:\/\/angelikaherta.com\/en\/wir-tiere-2022\/\" \/>\n<meta property=\"og:locale\" content=\"en_GB\" \/>\n<meta property=\"og:type\" content=\"article\" \/>\n<meta property=\"og:title\" content=\"Wir Tiere \u2013 2022 - Angelika Herta\" \/>\n<meta property=\"og:description\" content=\"&quot;Wir Tiere&quot; erz\u00e4hlt von der Freundschaft zwischen zwei jungen Frauen und den von ihnen geretteten Tieren und ihrer Sehnsucht nach Verbundenheit. Der Film zeigt utopische Momente der Freiheit und Sch\u00f6nheit inmitten einer Realit\u00e4t, die von der Ausbeutung von Mensch und Tier lebt. \u201cWir Tiere\u201d ist Teil des kollektiven Filmprojekts HUMAN\/NATURE der Filmwerkstatt M\u00fcnster und wurde [&hellip;]\" \/>\n<meta property=\"og:url\" content=\"https:\/\/angelikaherta.com\/en\/wir-tiere-2022\/\" \/>\n<meta property=\"og:site_name\" content=\"Angelika Herta\" \/>\n<meta property=\"article:publisher\" content=\"https:\/\/www.facebook.com\/undjetztBobkowski\/\" \/>\n<meta property=\"article:modified_time\" content=\"2025-06-05T09:13:08+00:00\" \/>\n<meta name=\"twitter:card\" content=\"summary_large_image\" \/>\n<meta name=\"twitter:label1\" content=\"Estimated reading time\" \/>\n\t<meta name=\"twitter:data1\" content=\"6 minutes\" \/>\n<script type=\"application\/ld+json\" class=\"yoast-schema-graph\">{\"@context\":\"https:\/\/schema.org\",\"@graph\":[{\"@type\":\"WebPage\",\"@id\":\"https:\/\/angelikaherta.com\/wir-tiere-2022\/\",\"url\":\"https:\/\/angelikaherta.com\/wir-tiere-2022\/\",\"name\":\"Wir Tiere \u2013 2022 - Angelika Herta\",\"isPartOf\":{\"@id\":\"https:\/\/angelikaherta.com\/#website\"},\"datePublished\":\"2024-12-08T17:58:58+00:00\",\"dateModified\":\"2025-06-05T09:13:08+00:00\",\"breadcrumb\":{\"@id\":\"https:\/\/angelikaherta.com\/wir-tiere-2022\/#breadcrumb\"},\"inLanguage\":\"en-GB\",\"potentialAction\":[{\"@type\":\"ReadAction\",\"target\":[\"https:\/\/angelikaherta.com\/wir-tiere-2022\/\"]}]},{\"@type\":\"BreadcrumbList\",\"@id\":\"https:\/\/angelikaherta.com\/wir-tiere-2022\/#breadcrumb\",\"itemListElement\":[{\"@type\":\"ListItem\",\"position\":1,\"name\":\"Startseite\",\"item\":\"https:\/\/angelikaherta.com\/\"},{\"@type\":\"ListItem\",\"position\":2,\"name\":\"Wir Tiere \u2013 2022\"}]},{\"@type\":\"WebSite\",\"@id\":\"https:\/\/angelikaherta.com\/#website\",\"url\":\"https:\/\/angelikaherta.com\/\",\"name\":\"Angelika Herta\",\"description\":\"\",\"potentialAction\":[{\"@type\":\"SearchAction\",\"target\":{\"@type\":\"EntryPoint\",\"urlTemplate\":\"https:\/\/angelikaherta.com\/?s={search_term_string}\"},\"query-input\":{\"@type\":\"PropertyValueSpecification\",\"valueRequired\":true,\"valueName\":\"search_term_string\"}}],\"inLanguage\":\"en-GB\"}]}<\/script>\n<!-- \/ Yoast SEO plugin. -->","yoast_head_json":{"title":"Wir Tiere \u2013 2022 - Angelika Herta","robots":{"index":"index","follow":"follow","max-snippet":"max-snippet:-1","max-image-preview":"max-image-preview:large","max-video-preview":"max-video-preview:-1"},"canonical":"https:\/\/angelikaherta.com\/en\/wir-tiere-2022\/","og_locale":"en_GB","og_type":"article","og_title":"Wir Tiere \u2013 2022 - Angelika Herta","og_description":"\"Wir Tiere\" erz\u00e4hlt von der Freundschaft zwischen zwei jungen Frauen und den von ihnen geretteten Tieren und ihrer Sehnsucht nach Verbundenheit. Der Film zeigt utopische Momente der Freiheit und Sch\u00f6nheit inmitten einer Realit\u00e4t, die von der Ausbeutung von Mensch und Tier lebt. \u201cWir Tiere\u201d ist Teil des kollektiven Filmprojekts HUMAN\/NATURE der Filmwerkstatt M\u00fcnster und wurde [&hellip;]","og_url":"https:\/\/angelikaherta.com\/en\/wir-tiere-2022\/","og_site_name":"Angelika Herta","article_publisher":"https:\/\/www.facebook.com\/undjetztBobkowski\/","article_modified_time":"2025-06-05T09:13:08+00:00","twitter_card":"summary_large_image","twitter_misc":{"Estimated reading time":"6 minutes"},"schema":{"@context":"https:\/\/schema.org","@graph":[{"@type":"WebPage","@id":"https:\/\/angelikaherta.com\/wir-tiere-2022\/","url":"https:\/\/angelikaherta.com\/wir-tiere-2022\/","name":"Wir Tiere \u2013 2022 - Angelika Herta","isPartOf":{"@id":"https:\/\/angelikaherta.com\/#website"},"datePublished":"2024-12-08T17:58:58+00:00","dateModified":"2025-06-05T09:13:08+00:00","breadcrumb":{"@id":"https:\/\/angelikaherta.com\/wir-tiere-2022\/#breadcrumb"},"inLanguage":"en-GB","potentialAction":[{"@type":"ReadAction","target":["https:\/\/angelikaherta.com\/wir-tiere-2022\/"]}]},{"@type":"BreadcrumbList","@id":"https:\/\/angelikaherta.com\/wir-tiere-2022\/#breadcrumb","itemListElement":[{"@type":"ListItem","position":1,"name":"Startseite","item":"https:\/\/angelikaherta.com\/"},{"@type":"ListItem","position":2,"name":"Wir Tiere \u2013 2022"}]},{"@type":"WebSite","@id":"https:\/\/angelikaherta.com\/#website","url":"https:\/\/angelikaherta.com\/","name":"Angelika Herta","description":"","potentialAction":[{"@type":"SearchAction","target":{"@type":"EntryPoint","urlTemplate":"https:\/\/angelikaherta.com\/?s={search_term_string}"},"query-input":{"@type":"PropertyValueSpecification","valueRequired":true,"valueName":"search_term_string"}}],"inLanguage":"en-GB"}]}},"_links":{"self":[{"href":"https:\/\/angelikaherta.com\/en\/wp-json\/wp\/v2\/pages\/4151","targetHints":{"allow":["GET"]}}],"collection":[{"href":"https:\/\/angelikaherta.com\/en\/wp-json\/wp\/v2\/pages"}],"about":[{"href":"https:\/\/angelikaherta.com\/en\/wp-json\/wp\/v2\/types\/page"}],"author":[{"embeddable":true,"href":"https:\/\/angelikaherta.com\/en\/wp-json\/wp\/v2\/users\/1"}],"replies":[{"embeddable":true,"href":"https:\/\/angelikaherta.com\/en\/wp-json\/wp\/v2\/comments?post=4151"}],"version-history":[{"count":13,"href":"https:\/\/angelikaherta.com\/en\/wp-json\/wp\/v2\/pages\/4151\/revisions"}],"predecessor-version":[{"id":4861,"href":"https:\/\/angelikaherta.com\/en\/wp-json\/wp\/v2\/pages\/4151\/revisions\/4861"}],"wp:attachment":[{"href":"https:\/\/angelikaherta.com\/en\/wp-json\/wp\/v2\/media?parent=4151"}],"curies":[{"name":"wp","href":"https:\/\/api.w.org\/{rel}","templated":true}]}}