{"id":4122,"date":"2024-12-08T18:21:55","date_gmt":"2024-12-08T17:21:55","guid":{"rendered":"https:\/\/angelikaherta.com\/?page_id=4122"},"modified":"2025-06-05T11:19:08","modified_gmt":"2025-06-05T09:19:08","slug":"der-beste-weg-2014-2","status":"publish","type":"page","link":"https:\/\/angelikaherta.com\/en\/der-beste-weg-2014-2\/","title":{"rendered":"The best way \u2013 2014"},"content":{"rendered":"<p>[et_pb_section fb_built=&#8220;1&#8243; fullwidth=&#8220;on&#8220; _builder_version=&#8220;4.27.3&#8243; _module_preset=&#8220;default&#8220; background_color=&#8220;RGBA(255,255,255,0)&#8220; positioning=&#8220;absolute&#8220; global_colors_info=&#8220;{}&#8220;][et_pb_fullwidth_menu menu_id=&#8220;19&#8243; active_link_color=&#8220;#FFFFFF&#8220; dropdown_menu_bg_color=&#8220;RGBA(255,255,255,0)&#8220; dropdown_menu_line_color=&#8220;RGBA(255,255,255,0)&#8220; dropdown_menu_text_color=&#8220;#c9c9c9&#8243; dropdown_menu_active_link_color=&#8220;#FFFFFF&#8220; mobile_menu_bg_color=&#8220;#000000&#8243; mobile_menu_text_color=&#8220;#FFFFFF&#8220; logo=&#8220;https:\/\/angelikaherta.com\/wp-content\/uploads\/2024\/10\/Logo-roter-Punkt-1.jpg&#8220; logo_url=&#8220;www.angelikaherta.com&#8220; disabled_on=&#8220;on|on|off&#8220; module_class=&#8220;vertical-menu&#8220; _builder_version=&#8220;4.27.3&#8243; _module_preset=&#8220;default&#8220; menu_font=&#8220;Poppins|700|||||||&#8220; menu_text_color=&#8220;#cccccc&#8220; background_color=&#8220;RGBA(255,255,255,0)&#8220; positioning=&#8220;fixed&#8220; width=&#8220;100%&#8220; custom_padding=&#8220;0px|279px|0px|0px|false|false&#8220; global_colors_info=&#8220;{}&#8220;][\/et_pb_fullwidth_menu][et_pb_fullwidth_menu menu_id=&#8220;18&#8243; dropdown_menu_bg_color=&#8220;#000000&#8243; dropdown_menu_line_color=&#8220;RGBA(255,255,255,0)&#8220; dropdown_menu_text_color=&#8220;#FFFFFF&#8220; dropdown_menu_active_link_color=&#8220;#FFFFFF&#8220; mobile_menu_bg_color=&#8220;#000000&#8243; mobile_menu_text_color=&#8220;#FFFFFF&#8220; disabled_on=&#8220;off|off|on&#8220; _builder_version=&#8220;4.27.4&#8243; _module_preset=&#8220;default&#8220; background_color=&#8220;RGBA(255,255,255,0)&#8220; global_colors_info=&#8220;{}&#8220;][\/et_pb_fullwidth_menu][\/et_pb_section][et_pb_section fb_built=&#8220;1&#8243; _builder_version=&#8220;4.27.4&#8243; _module_preset=&#8220;default&#8220; background_image=&#8220;https:\/\/angelikaherta.com\/wp-content\/uploads\/2024\/11\/Hintergund-6.png&#8220; parallax=&#8220;on&#8220; parallax_method=&#8220;off&#8220; positioning=&#8220;absolute&#8220; position_origin_a_tablet=&#8220;&#8220; position_origin_a_phone=&#8220;&#8220; position_origin_a_last_edited=&#8220;on|phone&#8220; position_origin_f_tablet=&#8220;&#8220; position_origin_f_phone=&#8220;&#8220; position_origin_f_last_edited=&#8220;on|tablet&#8220; position_origin_r_tablet=&#8220;&#8220; position_origin_r_phone=&#8220;&#8220; position_origin_r_last_edited=&#8220;on|tablet&#8220; min_height=&#8220;100vh&#8220; background_last_edited=&#8220;on|phone&#8220; background_image_tablet=&#8220;https:\/\/angelikaherta.com\/wp-content\/uploads\/2024\/10\/weisse-Linien-Ipad-neu-1024&#215;576.jpg&#8220; background_image_phone=&#8220;https:\/\/angelikaherta.com\/wp-content\/uploads\/2024\/12\/derbesteweg-hintergund-mobil-neu.png&#8220; background_enable_image_tablet=&#8220;on&#8220; background_enable_image_phone=&#8220;on&#8220; parallax_tablet=&#8220;off&#8220; parallax_phone=&#8220;off&#8220; background_size_phone=&#8220;cover&#8220; background_position_phone=&#8220;top_right&#8220; positioning_tablet=&#8220;absolute&#8220; positioning_phone=&#8220;relative&#8220; positioning_last_edited=&#8220;on|tablet&#8220; global_colors_info=&#8220;{}&#8220;][et_pb_row _builder_version=&#8220;4.27.2&#8243; _module_preset=&#8220;default&#8220; global_colors_info=&#8220;{}&#8220;][et_pb_column type=&#8220;4_4&#8243; _builder_version=&#8220;4.27.2&#8243; _module_preset=&#8220;default&#8220; global_colors_info=&#8220;{}&#8220;][et_pb_slider show_image_video_mobile=&#8220;on&#8220; disabled_on=&#8220;on|on|off&#8220; _builder_version=&#8220;4.27.4&#8243; _module_preset=&#8220;default&#8220; background_color=&#8220;RGBA(255,255,255,0)&#8220; global_colors_info=&#8220;{}&#8220;][et_pb_slide _builder_version=&#8220;4.27.4&#8243; _module_preset=&#8220;default&#8220; global_colors_info=&#8220;{}&#8220; sticky_transition=&#8220;on&#8220;]<img loading=\"lazy\" decoding=\"async\" src=\"https:\/\/angelikaherta.com\/wp-content\/uploads\/2024\/10\/DerbesteWeg-nachgebaut-1024x576.jpg\" width=\"1024\" height=\"576\" alt=\"Roter Kreis auf schwarzem Hintergrund\" class=\"wp-image-538 aligncenter size-large\" srcset=\"https:\/\/angelikaherta.com\/wp-content\/uploads\/2024\/10\/DerbesteWeg-nachgebaut-980x551.jpg 980w, https:\/\/angelikaherta.com\/wp-content\/uploads\/2024\/10\/DerbesteWeg-nachgebaut-480x270.jpg 480w\" sizes=\"(min-width: 0px) and (max-width: 480px) 480px, (min-width: 481px) and (max-width: 980px) 980px, (min-width: 981px) 1024px, 100vw\" \/>[\/et_pb_slide][et_pb_slide _builder_version=&#8220;4.27.4&#8243; _module_preset=&#8220;default&#8220; global_colors_info=&#8220;{}&#8220; sticky_transition=&#8220;on&#8220;]<\/p>\n<p><img loading=\"lazy\" decoding=\"async\" src=\"https:\/\/angelikaherta.com\/wp-content\/uploads\/2024\/10\/Der-beste-Weg_Hoelle_\u00a9Herta-1024x576.png\" width=\"1024\" height=\"576\" alt=\"Auf schwarzem Hintergrund in wei\u00dfer Schrift: Warum kommen Blinde nicht in die H\u00f6lle?\" class=\"wp-image-1758 aligncenter size-large\" srcset=\"https:\/\/angelikaherta.com\/wp-content\/uploads\/2024\/10\/Der-beste-Weg_Hoelle_\u00a9Herta-1024x576.png 1024w, https:\/\/angelikaherta.com\/wp-content\/uploads\/2024\/10\/Der-beste-Weg_Hoelle_\u00a9Herta-300x169.png 300w, https:\/\/angelikaherta.com\/wp-content\/uploads\/2024\/10\/Der-beste-Weg_Hoelle_\u00a9Herta-768x432.png 768w, https:\/\/angelikaherta.com\/wp-content\/uploads\/2024\/10\/Der-beste-Weg_Hoelle_\u00a9Herta-1536x864.png 1536w, https:\/\/angelikaherta.com\/wp-content\/uploads\/2024\/10\/Der-beste-Weg_Hoelle_\u00a9Herta-18x10.png 18w, https:\/\/angelikaherta.com\/wp-content\/uploads\/2024\/10\/Der-beste-Weg_Hoelle_\u00a9Herta-1080x608.png 1080w, https:\/\/angelikaherta.com\/wp-content\/uploads\/2024\/10\/Der-beste-Weg_Hoelle_\u00a9Herta-1280x720.png 1280w, https:\/\/angelikaherta.com\/wp-content\/uploads\/2024\/10\/Der-beste-Weg_Hoelle_\u00a9Herta-980x551.png 980w, https:\/\/angelikaherta.com\/wp-content\/uploads\/2024\/10\/Der-beste-Weg_Hoelle_\u00a9Herta-480x270.png 480w, https:\/\/angelikaherta.com\/wp-content\/uploads\/2024\/10\/Der-beste-Weg_Hoelle_\u00a9Herta.png 1920w\" sizes=\"(max-width: 1024px) 100vw, 1024px\" \/><\/p>\n<p>[\/et_pb_slide][et_pb_slide _builder_version=&#8220;4.27.4&#8243; _module_preset=&#8220;default&#8220; global_colors_info=&#8220;{}&#8220; sticky_transition=&#8220;on&#8220;]<img loading=\"lazy\" decoding=\"async\" src=\"https:\/\/angelikaherta.com\/wp-content\/uploads\/2024\/10\/Der-beste-Weg_X_\u00a9Herta-1024x576.png\" width=\"1024\" height=\"576\" alt=\"Auf schwarzem Hintergrund ein wei\u00dfes X\" class=\"wp-image-1759 aligncenter size-large\" srcset=\"https:\/\/angelikaherta.com\/wp-content\/uploads\/2024\/10\/Der-beste-Weg_X_\u00a9Herta-1024x576.png 1024w, https:\/\/angelikaherta.com\/wp-content\/uploads\/2024\/10\/Der-beste-Weg_X_\u00a9Herta-300x169.png 300w, https:\/\/angelikaherta.com\/wp-content\/uploads\/2024\/10\/Der-beste-Weg_X_\u00a9Herta-768x432.png 768w, https:\/\/angelikaherta.com\/wp-content\/uploads\/2024\/10\/Der-beste-Weg_X_\u00a9Herta-1536x864.png 1536w, https:\/\/angelikaherta.com\/wp-content\/uploads\/2024\/10\/Der-beste-Weg_X_\u00a9Herta-18x10.png 18w, https:\/\/angelikaherta.com\/wp-content\/uploads\/2024\/10\/Der-beste-Weg_X_\u00a9Herta-1080x608.png 1080w, https:\/\/angelikaherta.com\/wp-content\/uploads\/2024\/10\/Der-beste-Weg_X_\u00a9Herta-1280x720.png 1280w, https:\/\/angelikaherta.com\/wp-content\/uploads\/2024\/10\/Der-beste-Weg_X_\u00a9Herta-980x551.png 980w, https:\/\/angelikaherta.com\/wp-content\/uploads\/2024\/10\/Der-beste-Weg_X_\u00a9Herta-480x270.png 480w, https:\/\/angelikaherta.com\/wp-content\/uploads\/2024\/10\/Der-beste-Weg_X_\u00a9Herta.png 1920w\" sizes=\"(max-width: 1024px) 100vw, 1024px\" \/>[\/et_pb_slide][\/et_pb_slider][et_pb_image src=&#8220;https:\/\/angelikaherta.com\/wp-content\/uploads\/2024\/10\/Der-beste-Weg_Ampel_Vorschaubild_\u00a9Herta-150&#215;150.png&#8220; alt=&#8220;Roter Kreis auf schwarzem Hintergrund&#8220; align=&#8220;center&#8220; disabled_on=&#8220;off|off|on&#8220; _builder_version=&#8220;4.27.4&#8243; _module_preset=&#8220;default&#8220; custom_margin=&#8220;0px||||false|false&#8220; custom_padding=&#8220;80px||||false|false&#8220; global_colors_info=&#8220;{}&#8220;][\/et_pb_image][et_pb_heading title=&#8220;DER BESTE WEG&#8220; admin_label=&#8220;\u00dcberschrift H1&#8243; _builder_version=&#8220;4.27.4&#8243; _module_preset=&#8220;default&#8220; title_font=&#8220;|600|||||||&#8220; title_text_align=&#8220;center&#8220; title_text_color=&#8220;#d8d8d8&#8243; width=&#8220;90%&#8220; module_alignment=&#8220;center&#8220; global_colors_info=&#8220;{}&#8220;][\/et_pb_heading][et_pb_heading title=&#8220;Experimenteller Dokumentarfilm, 09:31 Min, Deutschland, 2014 \u2013 Farbe, Stereo&#8220; _builder_version=&#8220;4.27.4&#8243; _module_preset=&#8220;default&#8220; title_level=&#8220;h2&#8243; title_font=&#8220;|600|||||||&#8220; title_text_align=&#8220;center&#8220; title_text_color=&#8220;#d3d3d3&#8243; title_font_size=&#8220;17px&#8220; title_line_height=&#8220;1.4em&#8220; width=&#8220;60%&#8220; width_tablet=&#8220;60%&#8220; width_phone=&#8220;90%&#8220; width_last_edited=&#8220;on|phone&#8220; module_alignment=&#8220;center&#8220; title_letter_spacing_tablet=&#8220;&#8220; title_letter_spacing_phone=&#8220;&#8220; title_letter_spacing_last_edited=&#8220;on|phone&#8220; global_colors_info=&#8220;{}&#8220;][\/et_pb_heading][et_pb_text _builder_version=&#8220;4.27.4&#8243; _module_preset=&#8220;default&#8220; text_text_color=&#8220;#c9c9c9&#8243; width=&#8220;60%&#8220; width_tablet=&#8220;&#8220; width_phone=&#8220;90%&#8220; width_last_edited=&#8220;on|phone&#8220; max_width_tablet=&#8220;55%&#8220; max_width_phone=&#8220;100%&#8220; max_width_last_edited=&#8220;on|phone&#8220; module_alignment=&#8220;center&#8220; hover_enabled=&#8220;0&#8243; text_text_color_tablet=&#8220;#c9c9c9&#8243; text_text_color_phone=&#8220;#c9c9c9&#8243; text_text_color_last_edited=&#8220;on|phone&#8220; global_colors_info=&#8220;{}&#8220; sticky_enabled=&#8220;0&#8243;]<\/p>\n<p style=\"text-align: center;\">Was nervt sehbehinderte Menschen an den Sehenden? Erz\u00e4hlt wird von einer blinden Frau, die einkaufen geht und dabei immer wieder auf unliebsame Alltagshindernisse st\u00f6\u00dft. Ihre Geschichte wird in Form eines Beschwerdebriefes von der Computerstimme Steffi vorgelesen und setzt sich aus einer Vielzahl von Anekdoten blinder und sehbehinderter Menschen zusammen, die mit abgr\u00fcndigem Humor \u00fcber ihr Alltagsleben erz\u00e4hlen.<\/p>\n<p style=\"text-align: center;\"><em>\u201cEin Tag aus der Perspektive einer blinden Frau. Entlang von wei\u00dfer Schrift auf schwarzem Hintergrund tragen uns Worte durch ihre Geschichte, verlesen von einer Computerstimme. Die Bilder verweigernd, ist Der beste Weg dennoch viel mehr als blo\u00df ein abgefilmter Desktop-Bildschirm. Denn wo ein Sprachprogramm an den emotionalen Momenten scheitern muss, verlagert sich das Gef\u00fchl ins Schrift-Bild, in die Hervorhebungen, Typografien, Schriftgr\u00f6\u00dfen, Anordnungen und Farbigkeiten, die sich in der Zeit entfalten. So gesehen tastet hier das Auge, ist der Film die Brailleschrift des Sehenden im Kino. Selten war Metafilm so l\u00e4ssig und witzig, ohne dabei an Komplexit\u00e4t einzub\u00fc\u00dfen.\u201d<br \/>(Aus dem Katalogtext der Diagonale 2016)<\/em><\/p>\n<p>&nbsp;<\/p>\n<p style=\"text-align: center;\"><strong>Auszeichnungen<\/strong><br \/>F\u00f6rderpreis Kunsthochschule f\u00fcr Medien K\u00f6ln 2014<br \/>Nominierung f\u00fcr den Deutschen Kurzfilmpreis 2015<br \/>2.Preis der Jury des Look&amp;Roll Festivals 2016<br \/>\u201cLobende Erw\u00e4hnung\u201d des K3 Filmfestival 2016<\/p>\n<p style=\"text-align: center;\"><strong>Ausstellungen<\/strong><br \/>Art Cologne 2015 \u201cWhat subject can we sensibly discuss?, K\u00f6ln 2015<br \/>Video- und Performance-Festival \u201cPlay \u2013 leaving the stage\u201d, K\u00f6ln, 2016<br \/>A room that&#8230;Perfect creatures, group exhibition, Spinnerei Leipzig, 2016<br \/>Marler Medienkunst-Preis, Marl, 2016<br \/>Skulpturenmuseum Glaskasten, Marl, 2017<\/p>\n<p style=\"text-align: center;\"><strong>Ausgew\u00e4hlte Screenings<\/strong><br \/>Filmreihe K\u00f6ln, Filmhauskino K\u00f6ln, 2015<br \/>Kurzfilmfestival K\u00f6ln Unlimited #9, 2015<br \/>Max Oph\u00fcls Preis Saarbr\u00fccken, 2016<br \/>Diagonale Graz, 2016<br \/>FIDE, Saint-Ouen, Frankreich, 2015<br \/>Taiwan International Documentary Film Festival (TIDF),Taiwan, 2016<br \/>Look and Roll Festival, Basel, 2016 &#8211;<br \/>13th VERZIO Documentary Film Festival, Budapest, 2016<br \/>TIDF Festival TOUR of 2017, TAIWAN 2017<br \/>29. Filmfest Dresden, 2017<br \/>festi\u2019life Marseille, Frankreich, 2017<br \/>imai D\u00fcsseldorf, VIDEO BOX 9 &#8211; \u00dcBER SCHRIFT, 2020<br \/>Robolab, Odonien, K\u00f6ln, 2022<br \/>KFFK Kurzfilmfestival K\u00f6ln, 2022<\/p>\n<p style=\"text-align: center;\"><em>\u00a0<\/em><\/p>\n<p><em><\/em><\/p>\n<p>[\/et_pb_text][et_pb_video src=&#8220;https:\/\/vimeo.com\/723660272?share=copy&#8220; _builder_version=&#8220;4.27.4&#8243; _module_preset=&#8220;default&#8220; transform_scale=&#8220;74%|74%&#8220; transform_scale_tablet=&#8220;74%|74%&#8220; transform_scale_phone=&#8220;100%|100%&#8220; transform_scale_last_edited=&#8220;on|phone&#8220; transform_translate_tablet=&#8220;&#8220; transform_translate_phone=&#8220;&#8220; transform_translate_last_edited=&#8220;on|desktop&#8220; transform_rotate_tablet=&#8220;&#8220; transform_rotate_phone=&#8220;&#8220; transform_rotate_last_edited=&#8220;on|desktop&#8220; transform_skew_tablet=&#8220;&#8220; transform_skew_phone=&#8220;&#8220; transform_skew_last_edited=&#8220;on|desktop&#8220; transform_origin_tablet=&#8220;&#8220; transform_origin_phone=&#8220;&#8220; transform_origin_last_edited=&#8220;on|desktop&#8220; transform_styles_last_edited=&#8220;on|phone&#8220; transform_styles_tablet=&#8220;&#8220; transform_styles_phone=&#8220;&#8220; global_colors_info=&#8220;{}&#8220;][\/et_pb_video][\/et_pb_column][\/et_pb_row][\/et_pb_section]<\/p>\n","protected":false},"excerpt":{"rendered":"<p>Was nervt sehbehinderte Menschen an den Sehenden? Erz\u00e4hlt wird von einer blinden Frau, die einkaufen geht und dabei immer wieder auf unliebsame Alltagshindernisse st\u00f6\u00dft. Ihre Geschichte wird in Form eines Beschwerdebriefes von der Computerstimme Steffi vorgelesen und setzt sich aus einer Vielzahl von Anekdoten blinder und sehbehinderter Menschen zusammen, die mit abgr\u00fcndigem Humor \u00fcber ihr [&hellip;]<\/p>\n","protected":false},"author":1,"featured_media":0,"parent":0,"menu_order":0,"comment_status":"closed","ping_status":"closed","template":"","meta":{"_et_pb_use_builder":"on","_et_pb_old_content":"","_et_gb_content_width":"","footnotes":""},"class_list":["post-4122","page","type-page","status-publish","hentry"],"yoast_head":"<!-- This site is optimized with the Yoast SEO plugin v24.0 - https:\/\/yoast.com\/wordpress\/plugins\/seo\/ -->\n<title>Der beste Weg \u2013 2014 - Angelika Herta<\/title>\n<meta name=\"robots\" content=\"index, follow, max-snippet:-1, max-image-preview:large, max-video-preview:-1\" \/>\n<link rel=\"canonical\" href=\"https:\/\/angelikaherta.com\/en\/der-beste-weg-2014-2\/\" \/>\n<meta property=\"og:locale\" content=\"en_GB\" \/>\n<meta property=\"og:type\" content=\"article\" \/>\n<meta property=\"og:title\" content=\"Der beste Weg \u2013 2014 - Angelika Herta\" \/>\n<meta property=\"og:description\" content=\"Was nervt sehbehinderte Menschen an den Sehenden? Erz\u00e4hlt wird von einer blinden Frau, die einkaufen geht und dabei immer wieder auf unliebsame Alltagshindernisse st\u00f6\u00dft. Ihre Geschichte wird in Form eines Beschwerdebriefes von der Computerstimme Steffi vorgelesen und setzt sich aus einer Vielzahl von Anekdoten blinder und sehbehinderter Menschen zusammen, die mit abgr\u00fcndigem Humor \u00fcber ihr [&hellip;]\" \/>\n<meta property=\"og:url\" content=\"https:\/\/angelikaherta.com\/en\/der-beste-weg-2014-2\/\" \/>\n<meta property=\"og:site_name\" content=\"Angelika Herta\" \/>\n<meta property=\"article:publisher\" content=\"https:\/\/www.facebook.com\/undjetztBobkowski\/\" \/>\n<meta property=\"article:modified_time\" content=\"2025-06-05T09:19:08+00:00\" \/>\n<meta property=\"og:image\" content=\"https:\/\/angelikaherta.com\/wp-content\/uploads\/2024\/10\/DerbesteWeg-nachgebaut-1024x576.jpg\" \/>\n<meta name=\"twitter:card\" content=\"summary_large_image\" \/>\n<meta name=\"twitter:label1\" content=\"Estimated reading time\" \/>\n\t<meta name=\"twitter:data1\" content=\"5 minutes\" \/>\n<script type=\"application\/ld+json\" class=\"yoast-schema-graph\">{\"@context\":\"https:\/\/schema.org\",\"@graph\":[{\"@type\":\"WebPage\",\"@id\":\"https:\/\/angelikaherta.com\/der-beste-weg-2014-2\/\",\"url\":\"https:\/\/angelikaherta.com\/der-beste-weg-2014-2\/\",\"name\":\"Der beste Weg \u2013 2014 - Angelika Herta\",\"isPartOf\":{\"@id\":\"https:\/\/angelikaherta.com\/#website\"},\"primaryImageOfPage\":{\"@id\":\"https:\/\/angelikaherta.com\/der-beste-weg-2014-2\/#primaryimage\"},\"image\":{\"@id\":\"https:\/\/angelikaherta.com\/der-beste-weg-2014-2\/#primaryimage\"},\"thumbnailUrl\":\"https:\/\/angelikaherta.com\/wp-content\/uploads\/2024\/10\/DerbesteWeg-nachgebaut-1024x576.jpg\",\"datePublished\":\"2024-12-08T17:21:55+00:00\",\"dateModified\":\"2025-06-05T09:19:08+00:00\",\"breadcrumb\":{\"@id\":\"https:\/\/angelikaherta.com\/der-beste-weg-2014-2\/#breadcrumb\"},\"inLanguage\":\"en-GB\",\"potentialAction\":[{\"@type\":\"ReadAction\",\"target\":[\"https:\/\/angelikaherta.com\/der-beste-weg-2014-2\/\"]}]},{\"@type\":\"ImageObject\",\"inLanguage\":\"en-GB\",\"@id\":\"https:\/\/angelikaherta.com\/der-beste-weg-2014-2\/#primaryimage\",\"url\":\"https:\/\/angelikaherta.com\/wp-content\/uploads\/2024\/10\/DerbesteWeg-nachgebaut-1024x576.jpg\",\"contentUrl\":\"https:\/\/angelikaherta.com\/wp-content\/uploads\/2024\/10\/DerbesteWeg-nachgebaut-1024x576.jpg\"},{\"@type\":\"BreadcrumbList\",\"@id\":\"https:\/\/angelikaherta.com\/der-beste-weg-2014-2\/#breadcrumb\",\"itemListElement\":[{\"@type\":\"ListItem\",\"position\":1,\"name\":\"Startseite\",\"item\":\"https:\/\/angelikaherta.com\/\"},{\"@type\":\"ListItem\",\"position\":2,\"name\":\"Der beste Weg \u2013 2014\"}]},{\"@type\":\"WebSite\",\"@id\":\"https:\/\/angelikaherta.com\/#website\",\"url\":\"https:\/\/angelikaherta.com\/\",\"name\":\"Angelika Herta\",\"description\":\"\",\"potentialAction\":[{\"@type\":\"SearchAction\",\"target\":{\"@type\":\"EntryPoint\",\"urlTemplate\":\"https:\/\/angelikaherta.com\/?s={search_term_string}\"},\"query-input\":{\"@type\":\"PropertyValueSpecification\",\"valueRequired\":true,\"valueName\":\"search_term_string\"}}],\"inLanguage\":\"en-GB\"}]}<\/script>\n<!-- \/ Yoast SEO plugin. -->","yoast_head_json":{"title":"Der beste Weg \u2013 2014 - Angelika Herta","robots":{"index":"index","follow":"follow","max-snippet":"max-snippet:-1","max-image-preview":"max-image-preview:large","max-video-preview":"max-video-preview:-1"},"canonical":"https:\/\/angelikaherta.com\/en\/der-beste-weg-2014-2\/","og_locale":"en_GB","og_type":"article","og_title":"Der beste Weg \u2013 2014 - Angelika Herta","og_description":"Was nervt sehbehinderte Menschen an den Sehenden? Erz\u00e4hlt wird von einer blinden Frau, die einkaufen geht und dabei immer wieder auf unliebsame Alltagshindernisse st\u00f6\u00dft. Ihre Geschichte wird in Form eines Beschwerdebriefes von der Computerstimme Steffi vorgelesen und setzt sich aus einer Vielzahl von Anekdoten blinder und sehbehinderter Menschen zusammen, die mit abgr\u00fcndigem Humor \u00fcber ihr [&hellip;]","og_url":"https:\/\/angelikaherta.com\/en\/der-beste-weg-2014-2\/","og_site_name":"Angelika Herta","article_publisher":"https:\/\/www.facebook.com\/undjetztBobkowski\/","article_modified_time":"2025-06-05T09:19:08+00:00","og_image":[{"url":"https:\/\/angelikaherta.com\/wp-content\/uploads\/2024\/10\/DerbesteWeg-nachgebaut-1024x576.jpg","type":"","width":"","height":""}],"twitter_card":"summary_large_image","twitter_misc":{"Estimated reading time":"5 minutes"},"schema":{"@context":"https:\/\/schema.org","@graph":[{"@type":"WebPage","@id":"https:\/\/angelikaherta.com\/der-beste-weg-2014-2\/","url":"https:\/\/angelikaherta.com\/der-beste-weg-2014-2\/","name":"Der beste Weg \u2013 2014 - Angelika Herta","isPartOf":{"@id":"https:\/\/angelikaherta.com\/#website"},"primaryImageOfPage":{"@id":"https:\/\/angelikaherta.com\/der-beste-weg-2014-2\/#primaryimage"},"image":{"@id":"https:\/\/angelikaherta.com\/der-beste-weg-2014-2\/#primaryimage"},"thumbnailUrl":"https:\/\/angelikaherta.com\/wp-content\/uploads\/2024\/10\/DerbesteWeg-nachgebaut-1024x576.jpg","datePublished":"2024-12-08T17:21:55+00:00","dateModified":"2025-06-05T09:19:08+00:00","breadcrumb":{"@id":"https:\/\/angelikaherta.com\/der-beste-weg-2014-2\/#breadcrumb"},"inLanguage":"en-GB","potentialAction":[{"@type":"ReadAction","target":["https:\/\/angelikaherta.com\/der-beste-weg-2014-2\/"]}]},{"@type":"ImageObject","inLanguage":"en-GB","@id":"https:\/\/angelikaherta.com\/der-beste-weg-2014-2\/#primaryimage","url":"https:\/\/angelikaherta.com\/wp-content\/uploads\/2024\/10\/DerbesteWeg-nachgebaut-1024x576.jpg","contentUrl":"https:\/\/angelikaherta.com\/wp-content\/uploads\/2024\/10\/DerbesteWeg-nachgebaut-1024x576.jpg"},{"@type":"BreadcrumbList","@id":"https:\/\/angelikaherta.com\/der-beste-weg-2014-2\/#breadcrumb","itemListElement":[{"@type":"ListItem","position":1,"name":"Startseite","item":"https:\/\/angelikaherta.com\/"},{"@type":"ListItem","position":2,"name":"Der beste Weg \u2013 2014"}]},{"@type":"WebSite","@id":"https:\/\/angelikaherta.com\/#website","url":"https:\/\/angelikaherta.com\/","name":"Angelika Herta","description":"","potentialAction":[{"@type":"SearchAction","target":{"@type":"EntryPoint","urlTemplate":"https:\/\/angelikaherta.com\/?s={search_term_string}"},"query-input":{"@type":"PropertyValueSpecification","valueRequired":true,"valueName":"search_term_string"}}],"inLanguage":"en-GB"}]}},"_links":{"self":[{"href":"https:\/\/angelikaherta.com\/en\/wp-json\/wp\/v2\/pages\/4122","targetHints":{"allow":["GET"]}}],"collection":[{"href":"https:\/\/angelikaherta.com\/en\/wp-json\/wp\/v2\/pages"}],"about":[{"href":"https:\/\/angelikaherta.com\/en\/wp-json\/wp\/v2\/types\/page"}],"author":[{"embeddable":true,"href":"https:\/\/angelikaherta.com\/en\/wp-json\/wp\/v2\/users\/1"}],"replies":[{"embeddable":true,"href":"https:\/\/angelikaherta.com\/en\/wp-json\/wp\/v2\/comments?post=4122"}],"version-history":[{"count":20,"href":"https:\/\/angelikaherta.com\/en\/wp-json\/wp\/v2\/pages\/4122\/revisions"}],"predecessor-version":[{"id":4870,"href":"https:\/\/angelikaherta.com\/en\/wp-json\/wp\/v2\/pages\/4122\/revisions\/4870"}],"wp:attachment":[{"href":"https:\/\/angelikaherta.com\/en\/wp-json\/wp\/v2\/media?parent=4122"}],"curies":[{"name":"wp","href":"https:\/\/api.w.org\/{rel}","templated":true}]}}