{"id":3035,"date":"2024-11-20T13:34:27","date_gmt":"2024-11-20T12:34:27","guid":{"rendered":"https:\/\/angelikaherta.com\/?page_id=3035"},"modified":"2024-12-17T11:13:58","modified_gmt":"2024-12-17T10:13:58","slug":"audiodeskription","status":"publish","type":"page","link":"https:\/\/angelikaherta.com\/en\/audiodeskription\/","title":{"rendered":"Audio Description"},"content":{"rendered":"<p>[et_pb_section fb_built=&#8220;1&#8243; _builder_version=&#8220;4.27.3&#8243; _module_preset=&#8220;default&#8220; background_image=&#8220;https:\/\/angelikaherta.com\/wp-content\/uploads\/2024\/11\/Hintergrund-Audiodeskription-neu.png&#8220; parallax=&#8220;on&#8220; parallax_method=&#8220;off&#8220; positioning=&#8220;absolute&#8220; position_origin_a_tablet=&#8220;&#8220; position_origin_a_phone=&#8220;&#8220; position_origin_a_last_edited=&#8220;on|phone&#8220; position_origin_f_tablet=&#8220;&#8220; position_origin_f_phone=&#8220;&#8220; position_origin_f_last_edited=&#8220;on|tablet&#8220; position_origin_r_tablet=&#8220;&#8220; position_origin_r_phone=&#8220;&#8220; position_origin_r_last_edited=&#8220;on|tablet&#8220; min_height=&#8220;100vh&#8220; custom_padding=&#8220;||47px|||&#8220; background_last_edited=&#8220;on|phone&#8220; background_image_tablet=&#8220;https:\/\/angelikaherta.com\/wp-content\/uploads\/2024\/10\/weisse-Linien-Ipad-neu-1024&#215;576.jpg&#8220; background_enable_image_tablet=&#8220;on&#8220; parallax_tablet=&#8220;off&#8220; parallax_phone=&#8220;off&#8220; positioning_tablet=&#8220;absolute&#8220; positioning_phone=&#8220;relative&#8220; positioning_last_edited=&#8220;on|tablet&#8220; global_colors_info=&#8220;{}&#8220;][et_pb_row _builder_version=&#8220;4.27.3&#8243; _module_preset=&#8220;default&#8220; background_color=&#8220;RGBA(255,255,255,0)&#8220; background_image=&#8220;https:\/\/angelikaherta.com\/wp-content\/uploads\/2024\/11\/Hintergrund-Audiodeskription-Transparenz-1024&#215;576.png&#8220; width=&#8220;45%&#8220; width_tablet=&#8220;45%&#8220; width_phone=&#8220;87%&#8220; width_last_edited=&#8220;on|phone&#8220; custom_margin=&#8220;0px||||false|false&#8220; custom_margin_tablet=&#8220;0px||||false|false&#8220; custom_margin_phone=&#8220;0px||||false|false&#8220; custom_margin_last_edited=&#8220;on|phone&#8220; custom_padding=&#8220;80px||0px|0px|false|false&#8220; global_colors_info=&#8220;{}&#8220;][et_pb_column type=&#8220;4_4&#8243; _builder_version=&#8220;4.27.3&#8243; _module_preset=&#8220;default&#8220; global_colors_info=&#8220;{}&#8220;][et_pb_heading title=&#8220;Audiodeskription&#8220; _builder_version=&#8220;4.27.3&#8243; _module_preset=&#8220;default&#8220; title_font=&#8220;Poppins||||||||&#8220; title_text_align=&#8220;center&#8220; title_text_color=&#8220;#FFFFFF&#8220; global_colors_info=&#8220;{}&#8220;][\/et_pb_heading][et_pb_text _builder_version=&#8220;4.27.4&#8243; _module_preset=&#8220;default&#8220; text_font=&#8220;Poppins||||||||&#8220; text_text_color=&#8220;#FFFFFF&#8220; background_enable_image=&#8220;off&#8220; width=&#8220;75%&#8220; width_tablet=&#8220;75%&#8220; width_phone=&#8220;90%&#8220; width_last_edited=&#8220;on|phone&#8220; module_alignment=&#8220;center&#8220; custom_padding=&#8220;0px|||0px|false|false&#8220; hover_enabled=&#8220;0&#8243; global_colors_info=&#8220;{}&#8220; sticky_enabled=&#8220;0&#8243;]<\/p>\n<p style=\"text-align: center;\">Angelika schloss im April 2024 eine 7-monatige Ausbildung zur professionellen Filmbeschreiberin an der H\u00f6rfilmakademie Berlin in Kooperation mit Nicolai Produktion ab. Seitdem arbeitet sie als selbstst\u00e4ndige H\u00f6rfilmautorin u.a. f\u00fcr AUDIO2 und schreibt Audiodeskriptionen f\u00fcr Filme.<\/p>\n<p style=\"text-align: center;\">Eine Audiodeskription ist die h\u00f6rbare Beschreibung visueller Eindr\u00fccke. Sie erm\u00f6glicht blinden und sehbehinderten Menschen die Teilhabe an einem Film, aber auch eines Theaterst\u00fccks, einer Oper oder den Besuch von Museen und Ausstellungen.<\/p>\n<p style=\"text-align: center;\">Angelika ist Mitglied des H\u00f6rfilm e.V., der Vereinigung deutschsprachiger Filmbeschreiberinnen<br \/>und Filmbeschreiber, die mit ihrer Arbeit sehbehinderten und blinden Menschen den Zugang zu visuellen Medien, Kunst und Kultur erleichtern.<br \/>Angelika bildet sich in kreativer Audiodeskription u.a. am tanzhaus nrw D\u00fcsseldorf weiter. Sie ist Teil einer Gruppe an T\u00e4nzer:innen und sehbehinderten Menschen, die zusammen M\u00f6glichkeiten der kreativen Audiodeskription erforschen.<\/p>\n<p style=\"text-align: center;\">Auch in ihren Arbeiten versucht sie, die \u00c4sthetiken der Barrierefreiheit in der Filmkunst zu erforschen und zu erweitern. In ihrem vielfach ausgezeichneten Kurzfilm \u201cDer beste Weg\u201d ist Barrierefreiheit nicht nachtr\u00e4glich hinzugef\u00fcgt, sondern von Anfang an integraler Bestandteil des k\u00fcnstlerischen Prozesses.<\/p>\n<p>[\/et_pb_text][et_pb_text _builder_version=&#8220;4.27.4&#8243; _module_preset=&#8220;default&#8220; text_font=&#8220;Poppins|600|||||||&#8220; custom_margin=&#8220;||1px||false|false&#8220; link_option_url=&#8220;https:\/\/hoerfilmev.de\/&#8220; link_option_url_new_window=&#8220;on&#8220; hover_enabled=&#8220;0&#8243; global_colors_info=&#8220;{}&#8220; text_text_color__hover_enabled=&#8220;on|hover&#8220; text_text_color__hover=&#8220;#FFFFFF&#8220; text_text_color=&#8220;#bababa&#8220; sticky_enabled=&#8220;0&#8243;]<\/p>\n<p style=\"text-align: right;\">H\u00f6rfilm e.V.<\/p>\n<p>[\/et_pb_text][\/et_pb_column][\/et_pb_row][\/et_pb_section]<\/p>\n","protected":false},"excerpt":{"rendered":"<p>Angelika schloss im April 2024 eine 7-monatige Ausbildung zur professionellen Filmbeschreiberin an der H\u00f6rfilmakademie Berlin in Kooperation mit Nicolai Produktion ab. Seitdem arbeitet sie als selbstst\u00e4ndige H\u00f6rfilmautorin u.a. f\u00fcr AUDIO2 und schreibt Audiodeskriptionen f\u00fcr Filme. Eine Audiodeskription ist die h\u00f6rbare Beschreibung visueller Eindr\u00fccke. Sie erm\u00f6glicht blinden und sehbehinderten Menschen die Teilhabe an einem Film, aber [&hellip;]<\/p>\n","protected":false},"author":1,"featured_media":0,"parent":0,"menu_order":0,"comment_status":"closed","ping_status":"closed","template":"","meta":{"_et_pb_use_builder":"on","_et_pb_old_content":"","_et_gb_content_width":"","footnotes":""},"class_list":["post-3035","page","type-page","status-publish","hentry"],"yoast_head":"<!-- This site is optimized with the Yoast SEO plugin v24.0 - https:\/\/yoast.com\/wordpress\/plugins\/seo\/ -->\n<title>Audiodeskription - Angelika Herta<\/title>\n<meta name=\"robots\" content=\"index, follow, max-snippet:-1, max-image-preview:large, max-video-preview:-1\" \/>\n<link rel=\"canonical\" href=\"https:\/\/angelikaherta.com\/en\/audiodeskription\/\" \/>\n<meta property=\"og:locale\" content=\"en_GB\" \/>\n<meta property=\"og:type\" content=\"article\" \/>\n<meta property=\"og:title\" content=\"Audiodeskription - Angelika Herta\" \/>\n<meta property=\"og:description\" content=\"Angelika schloss im April 2024 eine 7-monatige Ausbildung zur professionellen Filmbeschreiberin an der H\u00f6rfilmakademie Berlin in Kooperation mit Nicolai Produktion ab. Seitdem arbeitet sie als selbstst\u00e4ndige H\u00f6rfilmautorin u.a. f\u00fcr AUDIO2 und schreibt Audiodeskriptionen f\u00fcr Filme. Eine Audiodeskription ist die h\u00f6rbare Beschreibung visueller Eindr\u00fccke. Sie erm\u00f6glicht blinden und sehbehinderten Menschen die Teilhabe an einem Film, aber [&hellip;]\" \/>\n<meta property=\"og:url\" content=\"https:\/\/angelikaherta.com\/en\/audiodeskription\/\" \/>\n<meta property=\"og:site_name\" content=\"Angelika Herta\" \/>\n<meta property=\"article:publisher\" content=\"https:\/\/www.facebook.com\/undjetztBobkowski\/\" \/>\n<meta property=\"article:modified_time\" content=\"2024-12-17T10:13:58+00:00\" \/>\n<meta name=\"twitter:card\" content=\"summary_large_image\" \/>\n<meta name=\"twitter:label1\" content=\"Estimated reading time\" \/>\n\t<meta name=\"twitter:data1\" content=\"3 minutes\" \/>\n<script type=\"application\/ld+json\" class=\"yoast-schema-graph\">{\"@context\":\"https:\/\/schema.org\",\"@graph\":[{\"@type\":\"WebPage\",\"@id\":\"https:\/\/angelikaherta.com\/audiodeskription\/\",\"url\":\"https:\/\/angelikaherta.com\/audiodeskription\/\",\"name\":\"Audiodeskription - Angelika Herta\",\"isPartOf\":{\"@id\":\"https:\/\/angelikaherta.com\/#website\"},\"datePublished\":\"2024-11-20T12:34:27+00:00\",\"dateModified\":\"2024-12-17T10:13:58+00:00\",\"breadcrumb\":{\"@id\":\"https:\/\/angelikaherta.com\/audiodeskription\/#breadcrumb\"},\"inLanguage\":\"en-GB\",\"potentialAction\":[{\"@type\":\"ReadAction\",\"target\":[\"https:\/\/angelikaherta.com\/audiodeskription\/\"]}]},{\"@type\":\"BreadcrumbList\",\"@id\":\"https:\/\/angelikaherta.com\/audiodeskription\/#breadcrumb\",\"itemListElement\":[{\"@type\":\"ListItem\",\"position\":1,\"name\":\"Startseite\",\"item\":\"https:\/\/angelikaherta.com\/\"},{\"@type\":\"ListItem\",\"position\":2,\"name\":\"Audiodeskription\"}]},{\"@type\":\"WebSite\",\"@id\":\"https:\/\/angelikaherta.com\/#website\",\"url\":\"https:\/\/angelikaherta.com\/\",\"name\":\"Angelika Herta\",\"description\":\"\",\"potentialAction\":[{\"@type\":\"SearchAction\",\"target\":{\"@type\":\"EntryPoint\",\"urlTemplate\":\"https:\/\/angelikaherta.com\/?s={search_term_string}\"},\"query-input\":{\"@type\":\"PropertyValueSpecification\",\"valueRequired\":true,\"valueName\":\"search_term_string\"}}],\"inLanguage\":\"en-GB\"}]}<\/script>\n<!-- \/ Yoast SEO plugin. -->","yoast_head_json":{"title":"Audiodeskription - Angelika Herta","robots":{"index":"index","follow":"follow","max-snippet":"max-snippet:-1","max-image-preview":"max-image-preview:large","max-video-preview":"max-video-preview:-1"},"canonical":"https:\/\/angelikaherta.com\/en\/audiodeskription\/","og_locale":"en_GB","og_type":"article","og_title":"Audiodeskription - Angelika Herta","og_description":"Angelika schloss im April 2024 eine 7-monatige Ausbildung zur professionellen Filmbeschreiberin an der H\u00f6rfilmakademie Berlin in Kooperation mit Nicolai Produktion ab. Seitdem arbeitet sie als selbstst\u00e4ndige H\u00f6rfilmautorin u.a. f\u00fcr AUDIO2 und schreibt Audiodeskriptionen f\u00fcr Filme. Eine Audiodeskription ist die h\u00f6rbare Beschreibung visueller Eindr\u00fccke. Sie erm\u00f6glicht blinden und sehbehinderten Menschen die Teilhabe an einem Film, aber [&hellip;]","og_url":"https:\/\/angelikaherta.com\/en\/audiodeskription\/","og_site_name":"Angelika Herta","article_publisher":"https:\/\/www.facebook.com\/undjetztBobkowski\/","article_modified_time":"2024-12-17T10:13:58+00:00","twitter_card":"summary_large_image","twitter_misc":{"Estimated reading time":"3 minutes"},"schema":{"@context":"https:\/\/schema.org","@graph":[{"@type":"WebPage","@id":"https:\/\/angelikaherta.com\/audiodeskription\/","url":"https:\/\/angelikaherta.com\/audiodeskription\/","name":"Audiodeskription - Angelika Herta","isPartOf":{"@id":"https:\/\/angelikaherta.com\/#website"},"datePublished":"2024-11-20T12:34:27+00:00","dateModified":"2024-12-17T10:13:58+00:00","breadcrumb":{"@id":"https:\/\/angelikaherta.com\/audiodeskription\/#breadcrumb"},"inLanguage":"en-GB","potentialAction":[{"@type":"ReadAction","target":["https:\/\/angelikaherta.com\/audiodeskription\/"]}]},{"@type":"BreadcrumbList","@id":"https:\/\/angelikaherta.com\/audiodeskription\/#breadcrumb","itemListElement":[{"@type":"ListItem","position":1,"name":"Startseite","item":"https:\/\/angelikaherta.com\/"},{"@type":"ListItem","position":2,"name":"Audiodeskription"}]},{"@type":"WebSite","@id":"https:\/\/angelikaherta.com\/#website","url":"https:\/\/angelikaherta.com\/","name":"Angelika Herta","description":"","potentialAction":[{"@type":"SearchAction","target":{"@type":"EntryPoint","urlTemplate":"https:\/\/angelikaherta.com\/?s={search_term_string}"},"query-input":{"@type":"PropertyValueSpecification","valueRequired":true,"valueName":"search_term_string"}}],"inLanguage":"en-GB"}]}},"_links":{"self":[{"href":"https:\/\/angelikaherta.com\/en\/wp-json\/wp\/v2\/pages\/3035","targetHints":{"allow":["GET"]}}],"collection":[{"href":"https:\/\/angelikaherta.com\/en\/wp-json\/wp\/v2\/pages"}],"about":[{"href":"https:\/\/angelikaherta.com\/en\/wp-json\/wp\/v2\/types\/page"}],"author":[{"embeddable":true,"href":"https:\/\/angelikaherta.com\/en\/wp-json\/wp\/v2\/users\/1"}],"replies":[{"embeddable":true,"href":"https:\/\/angelikaherta.com\/en\/wp-json\/wp\/v2\/comments?post=3035"}],"version-history":[{"count":18,"href":"https:\/\/angelikaherta.com\/en\/wp-json\/wp\/v2\/pages\/3035\/revisions"}],"predecessor-version":[{"id":4824,"href":"https:\/\/angelikaherta.com\/en\/wp-json\/wp\/v2\/pages\/3035\/revisions\/4824"}],"wp:attachment":[{"href":"https:\/\/angelikaherta.com\/en\/wp-json\/wp\/v2\/media?parent=3035"}],"curies":[{"name":"wp","href":"https:\/\/api.w.org\/{rel}","templated":true}]}}