{"id":1276,"date":"2024-10-11T10:45:59","date_gmt":"2024-10-11T08:45:59","guid":{"rendered":"http:\/\/angelikaherta.com\/?page_id=1276"},"modified":"2025-06-05T11:11:30","modified_gmt":"2025-06-05T09:11:30","slug":"the-calling","status":"publish","type":"page","link":"https:\/\/angelikaherta.com\/en\/the-calling\/","title":{"rendered":"The Calling \u2013 2023"},"content":{"rendered":"<p>[et_pb_section fb_built=&#8220;1&#8243; fullwidth=&#8220;on&#8220; _builder_version=&#8220;4.27.3&#8243; _module_preset=&#8220;default&#8220; background_color=&#8220;RGBA(255,255,255,0)&#8220; positioning=&#8220;absolute&#8220; global_colors_info=&#8220;{}&#8220;][et_pb_fullwidth_menu menu_id=&#8220;19&#8243; active_link_color=&#8220;#FFFFFF&#8220; dropdown_menu_bg_color=&#8220;RGBA(255,255,255,0)&#8220; dropdown_menu_line_color=&#8220;RGBA(255,255,255,0)&#8220; dropdown_menu_text_color=&#8220;#c9c9c9&#8243; dropdown_menu_active_link_color=&#8220;#FFFFFF&#8220; mobile_menu_bg_color=&#8220;#000000&#8243; mobile_menu_text_color=&#8220;#FFFFFF&#8220; logo=&#8220;https:\/\/angelikaherta.com\/wp-content\/uploads\/2024\/10\/Logo-roter-Punkt-1.jpg&#8220; logo_url=&#8220;www.angelikaherta.com&#8220; disabled_on=&#8220;off|off|off&#8220; module_class=&#8220;vertical-menu&#8220; _builder_version=&#8220;4.27.4&#8243; _module_preset=&#8220;default&#8220; menu_font=&#8220;Poppins|700|||||||&#8220; menu_text_color=&#8220;#cccccc&#8220; menu_font_size=&#8220;17px&#8220; background_color=&#8220;RGBA(255,255,255,0)&#8220; positioning=&#8220;fixed&#8220; position_origin_a_tablet=&#8220;&#8220; position_origin_a_phone=&#8220;&#8220; position_origin_a_last_edited=&#8220;on|desktop&#8220; position_origin_f_tablet=&#8220;&#8220; position_origin_f_phone=&#8220;&#8220; position_origin_f_last_edited=&#8220;on|desktop&#8220; position_origin_r_tablet=&#8220;&#8220; position_origin_r_phone=&#8220;&#8220; position_origin_r_last_edited=&#8220;on|desktop&#8220; width=&#8220;100%&#8220; custom_padding=&#8220;0px|327px|0px|0px|false|false&#8220; positioning_tablet=&#8220;fixed&#8220; positioning_phone=&#8220;fixed&#8220; positioning_last_edited=&#8220;on|desktop&#8220; global_colors_info=&#8220;{}&#8220;][\/et_pb_fullwidth_menu][\/et_pb_section][et_pb_section fb_built=&#8220;1&#8243; _builder_version=&#8220;4.27.3&#8243; _module_preset=&#8220;default&#8220; background_image=&#8220;https:\/\/angelikaherta.com\/wp-content\/uploads\/2024\/11\/Hintergrund-1.png&#8220; parallax=&#8220;on&#8220; parallax_method=&#8220;off&#8220; positioning=&#8220;absolute&#8220; position_origin_a_tablet=&#8220;&#8220; position_origin_a_phone=&#8220;&#8220; position_origin_a_last_edited=&#8220;on|phone&#8220; position_origin_f_tablet=&#8220;&#8220; position_origin_f_phone=&#8220;&#8220; position_origin_f_last_edited=&#8220;on|tablet&#8220; position_origin_r_tablet=&#8220;&#8220; position_origin_r_phone=&#8220;&#8220; position_origin_r_last_edited=&#8220;on|tablet&#8220; min_height=&#8220;100vh&#8220; background_last_edited=&#8220;on|phone&#8220; background_image_tablet=&#8220;https:\/\/angelikaherta.com\/wp-content\/uploads\/2024\/10\/weisse-Linien-Ipad-neu-1024&#215;576.jpg&#8220; background_image_phone=&#8220;https:\/\/angelikaherta.com\/wp-content\/uploads\/2024\/12\/Hintergrund-mobil-thecalling.png&#8220; background_enable_image_tablet=&#8220;on&#8220; background_enable_image_phone=&#8220;on&#8220; parallax_tablet=&#8220;off&#8220; parallax_phone=&#8220;off&#8220; positioning_tablet=&#8220;absolute&#8220; positioning_phone=&#8220;relative&#8220; positioning_last_edited=&#8220;on|tablet&#8220; global_colors_info=&#8220;{}&#8220;][et_pb_row _builder_version=&#8220;4.27.2&#8243; _module_preset=&#8220;default&#8220; global_colors_info=&#8220;{}&#8220;][et_pb_column type=&#8220;4_4&#8243; _builder_version=&#8220;4.27.2&#8243; _module_preset=&#8220;default&#8220; global_colors_info=&#8220;{}&#8220;][et_pb_slider show_image_video_mobile=&#8220;on&#8220; disabled_on=&#8220;on|on|off&#8220; _builder_version=&#8220;4.27.4&#8243; _module_preset=&#8220;default&#8220; background_color=&#8220;RGBA(255,255,255,0)&#8220; global_colors_info=&#8220;{}&#8220;][et_pb_slide _builder_version=&#8220;4.27.4&#8243; _module_preset=&#8220;default&#8220; global_colors_info=&#8220;{}&#8220; sticky_transition=&#8220;on&#8220;]<\/p>\n<p><img loading=\"lazy\" decoding=\"async\" src=\"https:\/\/angelikaherta.com\/wp-content\/uploads\/2024\/12\/01_Kuh01-1024x596.png\" width=\"1024\" height=\"596\" alt=\"Nachts blickt eine wei\u00dfe Kuh in ein Feuer.\" class=\"wp-image-4794 aligncenter size-large\" srcset=\"https:\/\/angelikaherta.com\/wp-content\/uploads\/2024\/12\/01_Kuh01-980x570.png 980w, https:\/\/angelikaherta.com\/wp-content\/uploads\/2024\/12\/01_Kuh01-480x279.png 480w\" sizes=\"(min-width: 0px) and (max-width: 480px) 480px, (min-width: 481px) and (max-width: 980px) 980px, (min-width: 981px) 1024px, 100vw\" \/><\/p>\n<p>[\/et_pb_slide][et_pb_slide _builder_version=&#8220;4.27.4&#8243; _module_preset=&#8220;default&#8220; global_colors_info=&#8220;{}&#8220; sticky_transition=&#8220;on&#8220;]<\/p>\n<p><img loading=\"lazy\" decoding=\"async\" src=\"https:\/\/angelikaherta.com\/wp-content\/uploads\/2024\/12\/02_Text-1024x612.png\" width=\"1024\" height=\"612\" alt=\"Ein Text in Estonisch, Englisch und Russisch: Forget sleep and remember the herd!\" class=\"wp-image-4795 aligncenter size-large\" srcset=\"https:\/\/angelikaherta.com\/wp-content\/uploads\/2024\/12\/02_Text-980x586.png 980w, https:\/\/angelikaherta.com\/wp-content\/uploads\/2024\/12\/02_Text-480x287.png 480w\" sizes=\"(min-width: 0px) and (max-width: 480px) 480px, (min-width: 481px) and (max-width: 980px) 980px, (min-width: 981px) 1024px, 100vw\" \/><\/p>\n<p>[\/et_pb_slide][et_pb_slide _builder_version=&#8220;4.27.4&#8243; _module_preset=&#8220;default&#8220; global_colors_info=&#8220;{}&#8220; sticky_transition=&#8220;on&#8220;]<\/p>\n<p><img loading=\"lazy\" decoding=\"async\" src=\"https:\/\/angelikaherta.com\/wp-content\/uploads\/2024\/12\/01_Variante_Kuh02-1024x599.png\" width=\"1024\" height=\"599\" alt=\"Nachts starrt eine schwarz-wei\u00dfe Kuh in eine Lichtquelle, die sie erleuchtet.\" class=\"wp-image-4798 aligncenter size-large\" srcset=\"https:\/\/angelikaherta.com\/wp-content\/uploads\/2024\/12\/01_Variante_Kuh02-980x573.png 980w, https:\/\/angelikaherta.com\/wp-content\/uploads\/2024\/12\/01_Variante_Kuh02-480x281.png 480w\" sizes=\"(min-width: 0px) and (max-width: 480px) 480px, (min-width: 481px) and (max-width: 980px) 980px, (min-width: 981px) 1024px, 100vw\" \/><\/p>\n<p>[\/et_pb_slide][et_pb_slide content_tablet=&#8220;<\/p>\n<p><img src=%22https:\/\/angelikaherta.com\/wp-content\/uploads\/2024\/11\/MG_4151_Kutse_KHgalerii_Aken_2023_photo_\u00a9Paul_Kuimet-1024x683.jpg%22 width=%221024%22 height=%22683%22 alt=%22%22 class=%22wp-image-1835 alignnone size-large%22 \/><\/p>\n<p>&#8220; content_phone=&#8220;<\/p>\n<p><img src=%22https:\/\/angelikaherta.com\/wp-content\/uploads\/2024\/09\/Wir_Tiere_01_\u00a9FilipJacobson-1024x576.jpg%22 width=%221024%22 height=%22576%22 alt=%22%22 class=%22wp-image-245 alignnone size-large%22 \/><\/p>\n<p>&#8220; content_last_edited=&#8220;on|phone&#8220; _builder_version=&#8220;4.27.4&#8243; _module_preset=&#8220;default&#8220; global_colors_info=&#8220;{}&#8220; sticky_transition=&#8220;on&#8220;]<\/p>\n<p><img loading=\"lazy\" decoding=\"async\" src=\"https:\/\/angelikaherta.com\/wp-content\/uploads\/2024\/11\/MG_4151_Kutse_KHgalerii_Aken_2023_photo_\u00a9Paul_Kuimet-1024x683.jpg\" width=\"1024\" height=\"683\" alt=\"Installationsansicht von \u201cThe Calling\u201d mit zwei Bildschirmen im Schaufenster einer Galerie.\" class=\"wp-image-1835 alignnone size-large\" srcset=\"https:\/\/angelikaherta.com\/wp-content\/uploads\/2024\/11\/MG_4151_Kutse_KHgalerii_Aken_2023_photo_\u00a9Paul_Kuimet-1024x683.jpg 1024w, https:\/\/angelikaherta.com\/wp-content\/uploads\/2024\/11\/MG_4151_Kutse_KHgalerii_Aken_2023_photo_\u00a9Paul_Kuimet-300x200.jpg 300w, https:\/\/angelikaherta.com\/wp-content\/uploads\/2024\/11\/MG_4151_Kutse_KHgalerii_Aken_2023_photo_\u00a9Paul_Kuimet-768x512.jpg 768w, https:\/\/angelikaherta.com\/wp-content\/uploads\/2024\/11\/MG_4151_Kutse_KHgalerii_Aken_2023_photo_\u00a9Paul_Kuimet-1536x1024.jpg 1536w, https:\/\/angelikaherta.com\/wp-content\/uploads\/2024\/11\/MG_4151_Kutse_KHgalerii_Aken_2023_photo_\u00a9Paul_Kuimet-2048x1365.jpg 2048w, https:\/\/angelikaherta.com\/wp-content\/uploads\/2024\/11\/MG_4151_Kutse_KHgalerii_Aken_2023_photo_\u00a9Paul_Kuimet-18x12.jpg 18w, https:\/\/angelikaherta.com\/wp-content\/uploads\/2024\/11\/MG_4151_Kutse_KHgalerii_Aken_2023_photo_\u00a9Paul_Kuimet-1080x720.jpg 1080w, https:\/\/angelikaherta.com\/wp-content\/uploads\/2024\/11\/MG_4151_Kutse_KHgalerii_Aken_2023_photo_\u00a9Paul_Kuimet-1280x853.jpg 1280w, https:\/\/angelikaherta.com\/wp-content\/uploads\/2024\/11\/MG_4151_Kutse_KHgalerii_Aken_2023_photo_\u00a9Paul_Kuimet-980x653.jpg 980w, https:\/\/angelikaherta.com\/wp-content\/uploads\/2024\/11\/MG_4151_Kutse_KHgalerii_Aken_2023_photo_\u00a9Paul_Kuimet-480x320.jpg 480w\" sizes=\"(max-width: 1024px) 100vw, 1024px\" \/><\/p>\n<p>[\/et_pb_slide][\/et_pb_slider][et_pb_image src=&#8220;https:\/\/angelikaherta.com\/wp-content\/uploads\/2024\/10\/The_Calling_\u00a9AngelikaHerta_Vorschaubild-klein.jpg&#8220; alt=&#8220;Eine junge Frau liegt mit geschlossenen Augen im Gras. Drei G\u00e4nse zupfen an ihren Haaren.&#8220; align=&#8220;center&#8220; disabled_on=&#8220;off|off|on&#8220; _builder_version=&#8220;4.27.4&#8243; _module_preset=&#8220;default&#8220; custom_margin=&#8220;0px||||false|false&#8220; custom_padding=&#8220;80px||||false|false&#8220; global_colors_info=&#8220;{}&#8220;][\/et_pb_image][et_pb_heading title=&#8220;THE CALLING&#8220; admin_label=&#8220;\u00dcberschrift H1&#8243; _builder_version=&#8220;4.27.3&#8243; _module_preset=&#8220;default&#8220; title_font=&#8220;|600|||||||&#8220; title_text_align=&#8220;center&#8220; title_text_color=&#8220;#d8d8d8&#8243; global_colors_info=&#8220;{}&#8220;][\/et_pb_heading][et_pb_heading title=&#8220; Videoinstallation, Deutschland\/Estland, 2023 \u2013 Farbe, Stereo&#8220; _builder_version=&#8220;4.27.4&#8243; _module_preset=&#8220;default&#8220; title_level=&#8220;h2&#8243; title_font=&#8220;|600|||||||&#8220; title_text_align=&#8220;center&#8220; title_text_color=&#8220;#d3d3d3&#8243; title_font_size=&#8220;17px&#8220; title_line_height=&#8220;1.4em&#8220; width=&#8220;60%&#8220; width_tablet=&#8220;60%&#8220; width_phone=&#8220;90%&#8220; width_last_edited=&#8220;on|desktop&#8220; module_alignment=&#8220;center&#8220; global_colors_info=&#8220;{}&#8220;][\/et_pb_heading][et_pb_text _builder_version=&#8220;4.27.4&#8243; _module_preset=&#8220;default&#8220; text_text_color=&#8220;#c9c9c9&#8243; width=&#8220;60%&#8220; width_tablet=&#8220;60%&#8220; width_phone=&#8220;90%&#8220; width_last_edited=&#8220;on|phone&#8220; max_width_tablet=&#8220;55%&#8220; max_width_phone=&#8220;100%&#8220; max_width_last_edited=&#8220;on|desktop&#8220; module_alignment=&#8220;center&#8220; hover_enabled=&#8220;0&#8243; global_colors_info=&#8220;{}&#8220; sticky_enabled=&#8220;0&#8243;]<\/p>\n<p style=\"text-align: center;\">Die Videoinstallation \u201eThe Calling\u201c verwebt Rufe, Lieder, Zauberspr\u00fcche und Beschw\u00f6rungen, die f\u00fcr Nutztiere verwendet wurden, mit Filmaufnahmen von jungen Frauen, die mit geretteten Nutztieren zusammenleben.<\/p>\n<p style=\"text-align: center;\"><em>\u201eFr\u00fcher, wenn man Ochsen das Pfl\u00fcgen beibrachte, schnitt der Pfl\u00fcger eine Locke seines Haares ab und machte damit drei Kreise um den Kopf des Ochsen, dabei sagte er: &#8222;Du sollst so sein wie ich. Dann war der Ochse so weise wie der Mann.\u201c<\/em><br \/>(Text aus Buch \u201cEesti Loitsud&#8220; von Mare Koiva)<\/p>\n<p style=\"text-align: center;\">Diese Arbeit entstand im Rahmen des Artist-in-Residence-Programms \u201eThe Art of Being Good\u201c\u00a0 der Tallinn Art Hall 2023, unterst\u00fctzt vom Goethe-Institut Estland und dem Estnischen Folklorearchiv in Tartu.<\/p>\n<p style=\"text-align: center;\"><strong>Screening<br \/><\/strong>Art Hall Gallery, Tallinn, 2023<strong><br \/><\/strong><\/p>\n<p><em> <\/em><\/p>\n<p><em><\/em><\/p>\n<p>[\/et_pb_text][\/et_pb_column][\/et_pb_row][\/et_pb_section]<\/p>\n","protected":false},"excerpt":{"rendered":"<p>Die Videoinstallation \u201eThe Calling\u201c verwebt Rufe, Lieder, Zauberspr\u00fcche und Beschw\u00f6rungen, die f\u00fcr Nutztiere verwendet wurden, mit Filmaufnahmen von jungen Frauen, die mit geretteten Nutztieren zusammenleben. \u201eFr\u00fcher, wenn man Ochsen das Pfl\u00fcgen beibrachte, schnitt der Pfl\u00fcger eine Locke seines Haares ab und machte damit drei Kreise um den Kopf des Ochsen, dabei sagte er: &#8222;Du sollst [&hellip;]<\/p>\n","protected":false},"author":1,"featured_media":0,"parent":0,"menu_order":0,"comment_status":"closed","ping_status":"closed","template":"","meta":{"_et_pb_use_builder":"on","_et_pb_old_content":"","_et_gb_content_width":"","footnotes":""},"class_list":["post-1276","page","type-page","status-publish","hentry"],"yoast_head":"<!-- This site is optimized with the Yoast SEO plugin v24.0 - https:\/\/yoast.com\/wordpress\/plugins\/seo\/ -->\n<title>The Calling \u2013 2023 - Angelika Herta<\/title>\n<meta name=\"robots\" content=\"index, follow, max-snippet:-1, max-image-preview:large, max-video-preview:-1\" \/>\n<link rel=\"canonical\" href=\"https:\/\/angelikaherta.com\/en\/the-calling\/\" \/>\n<meta property=\"og:locale\" content=\"en_GB\" \/>\n<meta property=\"og:type\" content=\"article\" \/>\n<meta property=\"og:title\" content=\"The Calling \u2013 2023 - Angelika Herta\" \/>\n<meta property=\"og:description\" content=\"Die Videoinstallation \u201eThe Calling\u201c verwebt Rufe, Lieder, Zauberspr\u00fcche und Beschw\u00f6rungen, die f\u00fcr Nutztiere verwendet wurden, mit Filmaufnahmen von jungen Frauen, die mit geretteten Nutztieren zusammenleben. \u201eFr\u00fcher, wenn man Ochsen das Pfl\u00fcgen beibrachte, schnitt der Pfl\u00fcger eine Locke seines Haares ab und machte damit drei Kreise um den Kopf des Ochsen, dabei sagte er: &quot;Du sollst [&hellip;]\" \/>\n<meta property=\"og:url\" content=\"https:\/\/angelikaherta.com\/en\/the-calling\/\" \/>\n<meta property=\"og:site_name\" content=\"Angelika Herta\" \/>\n<meta property=\"article:publisher\" content=\"https:\/\/www.facebook.com\/undjetztBobkowski\/\" \/>\n<meta property=\"article:modified_time\" content=\"2025-06-05T09:11:30+00:00\" \/>\n<meta property=\"og:image\" content=\"https:\/\/angelikaherta.com\/wp-content\/uploads\/2024\/12\/01_Kuh01-1024x596.png\" \/>\n<meta name=\"twitter:card\" content=\"summary_large_image\" \/>\n<meta name=\"twitter:label1\" content=\"Estimated reading time\" \/>\n\t<meta name=\"twitter:data1\" content=\"4 minutes\" \/>\n<script type=\"application\/ld+json\" class=\"yoast-schema-graph\">{\"@context\":\"https:\/\/schema.org\",\"@graph\":[{\"@type\":\"WebPage\",\"@id\":\"https:\/\/angelikaherta.com\/the-calling\/\",\"url\":\"https:\/\/angelikaherta.com\/the-calling\/\",\"name\":\"The Calling \u2013 2023 - Angelika Herta\",\"isPartOf\":{\"@id\":\"https:\/\/angelikaherta.com\/#website\"},\"primaryImageOfPage\":{\"@id\":\"https:\/\/angelikaherta.com\/the-calling\/#primaryimage\"},\"image\":{\"@id\":\"https:\/\/angelikaherta.com\/the-calling\/#primaryimage\"},\"thumbnailUrl\":\"https:\/\/angelikaherta.com\/wp-content\/uploads\/2024\/12\/01_Kuh01-1024x596.png\",\"datePublished\":\"2024-10-11T08:45:59+00:00\",\"dateModified\":\"2025-06-05T09:11:30+00:00\",\"breadcrumb\":{\"@id\":\"https:\/\/angelikaherta.com\/the-calling\/#breadcrumb\"},\"inLanguage\":\"en-GB\",\"potentialAction\":[{\"@type\":\"ReadAction\",\"target\":[\"https:\/\/angelikaherta.com\/the-calling\/\"]}]},{\"@type\":\"ImageObject\",\"inLanguage\":\"en-GB\",\"@id\":\"https:\/\/angelikaherta.com\/the-calling\/#primaryimage\",\"url\":\"https:\/\/angelikaherta.com\/wp-content\/uploads\/2024\/12\/01_Kuh01-1024x596.png\",\"contentUrl\":\"https:\/\/angelikaherta.com\/wp-content\/uploads\/2024\/12\/01_Kuh01-1024x596.png\"},{\"@type\":\"BreadcrumbList\",\"@id\":\"https:\/\/angelikaherta.com\/the-calling\/#breadcrumb\",\"itemListElement\":[{\"@type\":\"ListItem\",\"position\":1,\"name\":\"Startseite\",\"item\":\"https:\/\/angelikaherta.com\/\"},{\"@type\":\"ListItem\",\"position\":2,\"name\":\"The Calling \u2013 2023\"}]},{\"@type\":\"WebSite\",\"@id\":\"https:\/\/angelikaherta.com\/#website\",\"url\":\"https:\/\/angelikaherta.com\/\",\"name\":\"Angelika Herta\",\"description\":\"\",\"potentialAction\":[{\"@type\":\"SearchAction\",\"target\":{\"@type\":\"EntryPoint\",\"urlTemplate\":\"https:\/\/angelikaherta.com\/?s={search_term_string}\"},\"query-input\":{\"@type\":\"PropertyValueSpecification\",\"valueRequired\":true,\"valueName\":\"search_term_string\"}}],\"inLanguage\":\"en-GB\"}]}<\/script>\n<!-- \/ Yoast SEO plugin. -->","yoast_head_json":{"title":"The Calling \u2013 2023 - Angelika Herta","robots":{"index":"index","follow":"follow","max-snippet":"max-snippet:-1","max-image-preview":"max-image-preview:large","max-video-preview":"max-video-preview:-1"},"canonical":"https:\/\/angelikaherta.com\/en\/the-calling\/","og_locale":"en_GB","og_type":"article","og_title":"The Calling \u2013 2023 - Angelika Herta","og_description":"Die Videoinstallation \u201eThe Calling\u201c verwebt Rufe, Lieder, Zauberspr\u00fcche und Beschw\u00f6rungen, die f\u00fcr Nutztiere verwendet wurden, mit Filmaufnahmen von jungen Frauen, die mit geretteten Nutztieren zusammenleben. \u201eFr\u00fcher, wenn man Ochsen das Pfl\u00fcgen beibrachte, schnitt der Pfl\u00fcger eine Locke seines Haares ab und machte damit drei Kreise um den Kopf des Ochsen, dabei sagte er: \"Du sollst [&hellip;]","og_url":"https:\/\/angelikaherta.com\/en\/the-calling\/","og_site_name":"Angelika Herta","article_publisher":"https:\/\/www.facebook.com\/undjetztBobkowski\/","article_modified_time":"2025-06-05T09:11:30+00:00","og_image":[{"url":"https:\/\/angelikaherta.com\/wp-content\/uploads\/2024\/12\/01_Kuh01-1024x596.png","type":"","width":"","height":""}],"twitter_card":"summary_large_image","twitter_misc":{"Estimated reading time":"4 minutes"},"schema":{"@context":"https:\/\/schema.org","@graph":[{"@type":"WebPage","@id":"https:\/\/angelikaherta.com\/the-calling\/","url":"https:\/\/angelikaherta.com\/the-calling\/","name":"The Calling \u2013 2023 - Angelika Herta","isPartOf":{"@id":"https:\/\/angelikaherta.com\/#website"},"primaryImageOfPage":{"@id":"https:\/\/angelikaherta.com\/the-calling\/#primaryimage"},"image":{"@id":"https:\/\/angelikaherta.com\/the-calling\/#primaryimage"},"thumbnailUrl":"https:\/\/angelikaherta.com\/wp-content\/uploads\/2024\/12\/01_Kuh01-1024x596.png","datePublished":"2024-10-11T08:45:59+00:00","dateModified":"2025-06-05T09:11:30+00:00","breadcrumb":{"@id":"https:\/\/angelikaherta.com\/the-calling\/#breadcrumb"},"inLanguage":"en-GB","potentialAction":[{"@type":"ReadAction","target":["https:\/\/angelikaherta.com\/the-calling\/"]}]},{"@type":"ImageObject","inLanguage":"en-GB","@id":"https:\/\/angelikaherta.com\/the-calling\/#primaryimage","url":"https:\/\/angelikaherta.com\/wp-content\/uploads\/2024\/12\/01_Kuh01-1024x596.png","contentUrl":"https:\/\/angelikaherta.com\/wp-content\/uploads\/2024\/12\/01_Kuh01-1024x596.png"},{"@type":"BreadcrumbList","@id":"https:\/\/angelikaherta.com\/the-calling\/#breadcrumb","itemListElement":[{"@type":"ListItem","position":1,"name":"Startseite","item":"https:\/\/angelikaherta.com\/"},{"@type":"ListItem","position":2,"name":"The Calling \u2013 2023"}]},{"@type":"WebSite","@id":"https:\/\/angelikaherta.com\/#website","url":"https:\/\/angelikaherta.com\/","name":"Angelika Herta","description":"","potentialAction":[{"@type":"SearchAction","target":{"@type":"EntryPoint","urlTemplate":"https:\/\/angelikaherta.com\/?s={search_term_string}"},"query-input":{"@type":"PropertyValueSpecification","valueRequired":true,"valueName":"search_term_string"}}],"inLanguage":"en-GB"}]}},"_links":{"self":[{"href":"https:\/\/angelikaherta.com\/en\/wp-json\/wp\/v2\/pages\/1276","targetHints":{"allow":["GET"]}}],"collection":[{"href":"https:\/\/angelikaherta.com\/en\/wp-json\/wp\/v2\/pages"}],"about":[{"href":"https:\/\/angelikaherta.com\/en\/wp-json\/wp\/v2\/types\/page"}],"author":[{"embeddable":true,"href":"https:\/\/angelikaherta.com\/en\/wp-json\/wp\/v2\/users\/1"}],"replies":[{"embeddable":true,"href":"https:\/\/angelikaherta.com\/en\/wp-json\/wp\/v2\/comments?post=1276"}],"version-history":[{"count":43,"href":"https:\/\/angelikaherta.com\/en\/wp-json\/wp\/v2\/pages\/1276\/revisions"}],"predecessor-version":[{"id":4858,"href":"https:\/\/angelikaherta.com\/en\/wp-json\/wp\/v2\/pages\/1276\/revisions\/4858"}],"wp:attachment":[{"href":"https:\/\/angelikaherta.com\/en\/wp-json\/wp\/v2\/media?parent=1276"}],"curies":[{"name":"wp","href":"https:\/\/api.w.org\/{rel}","templated":true}]}}